{"id":206,"date":"2018-09-22T22:12:26","date_gmt":"2018-09-22T19:12:26","guid":{"rendered":"https:\/\/ort.fi\/taipale\/?page_id=206"},"modified":"2020-12-24T22:23:06","modified_gmt":"2020-12-24T20:23:06","slug":"miestenpiiri","status":"publish","type":"page","link":"https:\/\/ort.fi\/taipale\/toimintaa\/toimintapiirit\/miestenpiiri\/","title":{"rendered":"Miestenpiiri"},"content":{"rendered":"<p><strong>Miestenpiiri &#8217;Taipaleen miehet&#8217;<\/strong><\/p>\n<p>Seurakunnan miestenpiiri \u201cTaipaleen miehet\u201d kokoontuu noin kerran kuukaudessa, tarpeen mukaan useamminkin. Kokoontumisaika ja \u2013paikka vaihtelevat ohjelman mukaan. Kaikenik\u00e4isille miehille avoin piiri yhdist\u00e4\u00e4 ohjelmassaan tarpeellista talkootoimintaa ja virkist\u00e4v\u00e4\u00e4 virikett\u00e4. Iloa ammennetaan hyv\u00e4st\u00e4 yhteishengest\u00e4, rennosta meiningist\u00e4 ja ennen kaikkea avun antamisesta. Piiri ottaa mielell\u00e4\u00e4n vastaan talkooavun pyynt\u00f6j\u00e4 seurakuntalaisilta \u2013 tai kenelt\u00e4 hyv\u00e4ns\u00e4 tarvitsevalta. Jos askare on sellainen, ett\u00e4 miehen ylip\u00e4\u00e4t\u00e4\u00e4n uskaltaa laskea asialle \u2013 Taipaleen miehet ovat k\u00e4ytett\u00e4viss\u00e4!<\/p>\n<p>Liity piirin tiedotuslistalle ja seuraa my\u00f6s ilmoittelua seurakunnan nettisivuilta ja paikallislehtien seurakuntailmoituksista. Tervetuloa joukkoomme!<br \/>\n&nbsp; &nbsp;<\/p>\n","protected":false},"excerpt":{"rendered":"<p>Miestenpiiri &#8217;Taipaleen miehet&#8217; Seurakunnan miestenpiiri \u201cTaipaleen miehet\u201d kokoontuu noin kerran kuukaudessa, tarpeen mukaan useamminkin. Kokoontumisaika ja \u2013paikka vaihtelevat ohjelman mukaan. Kaikenik\u00e4isille miehille avoin piiri yhdist\u00e4\u00e4 ohjelmassaan tarpeellista talkootoimintaa ja virkist\u00e4v\u00e4\u00e4 &#8230; <a title=\"Miestenpiiri\" class=\"read-more\" href=\"https:\/\/ort.fi\/taipale\/toimintaa\/toimintapiirit\/miestenpiiri\/\" aria-label=\"Lue lis\u00e4\u00e4 aiheesta Miestenpiiri\">Lue lis\u00e4\u00e4<\/a><\/p>\n","protected":false},"author":6,"featured_media":0,"parent":224,"menu_order":0,"comment_status":"closed","ping_status":"closed","template":"","meta":{"ngg_post_thumbnail":0,"footnotes":""},"class_list":["post-206","page","type-page","status-publish"],"_links":{"self":[{"href":"https:\/\/ort.fi\/taipale\/wp-json\/wp\/v2\/pages\/206","targetHints":{"allow":["GET"]}}],"collection":[{"href":"https:\/\/ort.fi\/taipale\/wp-json\/wp\/v2\/pages"}],"about":[{"href":"https:\/\/ort.fi\/taipale\/wp-json\/wp\/v2\/types\/page"}],"author":[{"embeddable":true,"href":"https:\/\/ort.fi\/taipale\/wp-json\/wp\/v2\/users\/6"}],"replies":[{"embeddable":true,"href":"https:\/\/ort.fi\/taipale\/wp-json\/wp\/v2\/comments?post=206"}],"version-history":[{"count":2,"href":"https:\/\/ort.fi\/taipale\/wp-json\/wp\/v2\/pages\/206\/revisions"}],"predecessor-version":[{"id":11681,"href":"https:\/\/ort.fi\/taipale\/wp-json\/wp\/v2\/pages\/206\/revisions\/11681"}],"up":[{"embeddable":true,"href":"https:\/\/ort.fi\/taipale\/wp-json\/wp\/v2\/pages\/224"}],"wp:attachment":[{"href":"https:\/\/ort.fi\/taipale\/wp-json\/wp\/v2\/media?parent=206"}],"curies":[{"name":"wp","href":"https:\/\/api.w.org\/{rel}","templated":true}]}}