{"id":20589,"date":"2023-02-17T15:49:35","date_gmt":"2023-02-17T13:49:35","guid":{"rendered":"https:\/\/ort.fi\/taipale\/?page_id=20589"},"modified":"2023-02-17T15:54:43","modified_gmt":"2023-02-17T13:54:43","slug":"lohdullista-suuren-paaston-taivalta","status":"publish","type":"page","link":"https:\/\/ort.fi\/taipale\/lohdullista-suuren-paaston-taivalta\/","title":{"rendered":"Lohdullista suuren paaston taivalta!"},"content":{"rendered":"<p>Talvi on edennyt jo pitk\u00e4lle. P\u00e4\u00e4si\u00e4iseen valmistava suuri paasto alkaa jo ensi pyh\u00e4n\u00e4. Sit\u00e4h\u00e4n vanha suomenkielinen termi \u201dlaskiainen\u201d on juuri tarkoittanutkin: paastoon laskeutumista. Taipaleen seurakunta-el\u00e4m\u00e4ss\u00e4 on jokatalviset kinkeritkin jo t\u00e4lt\u00e4 vuodelta pidetty. Tauko edellisiin kinkereihin olikin kolme vuotta. Parina viime talvena kinkerikierroskin sukelsi koronarajoitusten kinokseen.<\/p>\n<p>T\u00e4m\u00e4n vuoden kinkereiden teemana oli vainajien muisteleminen. Aihetta ei pel\u00e4tty, vaan joka kyl\u00e4ll\u00e4, joita nyt oli kuusi, oli osallistujia kiitett\u00e4v\u00e4sti. Illan aikana opetettiin, millaisia \u201dty\u00f6kaluja\u201d ortodoksisella kirkolla on surun kohdatessa ja l\u00e4heisen ihmisen kuollessa. Esirukouksen t\u00e4rkeytt\u00e4 painotettiin: se ei rajoitu vain el\u00e4vien puolesta rukoilemiseen, koska Jumalan edess\u00e4h\u00e4n kaikki el\u00e4v\u00e4t. Kuoleman tumma verho erottaa meid\u00e4t tuonpuoleiseen siirtyneist\u00e4, mutta rakkauttamme heit\u00e4 kohtaan se ei voi peitt\u00e4\u00e4. Kirkolla on erityisi\u00e4 vainajanmuistelupalveluksia, joita voidaan pyydett\u00e4ess\u00e4 toimittaa niin pyh\u00e4k\u00f6ss\u00e4, kotona kuin haudallakin. Lyhyemmist\u00e4 k\u00e4ytet\u00e4\u00e4n nimityst\u00e4 litania ja pitemmist\u00e4 panihida. Lis\u00e4ksi vuosittain on useita yleisi\u00e4 vainajienmuistelup\u00e4ivi\u00e4, jolloin toimitetaan liturgia ja etunimelt\u00e4 mainiten rukoillaan kaikkien niiden puolesta, joiden nimet on siin\u00e4 tarkoituksessa tuotu kirkkoon joko erillisell\u00e4 paperilla tai muistelukirjoissa, joita s\u00e4ilytet\u00e4\u00e4n alttarissa.<\/p>\n<p>Esirukous on meid\u00e4n rakkautemme osoitus poisnukkuneita kohtaan. Juuri muuta keinoa meill\u00e4 ei en\u00e4\u00e4 olekaan. L\u00e4mpim\u00e4t sanat ja tunteet pit\u00e4isikin aina muistaa osoittaa viel\u00e4 elossa olevalle. Usein voi kuitenkin k\u00e4yd\u00e4 niin, ett\u00e4 huono omatunto alkaa kaivella siin\u00e4 vaiheessa, kun l\u00e4heinen yll\u00e4tt\u00e4en kuolee. Sellaisessakaan tapauksessa ei tarvitse loppuel\u00e4m\u00e4\u00e4ns\u00e4 harmitella ja syytt\u00e4\u00e4 itse\u00e4\u00e4n, vaan voi pukea l\u00e4mpim\u00e4t tunteensa ja sanomatta j\u00e4\u00e4neet kiitoksensa esirukouksen valoisaan viittaan. Ja Jumala, joka on ihmisi\u00e4 rakastava ja armollinen, kuulee luotujensa ik\u00e4v\u00e4n, huolen ja murheen. H\u00e4n lohduttaa surevia ja armahtaa t\u00e4st\u00e4 el\u00e4m\u00e4st\u00e4 l\u00e4hteneit\u00e4 osoittaen molemmille tiet\u00e4 kohti taivasten valtakuntaa.<\/p>\n<p>P\u00e4iv\u00e4n pidetess\u00e4 ja valon voittaessa kuljemme puhdistavan paaston matkan itsetutkistelun, katumuksen ja k\u00e4\u00e4ntymyksen askelilla. Ja kun ihana p\u00e4\u00e4si\u00e4isy\u00f6 vihdoin koittaa kuulemme j\u00e4lleen pyh\u00e4n Johannes Krysostomoksen lohdullisen p\u00e4\u00e4si\u00e4issaarnan sanat: \u201d Kuolema, miss\u00e4 on otasi? Tuonela, miss\u00e4 on voittosi? (1. Kor.15:55). Kristus nousi yl\u00f6s, niin sin\u00e4 olet alas heitetty; Kristus nousi yl\u00f6s, niin pahat henget lankesivat; Kristus nousi yl\u00f6s, niin enkelit iloitsevat; Kristus nousi yl\u00f6s, niin el\u00e4m\u00e4 vallitsee; Kristus nousi yl\u00f6s, niin ei yht\u00e4\u00e4n kuollutta ole en\u00e4\u00e4 haudassa&#8230;\u201d<\/p>\n<p>Kaisu Potkonen<\/p>\n<div class=\"addtoany_shortcode\"><div class=\"a2a_kit a2a_kit_size_32 addtoany_list\" data-a2a-url=\"https:\/\/ort.fi\/taipale\/lohdullista-suuren-paaston-taivalta\/\" data-a2a-title=\"Lohdullista suuren paaston taivalta!\"><a class=\"a2a_button_facebook\" href=\"https:\/\/www.addtoany.com\/add_to\/facebook?linkurl=https%3A%2F%2Fort.fi%2Ftaipale%2Flohdullista-suuren-paaston-taivalta%2F&amp;linkname=Lohdullista%20suuren%20paaston%20taivalta%21\" title=\"Facebook\" rel=\"nofollow noopener\" target=\"_blank\"><\/a><a class=\"a2a_button_twitter\" href=\"https:\/\/www.addtoany.com\/add_to\/twitter?linkurl=https%3A%2F%2Fort.fi%2Ftaipale%2Flohdullista-suuren-paaston-taivalta%2F&amp;linkname=Lohdullista%20suuren%20paaston%20taivalta%21\" title=\"Twitter\" rel=\"nofollow noopener\" target=\"_blank\"><\/a><a class=\"a2a_button_whatsapp\" href=\"https:\/\/www.addtoany.com\/add_to\/whatsapp?linkurl=https%3A%2F%2Fort.fi%2Ftaipale%2Flohdullista-suuren-paaston-taivalta%2F&amp;linkname=Lohdullista%20suuren%20paaston%20taivalta%21\" title=\"WhatsApp\" rel=\"nofollow noopener\" target=\"_blank\"><\/a><a class=\"a2a_button_email\" href=\"https:\/\/www.addtoany.com\/add_to\/email?linkurl=https%3A%2F%2Fort.fi%2Ftaipale%2Flohdullista-suuren-paaston-taivalta%2F&amp;linkname=Lohdullista%20suuren%20paaston%20taivalta%21\" title=\"Email\" rel=\"nofollow noopener\" target=\"_blank\"><\/a><a class=\"a2a_dd addtoany_share_save addtoany_share\" href=\"https:\/\/www.addtoany.com\/share\"><\/a><\/div><\/div>\n","protected":false},"excerpt":{"rendered":"<p>Talvi on edennyt jo pitk\u00e4lle. P\u00e4\u00e4si\u00e4iseen valmistava suuri paasto alkaa jo ensi pyh\u00e4n\u00e4. Sit\u00e4h\u00e4n vanha suomenkielinen termi \u201dlaskiainen\u201d on juuri tarkoittanutkin: paastoon laskeutumista. Taipaleen seurakunta-el\u00e4m\u00e4ss\u00e4 on jokatalviset kinkeritkin jo t\u00e4lt\u00e4 &#8230; <a title=\"Lohdullista suuren paaston taivalta!\" class=\"read-more\" href=\"https:\/\/ort.fi\/taipale\/lohdullista-suuren-paaston-taivalta\/\" aria-label=\"Lue lis\u00e4\u00e4 aiheesta Lohdullista suuren paaston taivalta!\">Lue lis\u00e4\u00e4<\/a><\/p>\n","protected":false},"author":6,"featured_media":0,"parent":0,"menu_order":0,"comment_status":"closed","ping_status":"closed","template":"","meta":{"ngg_post_thumbnail":0,"footnotes":""},"class_list":["post-20589","page","type-page","status-publish"],"_links":{"self":[{"href":"https:\/\/ort.fi\/taipale\/wp-json\/wp\/v2\/pages\/20589","targetHints":{"allow":["GET"]}}],"collection":[{"href":"https:\/\/ort.fi\/taipale\/wp-json\/wp\/v2\/pages"}],"about":[{"href":"https:\/\/ort.fi\/taipale\/wp-json\/wp\/v2\/types\/page"}],"author":[{"embeddable":true,"href":"https:\/\/ort.fi\/taipale\/wp-json\/wp\/v2\/users\/6"}],"replies":[{"embeddable":true,"href":"https:\/\/ort.fi\/taipale\/wp-json\/wp\/v2\/comments?post=20589"}],"version-history":[{"count":3,"href":"https:\/\/ort.fi\/taipale\/wp-json\/wp\/v2\/pages\/20589\/revisions"}],"predecessor-version":[{"id":20597,"href":"https:\/\/ort.fi\/taipale\/wp-json\/wp\/v2\/pages\/20589\/revisions\/20597"}],"wp:attachment":[{"href":"https:\/\/ort.fi\/taipale\/wp-json\/wp\/v2\/media?parent=20589"}],"curies":[{"name":"wp","href":"https:\/\/api.w.org\/{rel}","templated":true}]}}