{"id":20573,"date":"2023-02-16T21:39:06","date_gmt":"2023-02-16T19:39:06","guid":{"rendered":"https:\/\/ort.fi\/taipale\/?page_id=20573"},"modified":"2023-03-06T21:17:01","modified_gmt":"2023-03-06T19:17:01","slug":"ortodoksinen-puuhakerho-outokummussa","status":"publish","type":"page","link":"https:\/\/ort.fi\/taipale\/ortodoksinen-puuhakerho-outokummussa\/","title":{"rendered":"Ortodoksinen puuhakerho Outokummussa"},"content":{"rendered":"<p><strong>Keskiviikkoisin klo 17\u201318<img loading=\"lazy\" decoding=\"async\" class=\"size-full wp-image-20483 alignright\" src=\"https:\/\/ort.fi\/taipale\/wp-content\/uploads\/2023\/02\/Kuva1.png\" alt=\"\" width=\"161\" height=\"201\"><\/strong><\/p>\n<p>Kohderyhm\u00e4: esikoululaiset + alakoululaiset<\/p>\n<p>Outokummun ortodoksisen kirkon alakerrassa, Kirkkopolku 3.<\/p>\n<p>Kerhossa leikit\u00e4\u00e4n, askarrellaan, lauletaan ja tutustutaan ortodoksiseen tapakulttuuriin kuten ikoneihin ja ristinmerkin tekemiseen. Kerho on ilmainen. Vanhempia pyydet\u00e4\u00e4n ilmoittamaan kerhonohjaajalle lapsen nimi ja omat yhteystiedot, kun lapsi saapuu kerhoon ensimm\u00e4isen kerran.<\/p>\n<p>Kerhonohjaajina toimivat:<br \/>\nEssi Juurela <a href=\"mailto:juurelaessi@gmail.com\">juurelaessi@gmail.com<\/a>, puh. 040&nbsp;373 5548<br \/>\nJenna Timonen <a href=\"mailto:jenna.timonen006@gmail.comu\">jenna.timonen006@gmail.com<\/a>, puh. 045 1059 099.<br \/>\n<div class=\"addtoany_shortcode\"><div class=\"a2a_kit a2a_kit_size_32 addtoany_list\" data-a2a-url=\"https:\/\/ort.fi\/taipale\/ortodoksinen-puuhakerho-outokummussa\/\" data-a2a-title=\"Ortodoksinen puuhakerho Outokummussa\"><a class=\"a2a_button_facebook\" href=\"https:\/\/www.addtoany.com\/add_to\/facebook?linkurl=https%3A%2F%2Fort.fi%2Ftaipale%2Fortodoksinen-puuhakerho-outokummussa%2F&amp;linkname=Ortodoksinen%20puuhakerho%20Outokummussa\" title=\"Facebook\" rel=\"nofollow noopener\" target=\"_blank\"><\/a><a class=\"a2a_button_twitter\" href=\"https:\/\/www.addtoany.com\/add_to\/twitter?linkurl=https%3A%2F%2Fort.fi%2Ftaipale%2Fortodoksinen-puuhakerho-outokummussa%2F&amp;linkname=Ortodoksinen%20puuhakerho%20Outokummussa\" title=\"Twitter\" rel=\"nofollow noopener\" target=\"_blank\"><\/a><a class=\"a2a_button_whatsapp\" href=\"https:\/\/www.addtoany.com\/add_to\/whatsapp?linkurl=https%3A%2F%2Fort.fi%2Ftaipale%2Fortodoksinen-puuhakerho-outokummussa%2F&amp;linkname=Ortodoksinen%20puuhakerho%20Outokummussa\" title=\"WhatsApp\" rel=\"nofollow noopener\" target=\"_blank\"><\/a><a class=\"a2a_button_email\" href=\"https:\/\/www.addtoany.com\/add_to\/email?linkurl=https%3A%2F%2Fort.fi%2Ftaipale%2Fortodoksinen-puuhakerho-outokummussa%2F&amp;linkname=Ortodoksinen%20puuhakerho%20Outokummussa\" title=\"Email\" rel=\"nofollow noopener\" target=\"_blank\"><\/a><a class=\"a2a_dd addtoany_share_save addtoany_share\" href=\"https:\/\/www.addtoany.com\/share\"><\/a><\/div><\/div><\/p>\n","protected":false},"excerpt":{"rendered":"<p>Keskiviikkoisin klo 17\u201318 Kohderyhm\u00e4: esikoululaiset + alakoululaiset Outokummun ortodoksisen kirkon alakerrassa, Kirkkopolku 3. Kerhossa leikit\u00e4\u00e4n, askarrellaan, lauletaan ja tutustutaan ortodoksiseen tapakulttuuriin kuten ikoneihin ja ristinmerkin tekemiseen. Kerho on ilmainen. Vanhempia &#8230; <a title=\"Ortodoksinen puuhakerho Outokummussa\" class=\"read-more\" href=\"https:\/\/ort.fi\/taipale\/ortodoksinen-puuhakerho-outokummussa\/\" aria-label=\"Lue lis\u00e4\u00e4 aiheesta Ortodoksinen puuhakerho Outokummussa\">Lue lis\u00e4\u00e4<\/a><\/p>\n","protected":false},"author":6,"featured_media":0,"parent":0,"menu_order":0,"comment_status":"closed","ping_status":"closed","template":"","meta":{"ngg_post_thumbnail":0,"footnotes":""},"class_list":["post-20573","page","type-page","status-publish"],"_links":{"self":[{"href":"https:\/\/ort.fi\/taipale\/wp-json\/wp\/v2\/pages\/20573","targetHints":{"allow":["GET"]}}],"collection":[{"href":"https:\/\/ort.fi\/taipale\/wp-json\/wp\/v2\/pages"}],"about":[{"href":"https:\/\/ort.fi\/taipale\/wp-json\/wp\/v2\/types\/page"}],"author":[{"embeddable":true,"href":"https:\/\/ort.fi\/taipale\/wp-json\/wp\/v2\/users\/6"}],"replies":[{"embeddable":true,"href":"https:\/\/ort.fi\/taipale\/wp-json\/wp\/v2\/comments?post=20573"}],"version-history":[{"count":3,"href":"https:\/\/ort.fi\/taipale\/wp-json\/wp\/v2\/pages\/20573\/revisions"}],"predecessor-version":[{"id":20911,"href":"https:\/\/ort.fi\/taipale\/wp-json\/wp\/v2\/pages\/20573\/revisions\/20911"}],"wp:attachment":[{"href":"https:\/\/ort.fi\/taipale\/wp-json\/wp\/v2\/media?parent=20573"}],"curies":[{"name":"wp","href":"https:\/\/api.w.org\/{rel}","templated":true}]}}