{"id":20481,"date":"2023-02-13T15:39:14","date_gmt":"2023-02-13T13:39:14","guid":{"rendered":"https:\/\/ort.fi\/taipale\/?page_id=20481"},"modified":"2025-11-06T12:23:25","modified_gmt":"2025-11-06T10:23:25","slug":"ortodoksinen-lastenkerho-viinijarvella","status":"publish","type":"page","link":"https:\/\/ort.fi\/taipale\/ortodoksinen-lastenkerho-viinijarvella\/","title":{"rendered":"Ortodoksinen lastenkerho Viinij\u00e4rvell\u00e4"},"content":{"rendered":"<p><strong><img loading=\"lazy\" decoding=\"async\" class=\"size-full wp-image-20483 alignright\" src=\"https:\/\/ort.fi\/taipale\/wp-content\/uploads\/2023\/02\/Kuva1.png\" alt=\"\" width=\"161\" height=\"201\"><\/strong><\/p>\n<p>Kohderyhm\u00e4: esikoululaiset + alakoululaiset<\/p>\n<p>Viinij\u00e4rven Vanhassa pappilassa.<\/p>\n<p>Kerhossa leikit\u00e4\u00e4n, askarrellaan, lauletaan ja tutustutaan ortodoksiseen tapakulttuuriin kuten ikoneihin ja ristinmerkin tekemiseen. Kerho on ilmainen. Vanhempia pyydet\u00e4\u00e4n ilmoittamaan kerhonohjaajalle lapsen nimi ja omat yhteystiedot, kun lapsi saapuu kerhoon ensimm\u00e4isen kerran.<\/p>\n<p>Yhteyshenkil\u00f6: Marjo Piipponen 050 522 4314<br \/>\n&nbsp; &nbsp;<\/p>\n","protected":false},"excerpt":{"rendered":"<p>Kohderyhm\u00e4: esikoululaiset + alakoululaiset Viinij\u00e4rven Vanhassa pappilassa. Kerhossa leikit\u00e4\u00e4n, askarrellaan, lauletaan ja tutustutaan ortodoksiseen tapakulttuuriin kuten ikoneihin ja ristinmerkin tekemiseen. Kerho on ilmainen. Vanhempia pyydet\u00e4\u00e4n ilmoittamaan kerhonohjaajalle lapsen nimi ja &#8230; <a title=\"Ortodoksinen lastenkerho Viinij\u00e4rvell\u00e4\" class=\"read-more\" href=\"https:\/\/ort.fi\/taipale\/ortodoksinen-lastenkerho-viinijarvella\/\" aria-label=\"Lue lis\u00e4\u00e4 aiheesta Ortodoksinen lastenkerho Viinij\u00e4rvell\u00e4\">Lue lis\u00e4\u00e4<\/a><\/p>\n","protected":false},"author":6,"featured_media":0,"parent":0,"menu_order":0,"comment_status":"closed","ping_status":"closed","template":"","meta":{"ngg_post_thumbnail":0,"footnotes":""},"class_list":["post-20481","page","type-page","status-publish"],"_links":{"self":[{"href":"https:\/\/ort.fi\/taipale\/wp-json\/wp\/v2\/pages\/20481","targetHints":{"allow":["GET"]}}],"collection":[{"href":"https:\/\/ort.fi\/taipale\/wp-json\/wp\/v2\/pages"}],"about":[{"href":"https:\/\/ort.fi\/taipale\/wp-json\/wp\/v2\/types\/page"}],"author":[{"embeddable":true,"href":"https:\/\/ort.fi\/taipale\/wp-json\/wp\/v2\/users\/6"}],"replies":[{"embeddable":true,"href":"https:\/\/ort.fi\/taipale\/wp-json\/wp\/v2\/comments?post=20481"}],"version-history":[{"count":12,"href":"https:\/\/ort.fi\/taipale\/wp-json\/wp\/v2\/pages\/20481\/revisions"}],"predecessor-version":[{"id":30461,"href":"https:\/\/ort.fi\/taipale\/wp-json\/wp\/v2\/pages\/20481\/revisions\/30461"}],"wp:attachment":[{"href":"https:\/\/ort.fi\/taipale\/wp-json\/wp\/v2\/media?parent=20481"}],"curies":[{"name":"wp","href":"https:\/\/api.w.org\/{rel}","templated":true}]}}