{"id":20393,"date":"2023-02-07T12:43:00","date_gmt":"2023-02-07T10:43:00","guid":{"rendered":"https:\/\/ort.fi\/taipale\/?page_id=20393"},"modified":"2023-02-07T12:43:00","modified_gmt":"2023-02-07T10:43:00","slug":"tuhlaajapojan-sunnuntain-liturgia-5-2-2023","status":"publish","type":"page","link":"https:\/\/ort.fi\/taipale\/kuvagalleriat\/tuhlaajapojan-sunnuntain-liturgia-5-2-2023\/","title":{"rendered":"Tuhlaajapojan sunnuntain liturgia 5.2.2023"},"content":{"rendered":"<p class=\"Standard\">Tuhlaajapojan sunnuntaina 5.2.2023 vieraili Ilomantsin Pyh\u00e4n Eliaan kirkon kuoro ja Tiistaiseura Taipaleella. Liturgia Viinij\u00e4rven kirkossa laulettiin kahdella kuorolla. Ilomantsin kuoroa johti kanttori Darja Potkonen. Ilomantsin kappeliseurakunnan pappi is\u00e4 Ioannis Lampropoulos saarnasi p\u00e4iv\u00e4n evankeliumin pohjalta paitsi katumuksesta ja anteeksiannosta my\u00f6s toinen toistemme hyv\u00e4ksymisest\u00e4 ja tukemisesta. Liturgian j\u00e4lkeen siirryttiin Vanhaan Pappilaan yhteiselle aterialle.<\/p>\n<p class=\"Standard\">Kiitos Ilomantsin ja omalle kuorov\u00e4elle ihanasta pyh\u00e4isest\u00e4 p\u00e4iv\u00e4st\u00e4!<\/p>\n<p>Teksti: Kaisu Potkonen<br \/>\nKuvat: Pentti Potkonen<\/p>\n<p>ngg_shortcode_0_placeholder&nbsp; &nbsp;<div class=\"addtoany_shortcode\"><div class=\"a2a_kit a2a_kit_size_32 addtoany_list\" data-a2a-url=\"https:\/\/ort.fi\/taipale\/kuvagalleriat\/tuhlaajapojan-sunnuntain-liturgia-5-2-2023\/\" data-a2a-title=\"Tuhlaajapojan sunnuntain liturgia 5.2.2023\"><a class=\"a2a_button_facebook\" href=\"https:\/\/www.addtoany.com\/add_to\/facebook?linkurl=https%3A%2F%2Fort.fi%2Ftaipale%2Fkuvagalleriat%2Ftuhlaajapojan-sunnuntain-liturgia-5-2-2023%2F&amp;linkname=Tuhlaajapojan%20sunnuntain%20liturgia%205.2.2023\" title=\"Facebook\" rel=\"nofollow noopener\" target=\"_blank\"><\/a><a class=\"a2a_button_twitter\" href=\"https:\/\/www.addtoany.com\/add_to\/twitter?linkurl=https%3A%2F%2Fort.fi%2Ftaipale%2Fkuvagalleriat%2Ftuhlaajapojan-sunnuntain-liturgia-5-2-2023%2F&amp;linkname=Tuhlaajapojan%20sunnuntain%20liturgia%205.2.2023\" title=\"Twitter\" rel=\"nofollow noopener\" target=\"_blank\"><\/a><a class=\"a2a_button_whatsapp\" href=\"https:\/\/www.addtoany.com\/add_to\/whatsapp?linkurl=https%3A%2F%2Fort.fi%2Ftaipale%2Fkuvagalleriat%2Ftuhlaajapojan-sunnuntain-liturgia-5-2-2023%2F&amp;linkname=Tuhlaajapojan%20sunnuntain%20liturgia%205.2.2023\" title=\"WhatsApp\" rel=\"nofollow noopener\" target=\"_blank\"><\/a><a class=\"a2a_button_email\" href=\"https:\/\/www.addtoany.com\/add_to\/email?linkurl=https%3A%2F%2Fort.fi%2Ftaipale%2Fkuvagalleriat%2Ftuhlaajapojan-sunnuntain-liturgia-5-2-2023%2F&amp;linkname=Tuhlaajapojan%20sunnuntain%20liturgia%205.2.2023\" title=\"Email\" rel=\"nofollow noopener\" target=\"_blank\"><\/a><a class=\"a2a_dd addtoany_share_save addtoany_share\" href=\"https:\/\/www.addtoany.com\/share\"><\/a><\/div><\/div><\/p>\n","protected":false},"excerpt":{"rendered":"<p>Tuhlaajapojan sunnuntaina 5.2.2023 vieraili Ilomantsin Pyh\u00e4n Eliaan kirkon kuoro ja Tiistaiseura Taipaleella. Liturgia Viinij\u00e4rven kirkossa laulettiin kahdella kuorolla. Ilomantsin kuoroa johti kanttori Darja Potkonen. Ilomantsin kappeliseurakunnan pappi is\u00e4 Ioannis Lampropoulos &#8230; <a title=\"Tuhlaajapojan sunnuntain liturgia 5.2.2023\" class=\"read-more\" href=\"https:\/\/ort.fi\/taipale\/kuvagalleriat\/tuhlaajapojan-sunnuntain-liturgia-5-2-2023\/\" aria-label=\"Lue lis\u00e4\u00e4 aiheesta Tuhlaajapojan sunnuntain liturgia 5.2.2023\">Lue lis\u00e4\u00e4<\/a><\/p>\n","protected":false},"author":6,"featured_media":0,"parent":604,"menu_order":-48,"comment_status":"closed","ping_status":"closed","template":"","meta":{"ngg_post_thumbnail":0,"footnotes":""},"class_list":["post-20393","page","type-page","status-publish"],"_links":{"self":[{"href":"https:\/\/ort.fi\/taipale\/wp-json\/wp\/v2\/pages\/20393","targetHints":{"allow":["GET"]}}],"collection":[{"href":"https:\/\/ort.fi\/taipale\/wp-json\/wp\/v2\/pages"}],"about":[{"href":"https:\/\/ort.fi\/taipale\/wp-json\/wp\/v2\/types\/page"}],"author":[{"embeddable":true,"href":"https:\/\/ort.fi\/taipale\/wp-json\/wp\/v2\/users\/6"}],"replies":[{"embeddable":true,"href":"https:\/\/ort.fi\/taipale\/wp-json\/wp\/v2\/comments?post=20393"}],"version-history":[{"count":2,"href":"https:\/\/ort.fi\/taipale\/wp-json\/wp\/v2\/pages\/20393\/revisions"}],"predecessor-version":[{"id":20397,"href":"https:\/\/ort.fi\/taipale\/wp-json\/wp\/v2\/pages\/20393\/revisions\/20397"}],"up":[{"embeddable":true,"href":"https:\/\/ort.fi\/taipale\/wp-json\/wp\/v2\/pages\/604"}],"wp:attachment":[{"href":"https:\/\/ort.fi\/taipale\/wp-json\/wp\/v2\/media?parent=20393"}],"curies":[{"name":"wp","href":"https:\/\/api.w.org\/{rel}","templated":true}]}}