{"id":202,"date":"2018-09-22T22:09:56","date_gmt":"2018-09-22T19:09:56","guid":{"rendered":"https:\/\/ort.fi\/taipale\/?page_id=202"},"modified":"2025-12-28T14:15:50","modified_gmt":"2025-12-28T12:15:50","slug":"kasityopiiri","status":"publish","type":"page","link":"https:\/\/ort.fi\/taipale\/toimintaa\/toimintapiirit\/kasityopiiri\/","title":{"rendered":"K\u00e4sity\u00f6piiri"},"content":{"rendered":"<p>K\u00e4sity\u00f6piiriss\u00e4 on elvytetty vanhoja perinnek\u00e4sit\u00f6it\u00e4, kirjontaa, helmeily\u00e4, ompelua, ikonimaalausta. Olemme tehneet k\u00e4spaikkoja, sarafaaneja, r\u00f6ijyj\u00e4, helmimunia ym. Tule mukaan, tuo osaamistasi ja opi uutta.<\/p>\n<p>K\u00e4sity\u00f6piiri kokoontuu yleens\u00e4 kerran kuukaudessa perjantaisin klo 10-15 Outokummun ortodoksisen kirkon alakerran seurakuntasalilla (Kirkkopolku 3). Kokoontumisista ilmoitetaan kirkon palstalla lehdiss\u00e4 ja seurakunnan nettisivuilla.<\/p>\n<p><strong>Yhteyshenkil\u00f6:<\/strong> Aila Malmivuori, puh. 050 591 2799<\/p>\n<p><strong>Kev\u00e4tkauden 2026 kokoontumiset<\/strong>&nbsp;<br \/>\npe 23.1.klo 10-15<br \/>\npe 20.2. klo 10-15<br \/>\npe 20.3. klo 10-15<br \/>\npe 17.4. klo 10-15<br \/>\npe 8.5. klo 10-15<\/p>\n<p>&nbsp; &nbsp; &nbsp;&nbsp;<br \/>\n<img loading=\"lazy\" decoding=\"async\" class=\"alignnone wp-image-9797\" src=\"https:\/\/ort.fi\/taipale\/wp-content\/uploads\/2020\/08\/Kasityopiiri1-1024x768.jpg\" alt=\"\" width=\"600\" height=\"450\" srcset=\"https:\/\/ort.fi\/taipale\/wp-content\/uploads\/2020\/08\/Kasityopiiri1-1024x768.jpg 1024w, https:\/\/ort.fi\/taipale\/wp-content\/uploads\/2020\/08\/Kasityopiiri1-300x225.jpg 300w, https:\/\/ort.fi\/taipale\/wp-content\/uploads\/2020\/08\/Kasityopiiri1-768x576.jpg 768w, https:\/\/ort.fi\/taipale\/wp-content\/uploads\/2020\/08\/Kasityopiiri1-1536x1152.jpg 1536w, https:\/\/ort.fi\/taipale\/wp-content\/uploads\/2020\/08\/Kasityopiiri1-2048x1536.jpg 2048w\" sizes=\"auto, (max-width: 600px) 100vw, 600px\" \/><\/p>\n","protected":false},"excerpt":{"rendered":"<p>K\u00e4sity\u00f6piiriss\u00e4 on elvytetty vanhoja perinnek\u00e4sit\u00f6it\u00e4, kirjontaa, helmeily\u00e4, ompelua, ikonimaalausta. Olemme tehneet k\u00e4spaikkoja, sarafaaneja, r\u00f6ijyj\u00e4, helmimunia ym. Tule mukaan, tuo osaamistasi ja opi uutta. K\u00e4sity\u00f6piiri kokoontuu yleens\u00e4 kerran kuukaudessa perjantaisin klo &#8230; <a title=\"K\u00e4sity\u00f6piiri\" class=\"read-more\" href=\"https:\/\/ort.fi\/taipale\/toimintaa\/toimintapiirit\/kasityopiiri\/\" aria-label=\"Lue lis\u00e4\u00e4 aiheesta K\u00e4sity\u00f6piiri\">Lue lis\u00e4\u00e4<\/a><\/p>\n","protected":false},"author":6,"featured_media":0,"parent":224,"menu_order":0,"comment_status":"closed","ping_status":"closed","template":"","meta":{"ngg_post_thumbnail":0,"footnotes":""},"class_list":["post-202","page","type-page","status-publish"],"_links":{"self":[{"href":"https:\/\/ort.fi\/taipale\/wp-json\/wp\/v2\/pages\/202","targetHints":{"allow":["GET"]}}],"collection":[{"href":"https:\/\/ort.fi\/taipale\/wp-json\/wp\/v2\/pages"}],"about":[{"href":"https:\/\/ort.fi\/taipale\/wp-json\/wp\/v2\/types\/page"}],"author":[{"embeddable":true,"href":"https:\/\/ort.fi\/taipale\/wp-json\/wp\/v2\/users\/6"}],"replies":[{"embeddable":true,"href":"https:\/\/ort.fi\/taipale\/wp-json\/wp\/v2\/comments?post=202"}],"version-history":[{"count":32,"href":"https:\/\/ort.fi\/taipale\/wp-json\/wp\/v2\/pages\/202\/revisions"}],"predecessor-version":[{"id":31073,"href":"https:\/\/ort.fi\/taipale\/wp-json\/wp\/v2\/pages\/202\/revisions\/31073"}],"up":[{"embeddable":true,"href":"https:\/\/ort.fi\/taipale\/wp-json\/wp\/v2\/pages\/224"}],"wp:attachment":[{"href":"https:\/\/ort.fi\/taipale\/wp-json\/wp\/v2\/media?parent=202"}],"curies":[{"name":"wp","href":"https:\/\/api.w.org\/{rel}","templated":true}]}}