{"id":20141,"date":"2023-01-23T16:24:18","date_gmt":"2023-01-23T14:24:18","guid":{"rendered":"https:\/\/ort.fi\/taipale\/?page_id=20141"},"modified":"2023-01-23T16:24:18","modified_gmt":"2023-01-23T14:24:18","slug":"taipaleen-kinkerit-2023","status":"publish","type":"page","link":"https:\/\/ort.fi\/taipale\/kuvagalleriat\/taipaleen-kinkerit-2023\/","title":{"rendered":"Taipaleen kinkerit 2023"},"content":{"rendered":"<p>Taipaleen perinteinen kinkerikausi on parhaillaan meneill\u00e4\u00e4n. V\u00e4liss\u00e4 on ollutkin kolmen vuoden tauko, mutta onneksi v\u00e4ki ei ole sen aikana v\u00e4s\u00e4ht\u00e4nyt, vaan joka paikassa on ollut ihmisi\u00e4 koolla.<\/p>\n<p>T\u00e4m\u00e4n vuoden aiheena on vainajien muisteleminen. Illan p\u00e4\u00e4tteeksi toimitetaan litania, jossa muistellaan nimelt\u00e4 mainiten jokaisen mukana olijan poisnukkuneita l\u00e4heisi\u00e4.<\/p>\n<p>Seuraavat kinkerit ovat torstaina 26.1. klo. 18.00 Harmaasalolla ja Polvij\u00e4rvell\u00e4 tiistaina 31.1. klo.12.00.&nbsp;Kuvat ovat Kinahmon kinkereilt\u00e4, joihin kokoonnuttiin torstaina. Kiitos M\u00e4enharjun perheelle l\u00e4mpim\u00e4st\u00e4 vastaanotosta!<\/p>\n<p>Teksti: Kaisu Potkonen<br \/>\nKuvat: Pentti Potkonen<\/p>\n<p>ngg_shortcode_0_placeholder<div class=\"addtoany_shortcode\"><div class=\"a2a_kit a2a_kit_size_32 addtoany_list\" data-a2a-url=\"https:\/\/ort.fi\/taipale\/kuvagalleriat\/taipaleen-kinkerit-2023\/\" data-a2a-title=\"Taipaleen kinkerit 2023\"><a class=\"a2a_button_facebook\" href=\"https:\/\/www.addtoany.com\/add_to\/facebook?linkurl=https%3A%2F%2Fort.fi%2Ftaipale%2Fkuvagalleriat%2Ftaipaleen-kinkerit-2023%2F&amp;linkname=Taipaleen%20kinkerit%202023\" title=\"Facebook\" rel=\"nofollow noopener\" target=\"_blank\"><\/a><a class=\"a2a_button_twitter\" href=\"https:\/\/www.addtoany.com\/add_to\/twitter?linkurl=https%3A%2F%2Fort.fi%2Ftaipale%2Fkuvagalleriat%2Ftaipaleen-kinkerit-2023%2F&amp;linkname=Taipaleen%20kinkerit%202023\" title=\"Twitter\" rel=\"nofollow noopener\" target=\"_blank\"><\/a><a class=\"a2a_button_whatsapp\" href=\"https:\/\/www.addtoany.com\/add_to\/whatsapp?linkurl=https%3A%2F%2Fort.fi%2Ftaipale%2Fkuvagalleriat%2Ftaipaleen-kinkerit-2023%2F&amp;linkname=Taipaleen%20kinkerit%202023\" title=\"WhatsApp\" rel=\"nofollow noopener\" target=\"_blank\"><\/a><a class=\"a2a_button_email\" href=\"https:\/\/www.addtoany.com\/add_to\/email?linkurl=https%3A%2F%2Fort.fi%2Ftaipale%2Fkuvagalleriat%2Ftaipaleen-kinkerit-2023%2F&amp;linkname=Taipaleen%20kinkerit%202023\" title=\"Email\" rel=\"nofollow noopener\" target=\"_blank\"><\/a><a class=\"a2a_dd addtoany_share_save addtoany_share\" href=\"https:\/\/www.addtoany.com\/share\"><\/a><\/div><\/div><\/p>\n","protected":false},"excerpt":{"rendered":"<p>Taipaleen perinteinen kinkerikausi on parhaillaan meneill\u00e4\u00e4n. V\u00e4liss\u00e4 on ollutkin kolmen vuoden tauko, mutta onneksi v\u00e4ki ei ole sen aikana v\u00e4s\u00e4ht\u00e4nyt, vaan joka paikassa on ollut ihmisi\u00e4 koolla. T\u00e4m\u00e4n vuoden aiheena &#8230; <a title=\"Taipaleen kinkerit 2023\" class=\"read-more\" href=\"https:\/\/ort.fi\/taipale\/kuvagalleriat\/taipaleen-kinkerit-2023\/\" aria-label=\"Lue lis\u00e4\u00e4 aiheesta Taipaleen kinkerit 2023\">Lue lis\u00e4\u00e4<\/a><\/p>\n","protected":false},"author":6,"featured_media":0,"parent":604,"menu_order":-47,"comment_status":"closed","ping_status":"closed","template":"","meta":{"ngg_post_thumbnail":0,"footnotes":""},"class_list":["post-20141","page","type-page","status-publish"],"_links":{"self":[{"href":"https:\/\/ort.fi\/taipale\/wp-json\/wp\/v2\/pages\/20141","targetHints":{"allow":["GET"]}}],"collection":[{"href":"https:\/\/ort.fi\/taipale\/wp-json\/wp\/v2\/pages"}],"about":[{"href":"https:\/\/ort.fi\/taipale\/wp-json\/wp\/v2\/types\/page"}],"author":[{"embeddable":true,"href":"https:\/\/ort.fi\/taipale\/wp-json\/wp\/v2\/users\/6"}],"replies":[{"embeddable":true,"href":"https:\/\/ort.fi\/taipale\/wp-json\/wp\/v2\/comments?post=20141"}],"version-history":[{"count":2,"href":"https:\/\/ort.fi\/taipale\/wp-json\/wp\/v2\/pages\/20141\/revisions"}],"predecessor-version":[{"id":20381,"href":"https:\/\/ort.fi\/taipale\/wp-json\/wp\/v2\/pages\/20141\/revisions\/20381"}],"up":[{"embeddable":true,"href":"https:\/\/ort.fi\/taipale\/wp-json\/wp\/v2\/pages\/604"}],"wp:attachment":[{"href":"https:\/\/ort.fi\/taipale\/wp-json\/wp\/v2\/media?parent=20141"}],"curies":[{"name":"wp","href":"https:\/\/api.w.org\/{rel}","templated":true}]}}