{"id":20115,"date":"2023-01-22T14:56:51","date_gmt":"2023-01-22T12:56:51","guid":{"rendered":"https:\/\/ort.fi\/taipale\/?page_id=20115"},"modified":"2023-01-22T14:56:51","modified_gmt":"2023-01-22T12:56:51","slug":"ukrainalaisten-retki-outokummusta-joensuuhun","status":"publish","type":"page","link":"https:\/\/ort.fi\/taipale\/kuvagalleriat\/ukrainalaisten-retki-outokummusta-joensuuhun\/","title":{"rendered":"Ukrainalaisten retki Outokummusta Joensuuhun"},"content":{"rendered":"<p>Lauantaina 21.1.2023 Taipaleen ortodoksinen seurakunta j\u00e4rjesti Outokumpuun muuttaneille ukrainalaisille p\u00e4iv\u00e4n matkan Joensuuhun. Joensuussa ohjelmassa oli tutustuminen ortodoksisen seminaarin kirkkoon ja lounas Joensuun ortodoksisen seurakunnan seurakuntasalilla. Lounaan j\u00e4lkeen oli vapaata aikaa tutustua Joensuuhun ja k\u00e4yd\u00e4 kaupoilla tai Carelicumin museossa. Tulomatkalla pys\u00e4hdyttiin toimittamaan panihida Viinij\u00e4rven kirkossa ja nautittiin kahvit Taipaleen Vanhassa pappilassa.<\/p>\n<p>Matkalla oli mukana my\u00f6s vasta Outokumpuun muuttaneita ukrainalaisia, jotka k\u00e4viv\u00e4t ensi kertaa Joensuussa.<\/p>\n<p>Matka j\u00e4rjestettiin varoilla, jotka ker\u00e4ttiin syksyll\u00e4 j\u00e4rjestetyll\u00e4 kahvituksella ja kaikissa seurakunnan pyh\u00e4k\u00f6iss\u00e4 lokakuussa ker\u00e4tyill\u00e4 kolehdeilla. Suuri kiitos matkan onnistumisesta kuuluukin seurakuntalaisille. Joten suuri kiitos teille kaikille! My\u00f6s matkalla olleet ukrainalaiset ilmaisivat tyytyv\u00e4isyytens\u00e4 matkaan ja kiittiv\u00e4t matkan j\u00e4rjest\u00e4misest\u00e4.<\/p>\n<p>Kuvat: Paavo Ratilainen<\/p>\n<p>ngg_shortcode_0_placeholder<div class=\"addtoany_shortcode\"><div class=\"a2a_kit a2a_kit_size_32 addtoany_list\" data-a2a-url=\"https:\/\/ort.fi\/taipale\/kuvagalleriat\/ukrainalaisten-retki-outokummusta-joensuuhun\/\" data-a2a-title=\"Ukrainalaisten retki Outokummusta Joensuuhun\"><a class=\"a2a_button_facebook\" href=\"https:\/\/www.addtoany.com\/add_to\/facebook?linkurl=https%3A%2F%2Fort.fi%2Ftaipale%2Fkuvagalleriat%2Fukrainalaisten-retki-outokummusta-joensuuhun%2F&amp;linkname=Ukrainalaisten%20retki%20Outokummusta%20Joensuuhun\" title=\"Facebook\" rel=\"nofollow noopener\" target=\"_blank\"><\/a><a class=\"a2a_button_twitter\" href=\"https:\/\/www.addtoany.com\/add_to\/twitter?linkurl=https%3A%2F%2Fort.fi%2Ftaipale%2Fkuvagalleriat%2Fukrainalaisten-retki-outokummusta-joensuuhun%2F&amp;linkname=Ukrainalaisten%20retki%20Outokummusta%20Joensuuhun\" title=\"Twitter\" rel=\"nofollow noopener\" target=\"_blank\"><\/a><a class=\"a2a_button_whatsapp\" href=\"https:\/\/www.addtoany.com\/add_to\/whatsapp?linkurl=https%3A%2F%2Fort.fi%2Ftaipale%2Fkuvagalleriat%2Fukrainalaisten-retki-outokummusta-joensuuhun%2F&amp;linkname=Ukrainalaisten%20retki%20Outokummusta%20Joensuuhun\" title=\"WhatsApp\" rel=\"nofollow noopener\" target=\"_blank\"><\/a><a class=\"a2a_button_email\" href=\"https:\/\/www.addtoany.com\/add_to\/email?linkurl=https%3A%2F%2Fort.fi%2Ftaipale%2Fkuvagalleriat%2Fukrainalaisten-retki-outokummusta-joensuuhun%2F&amp;linkname=Ukrainalaisten%20retki%20Outokummusta%20Joensuuhun\" title=\"Email\" rel=\"nofollow noopener\" target=\"_blank\"><\/a><a class=\"a2a_dd addtoany_share_save addtoany_share\" href=\"https:\/\/www.addtoany.com\/share\"><\/a><\/div><\/div><\/p>\n","protected":false},"excerpt":{"rendered":"<p>Lauantaina 21.1.2023 Taipaleen ortodoksinen seurakunta j\u00e4rjesti Outokumpuun muuttaneille ukrainalaisille p\u00e4iv\u00e4n matkan Joensuuhun. Joensuussa ohjelmassa oli tutustuminen ortodoksisen seminaarin kirkkoon ja lounas Joensuun ortodoksisen seurakunnan seurakuntasalilla. Lounaan j\u00e4lkeen oli vapaata aikaa &#8230; <a title=\"Ukrainalaisten retki Outokummusta Joensuuhun\" class=\"read-more\" href=\"https:\/\/ort.fi\/taipale\/kuvagalleriat\/ukrainalaisten-retki-outokummusta-joensuuhun\/\" aria-label=\"Lue lis\u00e4\u00e4 aiheesta Ukrainalaisten retki Outokummusta Joensuuhun\">Lue lis\u00e4\u00e4<\/a><\/p>\n","protected":false},"author":6,"featured_media":0,"parent":604,"menu_order":-46,"comment_status":"closed","ping_status":"closed","template":"","meta":{"ngg_post_thumbnail":0,"footnotes":""},"class_list":["post-20115","page","type-page","status-publish"],"_links":{"self":[{"href":"https:\/\/ort.fi\/taipale\/wp-json\/wp\/v2\/pages\/20115","targetHints":{"allow":["GET"]}}],"collection":[{"href":"https:\/\/ort.fi\/taipale\/wp-json\/wp\/v2\/pages"}],"about":[{"href":"https:\/\/ort.fi\/taipale\/wp-json\/wp\/v2\/types\/page"}],"author":[{"embeddable":true,"href":"https:\/\/ort.fi\/taipale\/wp-json\/wp\/v2\/users\/6"}],"replies":[{"embeddable":true,"href":"https:\/\/ort.fi\/taipale\/wp-json\/wp\/v2\/comments?post=20115"}],"version-history":[{"count":2,"href":"https:\/\/ort.fi\/taipale\/wp-json\/wp\/v2\/pages\/20115\/revisions"}],"predecessor-version":[{"id":20119,"href":"https:\/\/ort.fi\/taipale\/wp-json\/wp\/v2\/pages\/20115\/revisions\/20119"}],"up":[{"embeddable":true,"href":"https:\/\/ort.fi\/taipale\/wp-json\/wp\/v2\/pages\/604"}],"wp:attachment":[{"href":"https:\/\/ort.fi\/taipale\/wp-json\/wp\/v2\/media?parent=20115"}],"curies":[{"name":"wp","href":"https:\/\/api.w.org\/{rel}","templated":true}]}}