{"id":19919,"date":"2023-01-02T20:57:40","date_gmt":"2023-01-02T18:57:40","guid":{"rendered":"https:\/\/ort.fi\/taipale\/?page_id=19919"},"modified":"2023-01-10T20:07:02","modified_gmt":"2023-01-10T18:07:02","slug":"ukrainalais-suomalainen-leivontakerho","status":"publish","type":"page","link":"https:\/\/ort.fi\/taipale\/kuvagalleriat\/ukrainalais-suomalainen-leivontakerho\/","title":{"rendered":"Ukrainalais-suomalainen leivontakerho"},"content":{"rendered":"<p>Valokuvia joulukuun leivontakerhosta, jossa valmistui herkullisia ukrainalaisia leivonnaisia, omenakakkua, keitinpiiraita ja omenanyyttej\u00e4. Parasta kerhossa on kuitenkin l\u00e4mmin ja v\u00e4lit\u00f6n tunnelma. Vaikka yhteist\u00e4 kielt\u00e4 ei olekaan, yhteisty\u00f6 sujuu mukavasti. Is\u00e4 Nemanjan l\u00e4sn\u00e4olo on t\u00e4rke\u00e4 tuki toiminnalle. Kev\u00e4tkaudella tapaamiset jatkuvat kerran kuukaudessa.<\/p>\n<p>Lis\u00e4tietoa ukrainalais-suomalaisesta leivontakerhosta sivulla <a href=\"https:\/\/ort.fi\/taipale\/toimintaa\/toimintapiirit\/leivontakerho\/\">Leivontakerho&nbsp;<\/a><\/p>\n<p>Kuvat: Pentti Potkonen<\/p>\n<p>ngg_shortcode_0_placeholder<div class=\"addtoany_shortcode\"><div class=\"a2a_kit a2a_kit_size_32 addtoany_list\" data-a2a-url=\"https:\/\/ort.fi\/taipale\/kuvagalleriat\/ukrainalais-suomalainen-leivontakerho\/\" data-a2a-title=\"Ukrainalais-suomalainen leivontakerho\"><a class=\"a2a_button_facebook\" href=\"https:\/\/www.addtoany.com\/add_to\/facebook?linkurl=https%3A%2F%2Fort.fi%2Ftaipale%2Fkuvagalleriat%2Fukrainalais-suomalainen-leivontakerho%2F&amp;linkname=Ukrainalais-suomalainen%20leivontakerho\" title=\"Facebook\" rel=\"nofollow noopener\" target=\"_blank\"><\/a><a class=\"a2a_button_vk\" href=\"https:\/\/www.addtoany.com\/add_to\/vk?linkurl=https%3A%2F%2Fort.fi%2Ftaipale%2Fkuvagalleriat%2Fukrainalais-suomalainen-leivontakerho%2F&amp;linkname=Ukrainalais-suomalainen%20leivontakerho\" title=\"VK\" rel=\"nofollow noopener\" target=\"_blank\"><\/a><a class=\"a2a_button_twitter\" href=\"https:\/\/www.addtoany.com\/add_to\/twitter?linkurl=https%3A%2F%2Fort.fi%2Ftaipale%2Fkuvagalleriat%2Fukrainalais-suomalainen-leivontakerho%2F&amp;linkname=Ukrainalais-suomalainen%20leivontakerho\" title=\"Twitter\" rel=\"nofollow noopener\" target=\"_blank\"><\/a><a class=\"a2a_button_whatsapp\" href=\"https:\/\/www.addtoany.com\/add_to\/whatsapp?linkurl=https%3A%2F%2Fort.fi%2Ftaipale%2Fkuvagalleriat%2Fukrainalais-suomalainen-leivontakerho%2F&amp;linkname=Ukrainalais-suomalainen%20leivontakerho\" title=\"WhatsApp\" rel=\"nofollow noopener\" target=\"_blank\"><\/a><a class=\"a2a_button_email\" href=\"https:\/\/www.addtoany.com\/add_to\/email?linkurl=https%3A%2F%2Fort.fi%2Ftaipale%2Fkuvagalleriat%2Fukrainalais-suomalainen-leivontakerho%2F&amp;linkname=Ukrainalais-suomalainen%20leivontakerho\" title=\"Email\" rel=\"nofollow noopener\" target=\"_blank\"><\/a><a class=\"a2a_dd addtoany_share_save addtoany_share\" href=\"https:\/\/www.addtoany.com\/share\"><\/a><\/div><\/div>&nbsp;<\/p>\n","protected":false},"excerpt":{"rendered":"<p>Valokuvia joulukuun leivontakerhosta, jossa valmistui herkullisia ukrainalaisia leivonnaisia, omenakakkua, keitinpiiraita ja omenanyyttej\u00e4. Parasta kerhossa on kuitenkin l\u00e4mmin ja v\u00e4lit\u00f6n tunnelma. Vaikka yhteist\u00e4 kielt\u00e4 ei olekaan, yhteisty\u00f6 sujuu mukavasti. Is\u00e4 Nemanjan &#8230; <a title=\"Ukrainalais-suomalainen leivontakerho\" class=\"read-more\" href=\"https:\/\/ort.fi\/taipale\/kuvagalleriat\/ukrainalais-suomalainen-leivontakerho\/\" aria-label=\"Lue lis\u00e4\u00e4 aiheesta Ukrainalais-suomalainen leivontakerho\">Lue lis\u00e4\u00e4<\/a><\/p>\n","protected":false},"author":6,"featured_media":0,"parent":604,"menu_order":-45,"comment_status":"closed","ping_status":"closed","template":"","meta":{"ngg_post_thumbnail":0,"footnotes":""},"class_list":["post-19919","page","type-page","status-publish"],"_links":{"self":[{"href":"https:\/\/ort.fi\/taipale\/wp-json\/wp\/v2\/pages\/19919","targetHints":{"allow":["GET"]}}],"collection":[{"href":"https:\/\/ort.fi\/taipale\/wp-json\/wp\/v2\/pages"}],"about":[{"href":"https:\/\/ort.fi\/taipale\/wp-json\/wp\/v2\/types\/page"}],"author":[{"embeddable":true,"href":"https:\/\/ort.fi\/taipale\/wp-json\/wp\/v2\/users\/6"}],"replies":[{"embeddable":true,"href":"https:\/\/ort.fi\/taipale\/wp-json\/wp\/v2\/comments?post=19919"}],"version-history":[{"count":5,"href":"https:\/\/ort.fi\/taipale\/wp-json\/wp\/v2\/pages\/19919\/revisions"}],"predecessor-version":[{"id":19993,"href":"https:\/\/ort.fi\/taipale\/wp-json\/wp\/v2\/pages\/19919\/revisions\/19993"}],"up":[{"embeddable":true,"href":"https:\/\/ort.fi\/taipale\/wp-json\/wp\/v2\/pages\/604"}],"wp:attachment":[{"href":"https:\/\/ort.fi\/taipale\/wp-json\/wp\/v2\/media?parent=19919"}],"curies":[{"name":"wp","href":"https:\/\/api.w.org\/{rel}","templated":true}]}}