{"id":19457,"date":"2022-11-28T16:24:25","date_gmt":"2022-11-28T14:24:25","guid":{"rendered":"https:\/\/ort.fi\/taipale\/?page_id=19457"},"modified":"2025-09-29T10:10:39","modified_gmt":"2025-09-29T07:10:39","slug":"pappilan-virkeat-vanhukset","status":"publish","type":"page","link":"https:\/\/ort.fi\/taipale\/toimintaa\/toimintapiirit\/pappilan-virkeat-vanhukset\/","title":{"rendered":"Pappilan virke\u00e4t vanhukset"},"content":{"rendered":"<p>Pappilan virke\u00e4t vanhukset kokoontuvat joka kuukauden ensimm\u00e4isen\u00e4 tiistaina yleens\u00e4 klo 13.30-15.00 Viinij\u00e4rven Vanhassa pappilassa. Tarjolla p\u00e4iv\u00e4kahvit ja ohjelmaa ortodoksisessa hengess\u00e4. Tilaa aina my\u00f6s tarinoimiselle, liikunnalle ja yhteislaululle.<\/p>\n<p>Jos tarvitset lis\u00e4tietoja tai sinulla on kyytiongelmia, ota yhteys Kaija Kareiseen, puh. 050 363 3783 tai kaija.kareinen56@gmail.com.<\/p>\n<p>Tervetuloa, ei ik\u00e4rajoja!<\/p>\n<p><a href=\"https:\/\/ort.fi\/taipale\/pappilan-virkeat-vanhukset-kuvia-ja-kuulumisia\/\">Pappilan virke\u00e4t vanhukset &#8211; kuvia ja kuulumisia<\/a>&nbsp;<br \/>\n&nbsp; &nbsp;<\/p>\n","protected":false},"excerpt":{"rendered":"<p>Pappilan virke\u00e4t vanhukset kokoontuvat joka kuukauden ensimm\u00e4isen\u00e4 tiistaina yleens\u00e4 klo 13.30-15.00 Viinij\u00e4rven Vanhassa pappilassa. Tarjolla p\u00e4iv\u00e4kahvit ja ohjelmaa ortodoksisessa hengess\u00e4. Tilaa aina my\u00f6s tarinoimiselle, liikunnalle ja yhteislaululle. Jos tarvitset lis\u00e4tietoja &#8230; <a title=\"Pappilan virke\u00e4t vanhukset\" class=\"read-more\" href=\"https:\/\/ort.fi\/taipale\/toimintaa\/toimintapiirit\/pappilan-virkeat-vanhukset\/\" aria-label=\"Lue lis\u00e4\u00e4 aiheesta Pappilan virke\u00e4t vanhukset\">Lue lis\u00e4\u00e4<\/a><\/p>\n","protected":false},"author":6,"featured_media":0,"parent":224,"menu_order":0,"comment_status":"closed","ping_status":"closed","template":"","meta":{"ngg_post_thumbnail":0,"footnotes":""},"class_list":["post-19457","page","type-page","status-publish"],"_links":{"self":[{"href":"https:\/\/ort.fi\/taipale\/wp-json\/wp\/v2\/pages\/19457","targetHints":{"allow":["GET"]}}],"collection":[{"href":"https:\/\/ort.fi\/taipale\/wp-json\/wp\/v2\/pages"}],"about":[{"href":"https:\/\/ort.fi\/taipale\/wp-json\/wp\/v2\/types\/page"}],"author":[{"embeddable":true,"href":"https:\/\/ort.fi\/taipale\/wp-json\/wp\/v2\/users\/6"}],"replies":[{"embeddable":true,"href":"https:\/\/ort.fi\/taipale\/wp-json\/wp\/v2\/comments?post=19457"}],"version-history":[{"count":11,"href":"https:\/\/ort.fi\/taipale\/wp-json\/wp\/v2\/pages\/19457\/revisions"}],"predecessor-version":[{"id":30225,"href":"https:\/\/ort.fi\/taipale\/wp-json\/wp\/v2\/pages\/19457\/revisions\/30225"}],"up":[{"embeddable":true,"href":"https:\/\/ort.fi\/taipale\/wp-json\/wp\/v2\/pages\/224"}],"wp:attachment":[{"href":"https:\/\/ort.fi\/taipale\/wp-json\/wp\/v2\/media?parent=19457"}],"curies":[{"name":"wp","href":"https:\/\/api.w.org\/{rel}","templated":true}]}}