{"id":19425,"date":"2022-11-28T15:49:31","date_gmt":"2022-11-28T13:49:31","guid":{"rendered":"https:\/\/ort.fi\/taipale\/?page_id=19425"},"modified":"2026-02-03T11:59:14","modified_gmt":"2026-02-03T09:59:14","slug":"aurinkokerho","status":"publish","type":"page","link":"https:\/\/ort.fi\/taipale\/toimintaa\/toimintapiirit\/aurinkokerho\/","title":{"rendered":"Aurinkokerho"},"content":{"rendered":"<p><img loading=\"lazy\" decoding=\"async\" class=\"size-medium wp-image-19429 alignright\" src=\"https:\/\/ort.fi\/taipale\/wp-content\/uploads\/2022\/11\/Aurinkokerho-225x300.jpg\" alt=\"\" width=\"225\" height=\"300\" srcset=\"https:\/\/ort.fi\/taipale\/wp-content\/uploads\/2022\/11\/Aurinkokerho-225x300.jpg 225w, https:\/\/ort.fi\/taipale\/wp-content\/uploads\/2022\/11\/Aurinkokerho.jpg 768w\" sizes=\"auto, (max-width: 225px) 100vw, 225px\" \/>Joensuun ja Taipaleen seurakuntien yhteinen kehitysvammaisille suunnattu kerho on kokoontunut jo vuodesta 2003 alkaen. Aurinkokerhoksi nimetty kerho kokoontuu kerran kuukaudessa joko Joensuun ortodoksisella seurakuntasalilla (Kirkkokatu 32) tai Viinij\u00e4rven Vanhassa Pappilassa (Viinij\u00e4rventie 7), ellei toisin ilmoiteta. Lis\u00e4ksi kerholaiset osallistuvat muutaman kerran vuodessa yhdess\u00e4 liturgiaan eli jumalanpalvelukseen Joensuun tai Taipaleen seurakunnan alueella.<\/p>\n<p>Kerhon kokoontumiset alkavat hartaushetkell\u00e4 ja jatkuvat viriketoiminnalla sek\u00e4 yhteisell\u00e4 ruokailulla (mukaan 3 \u20ac). Kerhoon ilmoittautuminen Joensuun seurakunnan virastoon, numeroon 0400 397 900 viimeist\u00e4\u00e4n saman viikon keskiviikkona, kun kerho toteutuu lauantaina. Virasto on avoinna ma, ti, to, pe. klo 9-15 ja ke klo 12-15. Ilmoittuminen on ruokailun takia.&nbsp;<\/p>\n<p>Lis\u00e4tietoja: Joensuun diakoniaty\u00f6ntekij\u00e4 Katja Kanninen (050 539 4932) sek\u00e4 Taipaleen pappi Nemanja Bal\u010din (040 673 2918).<br \/>\n&nbsp; &nbsp;<\/p>\n<p>&nbsp;<\/p>\n","protected":false},"excerpt":{"rendered":"<p>Joensuun ja Taipaleen seurakuntien yhteinen kehitysvammaisille suunnattu kerho on kokoontunut jo vuodesta 2003 alkaen. Aurinkokerhoksi nimetty kerho kokoontuu kerran kuukaudessa joko Joensuun ortodoksisella seurakuntasalilla (Kirkkokatu 32) tai Viinij\u00e4rven Vanhassa Pappilassa &#8230; <a title=\"Aurinkokerho\" class=\"read-more\" href=\"https:\/\/ort.fi\/taipale\/toimintaa\/toimintapiirit\/aurinkokerho\/\" aria-label=\"Lue lis\u00e4\u00e4 aiheesta Aurinkokerho\">Lue lis\u00e4\u00e4<\/a><\/p>\n","protected":false},"author":6,"featured_media":0,"parent":224,"menu_order":0,"comment_status":"closed","ping_status":"closed","template":"","meta":{"ngg_post_thumbnail":0,"footnotes":""},"class_list":["post-19425","page","type-page","status-publish"],"_links":{"self":[{"href":"https:\/\/ort.fi\/taipale\/wp-json\/wp\/v2\/pages\/19425","targetHints":{"allow":["GET"]}}],"collection":[{"href":"https:\/\/ort.fi\/taipale\/wp-json\/wp\/v2\/pages"}],"about":[{"href":"https:\/\/ort.fi\/taipale\/wp-json\/wp\/v2\/types\/page"}],"author":[{"embeddable":true,"href":"https:\/\/ort.fi\/taipale\/wp-json\/wp\/v2\/users\/6"}],"replies":[{"embeddable":true,"href":"https:\/\/ort.fi\/taipale\/wp-json\/wp\/v2\/comments?post=19425"}],"version-history":[{"count":11,"href":"https:\/\/ort.fi\/taipale\/wp-json\/wp\/v2\/pages\/19425\/revisions"}],"predecessor-version":[{"id":31423,"href":"https:\/\/ort.fi\/taipale\/wp-json\/wp\/v2\/pages\/19425\/revisions\/31423"}],"up":[{"embeddable":true,"href":"https:\/\/ort.fi\/taipale\/wp-json\/wp\/v2\/pages\/224"}],"wp:attachment":[{"href":"https:\/\/ort.fi\/taipale\/wp-json\/wp\/v2\/media?parent=19425"}],"curies":[{"name":"wp","href":"https:\/\/api.w.org\/{rel}","templated":true}]}}