{"id":19335,"date":"2022-11-25T17:05:43","date_gmt":"2022-11-25T15:05:43","guid":{"rendered":"https:\/\/ort.fi\/taipale\/?page_id=19335"},"modified":"2022-11-25T17:05:43","modified_gmt":"2022-11-25T15:05:43","slug":"haasta-jumala-keskusteluun","status":"publish","type":"page","link":"https:\/\/ort.fi\/taipale\/opetuskirjoituksia\/haasta-jumala-keskusteluun\/","title":{"rendered":"Haasta Jumala keskusteluun!"},"content":{"rendered":"<p>Kun on tehty kyselyj\u00e4 siit\u00e4, uskovatko ihmiset Jumalaan, vastaajista suuri joukko ilmoittaa, ett\u00e4 he kyll\u00e4 uskovat Jumalaan, mutta eri tavalla, kuin kirkko opettaa.<\/p>\n<p>Melkein suoralta k\u00e4delt\u00e4 uskallan v\u00e4itt\u00e4\u00e4, ett\u00e4 moni n\u00e4in vastannut ei tied\u00e4, mit\u00e4 kirkko opettaa, vaan vastauksen taustana on ennakkoasenne kirkon opetusta kohtaan. Usein esiin nousee jokin yksitt\u00e4inen kirkon kannanotto tai jonkun kirkon ty\u00f6ntekij\u00e4n toiminta, jonka perusteella tehd\u00e4\u00e4n johtop\u00e4\u00e4t\u00f6kset koko kirkon opetuksesta.<\/p>\n<p>El\u00e4mme l\u00e4ntisess\u00e4 kulttuurissa, jossa korostamme yksil\u00f6llisyytt\u00e4 ja oman el\u00e4m\u00e4n hallintaa. T\u00e4m\u00e4n seurauksena my\u00f6s uskosta Jumalaan tulee yksityisasia, jonka sis\u00e4ll\u00f6n ja muodon kukin katsoo oikeudekseen p\u00e4\u00e4tt\u00e4\u00e4 itse.<\/p>\n<p>El\u00e4m\u00e4 voi kuitenkin monella tavalla yll\u00e4tt\u00e4\u00e4 ja pys\u00e4ytt\u00e4\u00e4. Kun el\u00e4m\u00e4ntilanne ylitt\u00e4\u00e4 omat voimat ja kun itsens\u00e4 hallitsemisen tunne pett\u00e4\u00e4, silloin h\u00e4diss\u00e4mme huokaamme: \u201dJumala, auta!\u201d Mit\u00e4 sitten tapahtuu? Ehk\u00e4 ei mit\u00e4\u00e4n n\u00e4kyv\u00e4\u00e4? Yksin, omalla tavallaan uskova, helposti loukkaantuu ja toteaa: \u201dEi Jumalaa ole!\u201d<\/p>\n<p>Se, ett\u00e4 ihminen uskoo niin kuin kirkko opettaa, ei tarkoita sit\u00e4, ett\u00e4 ihminen olisi vailla omaa ajattelua. Kirkon usko ja opetus pohjaavat siihen, ett\u00e4 kirkko luo puitteet haastaa Jumala keskusteluun. Kirkko on paikka, jossa me voimme tuoda ilomme, surumme, ahdistuksemme ja pyynt\u00f6mme Jumalan eteen.<\/p>\n<p>Kirkossa meill\u00e4 on k\u00e4yt\u00f6ss\u00e4 kahden vuosituhannen ymm\u00e4rrys Jumalan ja ihmisen yhteistoiminnasta. Voimme n\u00e4hd\u00e4, miten meit\u00e4 edelt\u00e4neet sukupolvet ja kirkon opettajat ovat kohdanneet ymp\u00e4r\u00f6iv\u00e4n maailman haasteet \u2013 ilot ja surut. Kirkon k\u00e4yt\u00f6ss\u00e4 on siis jo kokemus siit\u00e4, mit\u00e4 ihmisen el\u00e4m\u00e4 on ja miten se toteutuu. Silt\u00e4 perustalta kirkko voi kohdata my\u00f6s ihmisen h\u00e4d\u00e4n ja avunpyynn\u00f6t t\u00e4n\u00e4 aikana.<\/p>\n<p>Sen, joka rakentaa uskonsa kirkon ulkopuolelle, on vaikea n\u00e4hd\u00e4, ett\u00e4 usko on prosessi, tapahtumien ketju, jossa asiat etenev\u00e4t porras portaalta. Meist\u00e4 ehk\u00e4 tuntuu, ett\u00e4 mit\u00e4\u00e4n ei tapahdu, kun rukoilemme, mutta kuitenkin Jumala toimii, l\u00e4\u00e4kitsee ja parantaa. Jumala on kiinnostunut meid\u00e4n pelastuksestamme ja H\u00e4n tiet\u00e4\u00e4, millaisia l\u00e4\u00e4kkeit\u00e4 tarvitsemme ja milloin on oikea hetki parantumiseen.<\/p>\n<p>is\u00e4 Markku Toivanen<\/p>\n<p><div class=\"addtoany_shortcode\"><div class=\"a2a_kit a2a_kit_size_32 addtoany_list\" data-a2a-url=\"https:\/\/ort.fi\/taipale\/opetuskirjoituksia\/haasta-jumala-keskusteluun\/\" data-a2a-title=\"Haasta Jumala keskusteluun!\"><a class=\"a2a_button_facebook\" href=\"https:\/\/www.addtoany.com\/add_to\/facebook?linkurl=https%3A%2F%2Fort.fi%2Ftaipale%2Fopetuskirjoituksia%2Fhaasta-jumala-keskusteluun%2F&amp;linkname=Haasta%20Jumala%20keskusteluun%21\" title=\"Facebook\" rel=\"nofollow noopener\" target=\"_blank\"><\/a><a class=\"a2a_button_twitter\" href=\"https:\/\/www.addtoany.com\/add_to\/twitter?linkurl=https%3A%2F%2Fort.fi%2Ftaipale%2Fopetuskirjoituksia%2Fhaasta-jumala-keskusteluun%2F&amp;linkname=Haasta%20Jumala%20keskusteluun%21\" title=\"Twitter\" rel=\"nofollow noopener\" target=\"_blank\"><\/a><a class=\"a2a_button_whatsapp\" href=\"https:\/\/www.addtoany.com\/add_to\/whatsapp?linkurl=https%3A%2F%2Fort.fi%2Ftaipale%2Fopetuskirjoituksia%2Fhaasta-jumala-keskusteluun%2F&amp;linkname=Haasta%20Jumala%20keskusteluun%21\" title=\"WhatsApp\" rel=\"nofollow noopener\" target=\"_blank\"><\/a><a class=\"a2a_button_email\" href=\"https:\/\/www.addtoany.com\/add_to\/email?linkurl=https%3A%2F%2Fort.fi%2Ftaipale%2Fopetuskirjoituksia%2Fhaasta-jumala-keskusteluun%2F&amp;linkname=Haasta%20Jumala%20keskusteluun%21\" title=\"Email\" rel=\"nofollow noopener\" target=\"_blank\"><\/a><a class=\"a2a_dd addtoany_share_save addtoany_share\" href=\"https:\/\/www.addtoany.com\/share\"><\/a><\/div><\/div><br \/>\n&nbsp; &nbsp;<\/p>\n","protected":false},"excerpt":{"rendered":"<p>Kun on tehty kyselyj\u00e4 siit\u00e4, uskovatko ihmiset Jumalaan, vastaajista suuri joukko ilmoittaa, ett\u00e4 he kyll\u00e4 uskovat Jumalaan, mutta eri tavalla, kuin kirkko opettaa. Melkein suoralta k\u00e4delt\u00e4 uskallan v\u00e4itt\u00e4\u00e4, ett\u00e4 moni &#8230; <a title=\"Haasta Jumala keskusteluun!\" class=\"read-more\" href=\"https:\/\/ort.fi\/taipale\/opetuskirjoituksia\/haasta-jumala-keskusteluun\/\" aria-label=\"Lue lis\u00e4\u00e4 aiheesta Haasta Jumala keskusteluun!\">Lue lis\u00e4\u00e4<\/a><\/p>\n","protected":false},"author":2,"featured_media":0,"parent":630,"menu_order":0,"comment_status":"closed","ping_status":"closed","template":"","meta":{"ngg_post_thumbnail":0,"footnotes":""},"class_list":["post-19335","page","type-page","status-publish"],"_links":{"self":[{"href":"https:\/\/ort.fi\/taipale\/wp-json\/wp\/v2\/pages\/19335","targetHints":{"allow":["GET"]}}],"collection":[{"href":"https:\/\/ort.fi\/taipale\/wp-json\/wp\/v2\/pages"}],"about":[{"href":"https:\/\/ort.fi\/taipale\/wp-json\/wp\/v2\/types\/page"}],"author":[{"embeddable":true,"href":"https:\/\/ort.fi\/taipale\/wp-json\/wp\/v2\/users\/2"}],"replies":[{"embeddable":true,"href":"https:\/\/ort.fi\/taipale\/wp-json\/wp\/v2\/comments?post=19335"}],"version-history":[{"count":1,"href":"https:\/\/ort.fi\/taipale\/wp-json\/wp\/v2\/pages\/19335\/revisions"}],"predecessor-version":[{"id":19337,"href":"https:\/\/ort.fi\/taipale\/wp-json\/wp\/v2\/pages\/19335\/revisions\/19337"}],"up":[{"embeddable":true,"href":"https:\/\/ort.fi\/taipale\/wp-json\/wp\/v2\/pages\/630"}],"wp:attachment":[{"href":"https:\/\/ort.fi\/taipale\/wp-json\/wp\/v2\/media?parent=19335"}],"curies":[{"name":"wp","href":"https:\/\/api.w.org\/{rel}","templated":true}]}}