{"id":18905,"date":"2022-10-05T16:41:39","date_gmt":"2022-10-05T13:41:39","guid":{"rendered":"https:\/\/ort.fi\/taipale\/?page_id=18905"},"modified":"2022-11-25T19:02:04","modified_gmt":"2022-11-25T17:02:04","slug":"parempi-vihannesvati-ja-ystavien-seura-kuin-syottoharka-ja-vihaiset-katseet","status":"publish","type":"page","link":"https:\/\/ort.fi\/taipale\/opetuskirjoituksia\/parempi-vihannesvati-ja-ystavien-seura-kuin-syottoharka-ja-vihaiset-katseet\/","title":{"rendered":"\u201dParempi vihannesvati ja yst\u00e4vien seura kuin sy\u00f6tt\u00f6h\u00e4rk\u00e4 ja vihaiset katseet\u201d"},"content":{"rendered":"<p>\u201dParempi vihannesvati ja yst\u00e4vien seura kuin sy\u00f6tt\u00f6h\u00e4rk\u00e4 ja vihaiset katseet\u201d Sananlaskujen kirja 15:17<\/p>\n<p>Oi, mik\u00e4 lahja Jumalalta ovat hyv\u00e4t yst\u00e4v\u00e4t! He jakavat sinun surusi, lohduttavat murheessasi, auttavat vastoink\u00e4ymisiss\u00e4, huolehtivat sairauden aikana ja kantavat esirukousta puolestasi.<\/p>\n<p>\u201dYst\u00e4v\u00e4n rakkaus ei koskaan pet\u00e4, veli auttaa velje\u00e4 h\u00e4d\u00e4n hetkell\u00e4\u201d 17:17<\/p>\n<p>Ilon tai menestyksesi aikana he eiv\u00e4t kadehtien tuki ulkopuolisena silmi\u00e4\u00e4n ja korviaan, vaan iloitsevat vilpitt\u00f6m\u00e4sti sinun onnestasi ja nauravat rinnallasi riemusi hetkell\u00e4.<\/p>\n<p>\u201dYst\u00e4v\u00e4llinen katse ilahduttaa mielen, iloinen uutinen virkist\u00e4\u00e4 ruumiin.\u201d 15:30<\/p>\n<p>Sama luottamus Jumalan tukeen ja hyvyyteen yhdist\u00e4\u00e4 ihmisi\u00e4 kesken\u00e4\u00e4n luoden vahvan siteen, joka ei natise liitoksissaan, vaikka el\u00e4m\u00e4ntilanteet miten sit\u00e4 venytt\u00e4isiv\u00e4t.<\/p>\n<p>\u201dVeden kalvossa n\u00e4et kasvosi, l\u00e4himm\u00e4isess\u00e4 n\u00e4et syd\u00e4mesi.\u201d 27:19<\/p>\n<p>Usko Kristuksen yl\u00f6snousemukseen ja iankaikkiseen el\u00e4m\u00e4\u00e4n rohkaisee l\u00e4hestym\u00e4\u00e4n murheeseen pukeutunutta. Samalla se antaa my\u00f6s lohduttavat sanat suurimmankin surun kohdatessa.<\/p>\n<p>\u201dLohduttava puhe antaa el\u00e4m\u00e4nrohkeutta, petollinen sana murtaa mielen\u201d 15: 4<\/p>\n<p>Yst\u00e4vyytt\u00e4 kannattaa vaalia kiitollisuudella. Pimeyden voimat ovat aina vaanimassa siell\u00e4, miss\u00e4 Jumalan hyvyys ja rakkaus s\u00e4teilee ihmisten kesken. Niinp\u00e4 pahalle ei saisi antaa valtaa, eik\u00e4 suoda pienint\u00e4k\u00e4\u00e4n yrityst\u00e4 myrkytt\u00e4\u00e4 yst\u00e4vyyden puhdasta l\u00e4hdett\u00e4.<\/p>\n<p>\u201dRiita syntyy kuin rako patoon &#8211; tuki se ennen kuin vesi nousee.\u201d 17:14<\/p>\n<p>On sanottu, ettei mik\u00e4\u00e4n yhdist\u00e4 kahta ihmist\u00e4 niin hyvin kuin kolmannesta pahan puhuminen, mutta puhtaat ja rakentavat puheen aiheet, tunteet ja tahto t\u00e4ytt\u00e4v\u00e4t yst\u00e4vyyden maljaakin loputtomalla kirkkaudella, ilolla ja lohdutuksella.<\/p>\n<p>\u201dJos kirnuat kermaa, tulee voita, jos v\u00e4\u00e4nn\u00e4t nen\u00e4\u00e4, tulee verta, jos lietsot vihaa, tulee sota.\u201d 30:33<\/p>\n<p>Otteet Vanhan Testamentin Sananlaskujen kirjasta, joka on heprean kielell\u00e4 l\u00e4hes kolmetuhatta vuotta sitten kirjoitettua runollista el\u00e4m\u00e4nviisautta.<\/p>\n<p>Kaisu Potkonen<br \/>\n&nbsp; &nbsp;<\/p>\n","protected":false},"excerpt":{"rendered":"<p>\u201dParempi vihannesvati ja yst\u00e4vien seura kuin sy\u00f6tt\u00f6h\u00e4rk\u00e4 ja vihaiset katseet\u201d Sananlaskujen kirja 15:17 Oi, mik\u00e4 lahja Jumalalta ovat hyv\u00e4t yst\u00e4v\u00e4t! He jakavat sinun surusi, lohduttavat murheessasi, auttavat vastoink\u00e4ymisiss\u00e4, huolehtivat sairauden &#8230; <a title=\"\u201dParempi vihannesvati ja yst\u00e4vien seura kuin sy\u00f6tt\u00f6h\u00e4rk\u00e4 ja vihaiset katseet\u201d\" class=\"read-more\" href=\"https:\/\/ort.fi\/taipale\/opetuskirjoituksia\/parempi-vihannesvati-ja-ystavien-seura-kuin-syottoharka-ja-vihaiset-katseet\/\" aria-label=\"Lue lis\u00e4\u00e4 aiheesta \u201dParempi vihannesvati ja yst\u00e4vien seura kuin sy\u00f6tt\u00f6h\u00e4rk\u00e4 ja vihaiset katseet\u201d\">Lue lis\u00e4\u00e4<\/a><\/p>\n","protected":false},"author":6,"featured_media":0,"parent":630,"menu_order":0,"comment_status":"closed","ping_status":"closed","template":"","meta":{"ngg_post_thumbnail":0,"footnotes":""},"class_list":["post-18905","page","type-page","status-publish"],"_links":{"self":[{"href":"https:\/\/ort.fi\/taipale\/wp-json\/wp\/v2\/pages\/18905","targetHints":{"allow":["GET"]}}],"collection":[{"href":"https:\/\/ort.fi\/taipale\/wp-json\/wp\/v2\/pages"}],"about":[{"href":"https:\/\/ort.fi\/taipale\/wp-json\/wp\/v2\/types\/page"}],"author":[{"embeddable":true,"href":"https:\/\/ort.fi\/taipale\/wp-json\/wp\/v2\/users\/6"}],"replies":[{"embeddable":true,"href":"https:\/\/ort.fi\/taipale\/wp-json\/wp\/v2\/comments?post=18905"}],"version-history":[{"count":2,"href":"https:\/\/ort.fi\/taipale\/wp-json\/wp\/v2\/pages\/18905\/revisions"}],"predecessor-version":[{"id":18909,"href":"https:\/\/ort.fi\/taipale\/wp-json\/wp\/v2\/pages\/18905\/revisions\/18909"}],"up":[{"embeddable":true,"href":"https:\/\/ort.fi\/taipale\/wp-json\/wp\/v2\/pages\/630"}],"wp:attachment":[{"href":"https:\/\/ort.fi\/taipale\/wp-json\/wp\/v2\/media?parent=18905"}],"curies":[{"name":"wp","href":"https:\/\/api.w.org\/{rel}","templated":true}]}}