{"id":18671,"date":"2022-09-18T15:29:32","date_gmt":"2022-09-18T12:29:32","guid":{"rendered":"https:\/\/ort.fi\/taipale\/?page_id=18671"},"modified":"2022-09-20T19:54:31","modified_gmt":"2022-09-20T16:54:31","slug":"seurakunnantarkastuksen-paatosliturgia-18-9-2022","status":"publish","type":"page","link":"https:\/\/ort.fi\/taipale\/kuvagalleriat\/seurakunnantarkastuksen-paatosliturgia-18-9-2022\/","title":{"rendered":"Seurakunnantarkastuksen p\u00e4\u00e4t\u00f6sliturgia 18.9.2022"},"content":{"rendered":"<p>Taipaleen ortodoksisen seurakunnan seurakunnantarkastus toimitettiin 13-18.9.2022. Korkeasti pyhitetty Kuopion ja Karjalan metropoliitta Arseni toimitti tarkastuksen p\u00e4\u00e4t\u00f6sliturgian Viinij\u00e4rven kirkossa sunnuntaina 18.9. Palveluksen j\u00e4lkeen pidettiin tarkastukseen kuuluva seurakunnankokous, jonka j\u00e4lkeen tarjolla oli Taipaleen kirkon yst\u00e4vien j\u00e4rjest\u00e4m\u00e4t kirkkokahvit.<\/p>\n<p>Kuvat: Arvo Naumanen<\/p>\n<p>ngg_shortcode_0_placeholder<div class=\"addtoany_shortcode\"><div class=\"a2a_kit a2a_kit_size_32 addtoany_list\" data-a2a-url=\"https:\/\/ort.fi\/taipale\/kuvagalleriat\/seurakunnantarkastuksen-paatosliturgia-18-9-2022\/\" data-a2a-title=\"Seurakunnantarkastuksen p\u00e4\u00e4t\u00f6sliturgia 18.9.2022\"><a class=\"a2a_button_facebook\" href=\"https:\/\/www.addtoany.com\/add_to\/facebook?linkurl=https%3A%2F%2Fort.fi%2Ftaipale%2Fkuvagalleriat%2Fseurakunnantarkastuksen-paatosliturgia-18-9-2022%2F&amp;linkname=Seurakunnantarkastuksen%20p%C3%A4%C3%A4t%C3%B6sliturgia%2018.9.2022\" title=\"Facebook\" rel=\"nofollow noopener\" target=\"_blank\"><\/a><a class=\"a2a_button_twitter\" href=\"https:\/\/www.addtoany.com\/add_to\/twitter?linkurl=https%3A%2F%2Fort.fi%2Ftaipale%2Fkuvagalleriat%2Fseurakunnantarkastuksen-paatosliturgia-18-9-2022%2F&amp;linkname=Seurakunnantarkastuksen%20p%C3%A4%C3%A4t%C3%B6sliturgia%2018.9.2022\" title=\"Twitter\" rel=\"nofollow noopener\" target=\"_blank\"><\/a><a class=\"a2a_button_whatsapp\" href=\"https:\/\/www.addtoany.com\/add_to\/whatsapp?linkurl=https%3A%2F%2Fort.fi%2Ftaipale%2Fkuvagalleriat%2Fseurakunnantarkastuksen-paatosliturgia-18-9-2022%2F&amp;linkname=Seurakunnantarkastuksen%20p%C3%A4%C3%A4t%C3%B6sliturgia%2018.9.2022\" title=\"WhatsApp\" rel=\"nofollow noopener\" target=\"_blank\"><\/a><a class=\"a2a_button_email\" href=\"https:\/\/www.addtoany.com\/add_to\/email?linkurl=https%3A%2F%2Fort.fi%2Ftaipale%2Fkuvagalleriat%2Fseurakunnantarkastuksen-paatosliturgia-18-9-2022%2F&amp;linkname=Seurakunnantarkastuksen%20p%C3%A4%C3%A4t%C3%B6sliturgia%2018.9.2022\" title=\"Email\" rel=\"nofollow noopener\" target=\"_blank\"><\/a><a class=\"a2a_dd addtoany_share_save addtoany_share\" href=\"https:\/\/www.addtoany.com\/share\"><\/a><\/div><\/div><\/p>\n","protected":false},"excerpt":{"rendered":"<p>Taipaleen ortodoksisen seurakunnan seurakunnantarkastus toimitettiin 13-18.9.2022. Korkeasti pyhitetty Kuopion ja Karjalan metropoliitta Arseni toimitti tarkastuksen p\u00e4\u00e4t\u00f6sliturgian Viinij\u00e4rven kirkossa sunnuntaina 18.9. Palveluksen j\u00e4lkeen pidettiin tarkastukseen kuuluva seurakunnankokous, jonka j\u00e4lkeen tarjolla oli &#8230; <a title=\"Seurakunnantarkastuksen p\u00e4\u00e4t\u00f6sliturgia 18.9.2022\" class=\"read-more\" href=\"https:\/\/ort.fi\/taipale\/kuvagalleriat\/seurakunnantarkastuksen-paatosliturgia-18-9-2022\/\" aria-label=\"Lue lis\u00e4\u00e4 aiheesta Seurakunnantarkastuksen p\u00e4\u00e4t\u00f6sliturgia 18.9.2022\">Lue lis\u00e4\u00e4<\/a><\/p>\n","protected":false},"author":6,"featured_media":0,"parent":604,"menu_order":-43,"comment_status":"closed","ping_status":"closed","template":"","meta":{"ngg_post_thumbnail":0,"footnotes":""},"class_list":["post-18671","page","type-page","status-publish"],"_links":{"self":[{"href":"https:\/\/ort.fi\/taipale\/wp-json\/wp\/v2\/pages\/18671","targetHints":{"allow":["GET"]}}],"collection":[{"href":"https:\/\/ort.fi\/taipale\/wp-json\/wp\/v2\/pages"}],"about":[{"href":"https:\/\/ort.fi\/taipale\/wp-json\/wp\/v2\/types\/page"}],"author":[{"embeddable":true,"href":"https:\/\/ort.fi\/taipale\/wp-json\/wp\/v2\/users\/6"}],"replies":[{"embeddable":true,"href":"https:\/\/ort.fi\/taipale\/wp-json\/wp\/v2\/comments?post=18671"}],"version-history":[{"count":2,"href":"https:\/\/ort.fi\/taipale\/wp-json\/wp\/v2\/pages\/18671\/revisions"}],"predecessor-version":[{"id":18675,"href":"https:\/\/ort.fi\/taipale\/wp-json\/wp\/v2\/pages\/18671\/revisions\/18675"}],"up":[{"embeddable":true,"href":"https:\/\/ort.fi\/taipale\/wp-json\/wp\/v2\/pages\/604"}],"wp:attachment":[{"href":"https:\/\/ort.fi\/taipale\/wp-json\/wp\/v2\/media?parent=18671"}],"curies":[{"name":"wp","href":"https:\/\/api.w.org\/{rel}","templated":true}]}}