{"id":18233,"date":"2022-08-22T15:57:40","date_gmt":"2022-08-22T12:57:40","guid":{"rendered":"https:\/\/ort.fi\/taipale\/?page_id=18233"},"modified":"2024-06-06T22:25:37","modified_gmt":"2024-06-06T19:25:37","slug":"ikonimaalauspiiri","status":"publish","type":"page","link":"https:\/\/ort.fi\/taipale\/toimintaa\/toimintapiirit\/ikonimaalauspiiri\/","title":{"rendered":"Ikonimaalauspiiri"},"content":{"rendered":"<p>Taipaleen ortodoksisen seurakunnan ikonimaalauspiiri kokoontuu yleens\u00e4 kerran kuukaudessa, lauantaisin, Viinij\u00e4rvell\u00e4 Vanhassa pappilassa, Viinij\u00e4rventie 7. Anna-Kaisa Miinalainen, 050 341 9508.<\/p>\n<p><a href=\"https:\/\/ort.fi\/taipale\/ikonimaalauspiirin-kevat-2023-kuvia-ja-kuulumisia\/\">Ikonimaalauspiirin kev\u00e4t 2023 &#8211; kuvia ja kuulumisia<\/a>&nbsp;<br \/>\n&nbsp; &nbsp;<\/p>\n","protected":false},"excerpt":{"rendered":"<p>Taipaleen ortodoksisen seurakunnan ikonimaalauspiiri kokoontuu yleens\u00e4 kerran kuukaudessa, lauantaisin, Viinij\u00e4rvell\u00e4 Vanhassa pappilassa, Viinij\u00e4rventie 7. Anna-Kaisa Miinalainen, 050 341 9508. Ikonimaalauspiirin kev\u00e4t 2023 &#8211; kuvia ja kuulumisia&nbsp; &nbsp; &nbsp;<\/p>\n","protected":false},"author":6,"featured_media":0,"parent":224,"menu_order":0,"comment_status":"closed","ping_status":"closed","template":"","meta":{"ngg_post_thumbnail":0,"footnotes":""},"class_list":["post-18233","page","type-page","status-publish"],"_links":{"self":[{"href":"https:\/\/ort.fi\/taipale\/wp-json\/wp\/v2\/pages\/18233","targetHints":{"allow":["GET"]}}],"collection":[{"href":"https:\/\/ort.fi\/taipale\/wp-json\/wp\/v2\/pages"}],"about":[{"href":"https:\/\/ort.fi\/taipale\/wp-json\/wp\/v2\/types\/page"}],"author":[{"embeddable":true,"href":"https:\/\/ort.fi\/taipale\/wp-json\/wp\/v2\/users\/6"}],"replies":[{"embeddable":true,"href":"https:\/\/ort.fi\/taipale\/wp-json\/wp\/v2\/comments?post=18233"}],"version-history":[{"count":16,"href":"https:\/\/ort.fi\/taipale\/wp-json\/wp\/v2\/pages\/18233\/revisions"}],"predecessor-version":[{"id":25975,"href":"https:\/\/ort.fi\/taipale\/wp-json\/wp\/v2\/pages\/18233\/revisions\/25975"}],"up":[{"embeddable":true,"href":"https:\/\/ort.fi\/taipale\/wp-json\/wp\/v2\/pages\/224"}],"wp:attachment":[{"href":"https:\/\/ort.fi\/taipale\/wp-json\/wp\/v2\/media?parent=18233"}],"curies":[{"name":"wp","href":"https:\/\/api.w.org\/{rel}","templated":true}]}}