{"id":17983,"date":"2022-06-26T19:18:46","date_gmt":"2022-06-26T16:18:46","guid":{"rendered":"https:\/\/ort.fi\/taipale\/?page_id=17983"},"modified":"2022-06-26T19:18:46","modified_gmt":"2022-06-26T16:18:46","slug":"pentti-potkonen-vihittiin-ipodiakoniksi","status":"publish","type":"page","link":"https:\/\/ort.fi\/taipale\/kuvagalleriat\/pentti-potkonen-vihittiin-ipodiakoniksi\/","title":{"rendered":"Pentti Potkonen vihittiin ipodiakoniksi"},"content":{"rendered":"<p>Viinij\u00e4rven kirkon praasniekan liturgian yhteydess\u00e4 26.6.2022 &#8211; Tihvin\u00e4n Jumalan\u00e4idin ikonin juhlap\u00e4iv\u00e4n\u00e4 &#8211; metropoliitta Arseni vihki Pentti Potkosen lukijaksi ja ipodiakoniksi.<\/p>\n<p>Monia armorikkaita vuosia ipodiakoni Pentille ja h\u00e4nen l\u00e4heisilleen!<\/p>\n<p>Kuvat: Heikki Haapalainen<\/p>\n<p>ngg_shortcode_0_placeholder<div class=\"addtoany_shortcode\"><div class=\"a2a_kit a2a_kit_size_32 addtoany_list\" data-a2a-url=\"https:\/\/ort.fi\/taipale\/kuvagalleriat\/pentti-potkonen-vihittiin-ipodiakoniksi\/\" data-a2a-title=\"Pentti Potkonen vihittiin ipodiakoniksi\"><a class=\"a2a_button_facebook\" href=\"https:\/\/www.addtoany.com\/add_to\/facebook?linkurl=https%3A%2F%2Fort.fi%2Ftaipale%2Fkuvagalleriat%2Fpentti-potkonen-vihittiin-ipodiakoniksi%2F&amp;linkname=Pentti%20Potkonen%20vihittiin%20ipodiakoniksi\" title=\"Facebook\" rel=\"nofollow noopener\" target=\"_blank\"><\/a><a class=\"a2a_button_twitter\" href=\"https:\/\/www.addtoany.com\/add_to\/twitter?linkurl=https%3A%2F%2Fort.fi%2Ftaipale%2Fkuvagalleriat%2Fpentti-potkonen-vihittiin-ipodiakoniksi%2F&amp;linkname=Pentti%20Potkonen%20vihittiin%20ipodiakoniksi\" title=\"Twitter\" rel=\"nofollow noopener\" target=\"_blank\"><\/a><a class=\"a2a_button_whatsapp\" href=\"https:\/\/www.addtoany.com\/add_to\/whatsapp?linkurl=https%3A%2F%2Fort.fi%2Ftaipale%2Fkuvagalleriat%2Fpentti-potkonen-vihittiin-ipodiakoniksi%2F&amp;linkname=Pentti%20Potkonen%20vihittiin%20ipodiakoniksi\" title=\"WhatsApp\" rel=\"nofollow noopener\" target=\"_blank\"><\/a><a class=\"a2a_button_email\" href=\"https:\/\/www.addtoany.com\/add_to\/email?linkurl=https%3A%2F%2Fort.fi%2Ftaipale%2Fkuvagalleriat%2Fpentti-potkonen-vihittiin-ipodiakoniksi%2F&amp;linkname=Pentti%20Potkonen%20vihittiin%20ipodiakoniksi\" title=\"Email\" rel=\"nofollow noopener\" target=\"_blank\"><\/a><a class=\"a2a_dd addtoany_share_save addtoany_share\" href=\"https:\/\/www.addtoany.com\/share\"><\/a><\/div><\/div><\/p>\n","protected":false},"excerpt":{"rendered":"<p>Viinij\u00e4rven kirkon praasniekan liturgian yhteydess\u00e4 26.6.2022 &#8211; Tihvin\u00e4n Jumalan\u00e4idin ikonin juhlap\u00e4iv\u00e4n\u00e4 &#8211; metropoliitta Arseni vihki Pentti Potkosen lukijaksi ja ipodiakoniksi. Monia armorikkaita vuosia ipodiakoni Pentille ja h\u00e4nen l\u00e4heisilleen! Kuvat: Heikki &#8230; <a title=\"Pentti Potkonen vihittiin ipodiakoniksi\" class=\"read-more\" href=\"https:\/\/ort.fi\/taipale\/kuvagalleriat\/pentti-potkonen-vihittiin-ipodiakoniksi\/\" aria-label=\"Lue lis\u00e4\u00e4 aiheesta Pentti Potkonen vihittiin ipodiakoniksi\">Lue lis\u00e4\u00e4<\/a><\/p>\n","protected":false},"author":6,"featured_media":0,"parent":604,"menu_order":-37,"comment_status":"closed","ping_status":"closed","template":"","meta":{"ngg_post_thumbnail":0,"footnotes":""},"class_list":["post-17983","page","type-page","status-publish"],"_links":{"self":[{"href":"https:\/\/ort.fi\/taipale\/wp-json\/wp\/v2\/pages\/17983","targetHints":{"allow":["GET"]}}],"collection":[{"href":"https:\/\/ort.fi\/taipale\/wp-json\/wp\/v2\/pages"}],"about":[{"href":"https:\/\/ort.fi\/taipale\/wp-json\/wp\/v2\/types\/page"}],"author":[{"embeddable":true,"href":"https:\/\/ort.fi\/taipale\/wp-json\/wp\/v2\/users\/6"}],"replies":[{"embeddable":true,"href":"https:\/\/ort.fi\/taipale\/wp-json\/wp\/v2\/comments?post=17983"}],"version-history":[{"count":1,"href":"https:\/\/ort.fi\/taipale\/wp-json\/wp\/v2\/pages\/17983\/revisions"}],"predecessor-version":[{"id":17985,"href":"https:\/\/ort.fi\/taipale\/wp-json\/wp\/v2\/pages\/17983\/revisions\/17985"}],"up":[{"embeddable":true,"href":"https:\/\/ort.fi\/taipale\/wp-json\/wp\/v2\/pages\/604"}],"wp:attachment":[{"href":"https:\/\/ort.fi\/taipale\/wp-json\/wp\/v2\/media?parent=17983"}],"curies":[{"name":"wp","href":"https:\/\/api.w.org\/{rel}","templated":true}]}}