{"id":17799,"date":"2022-06-06T19:16:01","date_gmt":"2022-06-06T16:16:01","guid":{"rendered":"https:\/\/ort.fi\/taipale\/?page_id=17799"},"modified":"2022-06-07T17:19:14","modified_gmt":"2022-06-07T14:19:14","slug":"outokummun-kirkon-praasniekka-6-6-2022","status":"publish","type":"page","link":"https:\/\/ort.fi\/taipale\/kuvagalleriat\/outokummun-kirkon-praasniekka-6-6-2022\/","title":{"rendered":"Outokummun kirkon praasniekka 6.6.2022"},"content":{"rendered":"<p>Valokuvia Outokummun Pyh\u00e4n Hengen kirkon praasniekasta; sunnuntai-illan ehtoopalveluksesta ja polvirukouksista sek\u00e4 maanantain, Pyh\u00e4n Hengen p\u00e4iv\u00e4n, liturgiasta, vedenpyhityksest\u00e4 ja ristisaatosta.<\/p>\n<p>Liturgian yhteydess\u00e4 toimitettiin my\u00f6s yksi kirkkoon liitt\u00e4minen. Monia armorikkaita vuosia Karoliinalle!<\/p>\n<p>Maanantain palveluksen j\u00e4lkeen alakerran seurakuntasalilla oli perinteisen praasniekkajuhlan ja -kahvien lis\u00e4ksi Outokummun tiistaiseuran 70v. juhla, jossa muisteltiin tiistaiseuran taivalta perustamisesta t\u00e4h\u00e4n p\u00e4iv\u00e4\u00e4n saakka.<\/p>\n<p>Suuret kiitokset molempien p\u00e4ivien seurakuntasalin tarjoilujen j\u00e4rjestelyist\u00e4 vastanneille Lealle ja Ritvalle!<\/p>\n<p>Kuvat: Meeri Jolkkonen, Hannu Mutanen ja Arvo Naumanen<\/p>\n<p>ngg_shortcode_0_placeholder<div class=\"addtoany_shortcode\"><div class=\"a2a_kit a2a_kit_size_32 addtoany_list\" data-a2a-url=\"https:\/\/ort.fi\/taipale\/kuvagalleriat\/outokummun-kirkon-praasniekka-6-6-2022\/\" data-a2a-title=\"Outokummun kirkon praasniekka 6.6.2022\"><a class=\"a2a_button_facebook\" href=\"https:\/\/www.addtoany.com\/add_to\/facebook?linkurl=https%3A%2F%2Fort.fi%2Ftaipale%2Fkuvagalleriat%2Foutokummun-kirkon-praasniekka-6-6-2022%2F&amp;linkname=Outokummun%20kirkon%20praasniekka%206.6.2022\" title=\"Facebook\" rel=\"nofollow noopener\" target=\"_blank\"><\/a><a class=\"a2a_button_twitter\" href=\"https:\/\/www.addtoany.com\/add_to\/twitter?linkurl=https%3A%2F%2Fort.fi%2Ftaipale%2Fkuvagalleriat%2Foutokummun-kirkon-praasniekka-6-6-2022%2F&amp;linkname=Outokummun%20kirkon%20praasniekka%206.6.2022\" title=\"Twitter\" rel=\"nofollow noopener\" target=\"_blank\"><\/a><a class=\"a2a_button_whatsapp\" href=\"https:\/\/www.addtoany.com\/add_to\/whatsapp?linkurl=https%3A%2F%2Fort.fi%2Ftaipale%2Fkuvagalleriat%2Foutokummun-kirkon-praasniekka-6-6-2022%2F&amp;linkname=Outokummun%20kirkon%20praasniekka%206.6.2022\" title=\"WhatsApp\" rel=\"nofollow noopener\" target=\"_blank\"><\/a><a class=\"a2a_button_email\" href=\"https:\/\/www.addtoany.com\/add_to\/email?linkurl=https%3A%2F%2Fort.fi%2Ftaipale%2Fkuvagalleriat%2Foutokummun-kirkon-praasniekka-6-6-2022%2F&amp;linkname=Outokummun%20kirkon%20praasniekka%206.6.2022\" title=\"Email\" rel=\"nofollow noopener\" target=\"_blank\"><\/a><a class=\"a2a_dd addtoany_share_save addtoany_share\" href=\"https:\/\/www.addtoany.com\/share\"><\/a><\/div><\/div><\/p>\n","protected":false},"excerpt":{"rendered":"<p>Valokuvia Outokummun Pyh\u00e4n Hengen kirkon praasniekasta; sunnuntai-illan ehtoopalveluksesta ja polvirukouksista sek\u00e4 maanantain, Pyh\u00e4n Hengen p\u00e4iv\u00e4n, liturgiasta, vedenpyhityksest\u00e4 ja ristisaatosta. Liturgian yhteydess\u00e4 toimitettiin my\u00f6s yksi kirkkoon liitt\u00e4minen. Monia armorikkaita vuosia Karoliinalle! &#8230; <a title=\"Outokummun kirkon praasniekka 6.6.2022\" class=\"read-more\" href=\"https:\/\/ort.fi\/taipale\/kuvagalleriat\/outokummun-kirkon-praasniekka-6-6-2022\/\" aria-label=\"Lue lis\u00e4\u00e4 aiheesta Outokummun kirkon praasniekka 6.6.2022\">Lue lis\u00e4\u00e4<\/a><\/p>\n","protected":false},"author":6,"featured_media":0,"parent":604,"menu_order":-35,"comment_status":"closed","ping_status":"closed","template":"","meta":{"ngg_post_thumbnail":0,"footnotes":""},"class_list":["post-17799","page","type-page","status-publish"],"_links":{"self":[{"href":"https:\/\/ort.fi\/taipale\/wp-json\/wp\/v2\/pages\/17799","targetHints":{"allow":["GET"]}}],"collection":[{"href":"https:\/\/ort.fi\/taipale\/wp-json\/wp\/v2\/pages"}],"about":[{"href":"https:\/\/ort.fi\/taipale\/wp-json\/wp\/v2\/types\/page"}],"author":[{"embeddable":true,"href":"https:\/\/ort.fi\/taipale\/wp-json\/wp\/v2\/users\/6"}],"replies":[{"embeddable":true,"href":"https:\/\/ort.fi\/taipale\/wp-json\/wp\/v2\/comments?post=17799"}],"version-history":[{"count":4,"href":"https:\/\/ort.fi\/taipale\/wp-json\/wp\/v2\/pages\/17799\/revisions"}],"predecessor-version":[{"id":17813,"href":"https:\/\/ort.fi\/taipale\/wp-json\/wp\/v2\/pages\/17799\/revisions\/17813"}],"up":[{"embeddable":true,"href":"https:\/\/ort.fi\/taipale\/wp-json\/wp\/v2\/pages\/604"}],"wp:attachment":[{"href":"https:\/\/ort.fi\/taipale\/wp-json\/wp\/v2\/media?parent=17799"}],"curies":[{"name":"wp","href":"https:\/\/api.w.org\/{rel}","templated":true}]}}