{"id":17649,"date":"2022-05-28T21:35:58","date_gmt":"2022-05-28T18:35:58","guid":{"rendered":"https:\/\/ort.fi\/taipale\/?page_id=17649"},"modified":"2022-05-28T21:45:09","modified_gmt":"2022-05-28T18:45:09","slug":"saynelammen-leirikeskuksen-praasniekka-2022","status":"publish","type":"page","link":"https:\/\/ort.fi\/taipale\/kuvagalleriat\/saynelammen-leirikeskuksen-praasniekka-2022\/","title":{"rendered":"S\u00e4ynelammen leirikeskuksen praasniekka 2022"},"content":{"rendered":"<p>S\u00e4ynelammen Pyh\u00e4n Johannes Ven\u00e4l\u00e4isen leirikeskuksen praasniekkaa juhlittiin torstai-iltana 26.5. toimitetulla ehtoopalveluksella ja vedenpyhityksell\u00e4 sek\u00e4 perjantai-aamuna 27.5. toimitetulla liturgialla.<br \/>\nValokuvat torstai-illan ehtoopalveluksesta ja vedenpyhityksest\u00e4.<\/p>\n<p>Kuvat: Nemanja Balcin<\/p>\n<p>ngg_shortcode_0_placeholder<div class=\"addtoany_shortcode\"><div class=\"a2a_kit a2a_kit_size_32 addtoany_list\" data-a2a-url=\"https:\/\/ort.fi\/taipale\/kuvagalleriat\/saynelammen-leirikeskuksen-praasniekka-2022\/\" data-a2a-title=\"S\u00e4ynelammen leirikeskuksen praasniekka 2022\"><a class=\"a2a_button_facebook\" href=\"https:\/\/www.addtoany.com\/add_to\/facebook?linkurl=https%3A%2F%2Fort.fi%2Ftaipale%2Fkuvagalleriat%2Fsaynelammen-leirikeskuksen-praasniekka-2022%2F&amp;linkname=S%C3%A4ynelammen%20leirikeskuksen%20praasniekka%202022\" title=\"Facebook\" rel=\"nofollow noopener\" target=\"_blank\"><\/a><a class=\"a2a_button_twitter\" href=\"https:\/\/www.addtoany.com\/add_to\/twitter?linkurl=https%3A%2F%2Fort.fi%2Ftaipale%2Fkuvagalleriat%2Fsaynelammen-leirikeskuksen-praasniekka-2022%2F&amp;linkname=S%C3%A4ynelammen%20leirikeskuksen%20praasniekka%202022\" title=\"Twitter\" rel=\"nofollow noopener\" target=\"_blank\"><\/a><a class=\"a2a_button_whatsapp\" href=\"https:\/\/www.addtoany.com\/add_to\/whatsapp?linkurl=https%3A%2F%2Fort.fi%2Ftaipale%2Fkuvagalleriat%2Fsaynelammen-leirikeskuksen-praasniekka-2022%2F&amp;linkname=S%C3%A4ynelammen%20leirikeskuksen%20praasniekka%202022\" title=\"WhatsApp\" rel=\"nofollow noopener\" target=\"_blank\"><\/a><a class=\"a2a_button_email\" href=\"https:\/\/www.addtoany.com\/add_to\/email?linkurl=https%3A%2F%2Fort.fi%2Ftaipale%2Fkuvagalleriat%2Fsaynelammen-leirikeskuksen-praasniekka-2022%2F&amp;linkname=S%C3%A4ynelammen%20leirikeskuksen%20praasniekka%202022\" title=\"Email\" rel=\"nofollow noopener\" target=\"_blank\"><\/a><a class=\"a2a_dd addtoany_share_save addtoany_share\" href=\"https:\/\/www.addtoany.com\/share\"><\/a><\/div><\/div><\/p>\n","protected":false},"excerpt":{"rendered":"<p>S\u00e4ynelammen Pyh\u00e4n Johannes Ven\u00e4l\u00e4isen leirikeskuksen praasniekkaa juhlittiin torstai-iltana 26.5. toimitetulla ehtoopalveluksella ja vedenpyhityksell\u00e4 sek\u00e4 perjantai-aamuna 27.5. toimitetulla liturgialla. Valokuvat torstai-illan ehtoopalveluksesta ja vedenpyhityksest\u00e4. Kuvat: Nemanja Balcin<\/p>\n","protected":false},"author":6,"featured_media":0,"parent":604,"menu_order":-34,"comment_status":"closed","ping_status":"closed","template":"","meta":{"ngg_post_thumbnail":0,"footnotes":""},"class_list":["post-17649","page","type-page","status-publish"],"_links":{"self":[{"href":"https:\/\/ort.fi\/taipale\/wp-json\/wp\/v2\/pages\/17649","targetHints":{"allow":["GET"]}}],"collection":[{"href":"https:\/\/ort.fi\/taipale\/wp-json\/wp\/v2\/pages"}],"about":[{"href":"https:\/\/ort.fi\/taipale\/wp-json\/wp\/v2\/types\/page"}],"author":[{"embeddable":true,"href":"https:\/\/ort.fi\/taipale\/wp-json\/wp\/v2\/users\/6"}],"replies":[{"embeddable":true,"href":"https:\/\/ort.fi\/taipale\/wp-json\/wp\/v2\/comments?post=17649"}],"version-history":[{"count":6,"href":"https:\/\/ort.fi\/taipale\/wp-json\/wp\/v2\/pages\/17649\/revisions"}],"predecessor-version":[{"id":17713,"href":"https:\/\/ort.fi\/taipale\/wp-json\/wp\/v2\/pages\/17649\/revisions\/17713"}],"up":[{"embeddable":true,"href":"https:\/\/ort.fi\/taipale\/wp-json\/wp\/v2\/pages\/604"}],"wp:attachment":[{"href":"https:\/\/ort.fi\/taipale\/wp-json\/wp\/v2\/media?parent=17649"}],"curies":[{"name":"wp","href":"https:\/\/api.w.org\/{rel}","templated":true}]}}