{"id":17053,"date":"2022-04-09T15:00:56","date_gmt":"2022-04-09T12:00:56","guid":{"rendered":"https:\/\/ort.fi\/taipale\/?page_id=17053"},"modified":"2022-04-09T15:00:56","modified_gmt":"2022-04-09T12:00:56","slug":"lasaruksen-lauantain-liturgia-outokummussa-9-4-2022","status":"publish","type":"page","link":"https:\/\/ort.fi\/taipale\/kuvagalleriat\/lasaruksen-lauantain-liturgia-outokummussa-9-4-2022\/","title":{"rendered":"Lasaruksen lauantain liturgia Outokummussa 9.4.2022"},"content":{"rendered":"<p>Lasaruksen lauantain liturgia Outokummun kirkossa 9.4.2022 oli monella tapaa juhlava. Jeesuksen Lasaruksen kuolleista her\u00e4tt\u00e4misen juhlan liturgian lopuksi kirkkoherra Paavo Ratilainen luovutti Aila Malmivuorelle arkkipiispa Leon my\u00f6nt\u00e4m\u00e4n Pyh\u00e4n Karitsan ritarikunnan I luokan mitalin.<\/p>\n<p>Palveluksessa my\u00f6s siunattiin suuri m\u00e4\u00e4r\u00e4 Outokummun tiistaiseuran kirkon koristukseksi tekemi\u00e4 ja yksityishenkil\u00f6iden tuomia virpovitsoja sek\u00e4 Aila Malmivuoren maalaama ja seurakunnalle luovuttama palmusunnuntain juhlaikoni.<\/p>\n<p>Kuvat: Arvo Naumanen<\/p>\n<p>ngg_shortcode_0_placeholder&nbsp; <div class=\"addtoany_shortcode\"><div class=\"a2a_kit a2a_kit_size_32 addtoany_list\" data-a2a-url=\"https:\/\/ort.fi\/taipale\/kuvagalleriat\/lasaruksen-lauantain-liturgia-outokummussa-9-4-2022\/\" data-a2a-title=\"Lasaruksen lauantain liturgia Outokummussa 9.4.2022\"><a class=\"a2a_button_facebook\" href=\"https:\/\/www.addtoany.com\/add_to\/facebook?linkurl=https%3A%2F%2Fort.fi%2Ftaipale%2Fkuvagalleriat%2Flasaruksen-lauantain-liturgia-outokummussa-9-4-2022%2F&amp;linkname=Lasaruksen%20lauantain%20liturgia%20Outokummussa%209.4.2022\" title=\"Facebook\" rel=\"nofollow noopener\" target=\"_blank\"><\/a><a class=\"a2a_button_twitter\" href=\"https:\/\/www.addtoany.com\/add_to\/twitter?linkurl=https%3A%2F%2Fort.fi%2Ftaipale%2Fkuvagalleriat%2Flasaruksen-lauantain-liturgia-outokummussa-9-4-2022%2F&amp;linkname=Lasaruksen%20lauantain%20liturgia%20Outokummussa%209.4.2022\" title=\"Twitter\" rel=\"nofollow noopener\" target=\"_blank\"><\/a><a class=\"a2a_button_whatsapp\" href=\"https:\/\/www.addtoany.com\/add_to\/whatsapp?linkurl=https%3A%2F%2Fort.fi%2Ftaipale%2Fkuvagalleriat%2Flasaruksen-lauantain-liturgia-outokummussa-9-4-2022%2F&amp;linkname=Lasaruksen%20lauantain%20liturgia%20Outokummussa%209.4.2022\" title=\"WhatsApp\" rel=\"nofollow noopener\" target=\"_blank\"><\/a><a class=\"a2a_button_email\" href=\"https:\/\/www.addtoany.com\/add_to\/email?linkurl=https%3A%2F%2Fort.fi%2Ftaipale%2Fkuvagalleriat%2Flasaruksen-lauantain-liturgia-outokummussa-9-4-2022%2F&amp;linkname=Lasaruksen%20lauantain%20liturgia%20Outokummussa%209.4.2022\" title=\"Email\" rel=\"nofollow noopener\" target=\"_blank\"><\/a><a class=\"a2a_dd addtoany_share_save addtoany_share\" href=\"https:\/\/www.addtoany.com\/share\"><\/a><\/div><\/div><br \/>\n&nbsp; &nbsp;<\/p>\n","protected":false},"excerpt":{"rendered":"<p>Lasaruksen lauantain liturgia Outokummun kirkossa 9.4.2022 oli monella tapaa juhlava. Jeesuksen Lasaruksen kuolleista her\u00e4tt\u00e4misen juhlan liturgian lopuksi kirkkoherra Paavo Ratilainen luovutti Aila Malmivuorelle arkkipiispa Leon my\u00f6nt\u00e4m\u00e4n Pyh\u00e4n Karitsan ritarikunnan I &#8230; <a title=\"Lasaruksen lauantain liturgia Outokummussa 9.4.2022\" class=\"read-more\" href=\"https:\/\/ort.fi\/taipale\/kuvagalleriat\/lasaruksen-lauantain-liturgia-outokummussa-9-4-2022\/\" aria-label=\"Lue lis\u00e4\u00e4 aiheesta Lasaruksen lauantain liturgia Outokummussa 9.4.2022\">Lue lis\u00e4\u00e4<\/a><\/p>\n","protected":false},"author":6,"featured_media":0,"parent":604,"menu_order":-31,"comment_status":"closed","ping_status":"closed","template":"","meta":{"ngg_post_thumbnail":0,"footnotes":""},"class_list":["post-17053","page","type-page","status-publish"],"_links":{"self":[{"href":"https:\/\/ort.fi\/taipale\/wp-json\/wp\/v2\/pages\/17053","targetHints":{"allow":["GET"]}}],"collection":[{"href":"https:\/\/ort.fi\/taipale\/wp-json\/wp\/v2\/pages"}],"about":[{"href":"https:\/\/ort.fi\/taipale\/wp-json\/wp\/v2\/types\/page"}],"author":[{"embeddable":true,"href":"https:\/\/ort.fi\/taipale\/wp-json\/wp\/v2\/users\/6"}],"replies":[{"embeddable":true,"href":"https:\/\/ort.fi\/taipale\/wp-json\/wp\/v2\/comments?post=17053"}],"version-history":[{"count":3,"href":"https:\/\/ort.fi\/taipale\/wp-json\/wp\/v2\/pages\/17053\/revisions"}],"predecessor-version":[{"id":17059,"href":"https:\/\/ort.fi\/taipale\/wp-json\/wp\/v2\/pages\/17053\/revisions\/17059"}],"up":[{"embeddable":true,"href":"https:\/\/ort.fi\/taipale\/wp-json\/wp\/v2\/pages\/604"}],"wp:attachment":[{"href":"https:\/\/ort.fi\/taipale\/wp-json\/wp\/v2\/media?parent=17053"}],"curies":[{"name":"wp","href":"https:\/\/api.w.org\/{rel}","templated":true}]}}