{"id":16991,"date":"2022-04-06T17:29:09","date_gmt":"2022-04-06T14:29:09","guid":{"rendered":"https:\/\/ort.fi\/taipale\/?page_id=16991"},"modified":"2022-04-06T17:29:09","modified_gmt":"2022-04-06T14:29:09","slug":"luento-kaksipaisen-kotkan-valtakunta","status":"publish","type":"page","link":"https:\/\/ort.fi\/taipale\/kuvagalleriat\/luento-kaksipaisen-kotkan-valtakunta\/","title":{"rendered":"Luento \u201dKaksip\u00e4isen kotkan valtakunta\u201d"},"content":{"rendered":"<p>Outokummun kirkon alakerran seurakuntasalilla kuultiin 5.4.2022 rehtori Juhani R\u00e4s\u00e4sen luento \u201dKaksip\u00e4isen kotkan valtakunta, Ven\u00e4j\u00e4n ja Ven\u00e4j\u00e4n ortodoksisen kirkon historiaa.\u201d Alustuksessa R\u00e4s\u00e4nen kertoi slaavilaisuuden, valtion ja ortodoksisen kirkon synnyst\u00e4 ja monivaiheisesta el\u00e4m\u00e4st\u00e4 Ven\u00e4j\u00e4ll\u00e4.<\/p>\n<p>Tilaisuuden aluksi is\u00e4 Pertti Ruotsalainen toimitti yhdess\u00e4 kanttori Kaisu Potkosen kanssa rukouspalveluksen rauhan puolesta. Luennon j\u00e4lkeen keskustelu aiheesta jatkui Outokummun tiistaiseuran tarjoaman iltateen \u00e4\u00e4rell\u00e4.<\/p>\n<p>Kuvat: Arvo Naumanen<\/p>\n<p>ngg_shortcode_0_placeholder&nbsp; <div class=\"addtoany_shortcode\"><div class=\"a2a_kit a2a_kit_size_32 addtoany_list\" data-a2a-url=\"https:\/\/ort.fi\/taipale\/kuvagalleriat\/luento-kaksipaisen-kotkan-valtakunta\/\" data-a2a-title=\"Luento \u201dKaksip\u00e4isen kotkan valtakunta\u201d\"><a class=\"a2a_button_facebook\" href=\"https:\/\/www.addtoany.com\/add_to\/facebook?linkurl=https%3A%2F%2Fort.fi%2Ftaipale%2Fkuvagalleriat%2Fluento-kaksipaisen-kotkan-valtakunta%2F&amp;linkname=Luento%20%E2%80%9DKaksip%C3%A4isen%20kotkan%20valtakunta%E2%80%9D\" title=\"Facebook\" rel=\"nofollow noopener\" target=\"_blank\"><\/a><a class=\"a2a_button_twitter\" href=\"https:\/\/www.addtoany.com\/add_to\/twitter?linkurl=https%3A%2F%2Fort.fi%2Ftaipale%2Fkuvagalleriat%2Fluento-kaksipaisen-kotkan-valtakunta%2F&amp;linkname=Luento%20%E2%80%9DKaksip%C3%A4isen%20kotkan%20valtakunta%E2%80%9D\" title=\"Twitter\" rel=\"nofollow noopener\" target=\"_blank\"><\/a><a class=\"a2a_button_whatsapp\" href=\"https:\/\/www.addtoany.com\/add_to\/whatsapp?linkurl=https%3A%2F%2Fort.fi%2Ftaipale%2Fkuvagalleriat%2Fluento-kaksipaisen-kotkan-valtakunta%2F&amp;linkname=Luento%20%E2%80%9DKaksip%C3%A4isen%20kotkan%20valtakunta%E2%80%9D\" title=\"WhatsApp\" rel=\"nofollow noopener\" target=\"_blank\"><\/a><a class=\"a2a_button_email\" href=\"https:\/\/www.addtoany.com\/add_to\/email?linkurl=https%3A%2F%2Fort.fi%2Ftaipale%2Fkuvagalleriat%2Fluento-kaksipaisen-kotkan-valtakunta%2F&amp;linkname=Luento%20%E2%80%9DKaksip%C3%A4isen%20kotkan%20valtakunta%E2%80%9D\" title=\"Email\" rel=\"nofollow noopener\" target=\"_blank\"><\/a><a class=\"a2a_dd addtoany_share_save addtoany_share\" href=\"https:\/\/www.addtoany.com\/share\"><\/a><\/div><\/div><\/p>\n","protected":false},"excerpt":{"rendered":"<p>Outokummun kirkon alakerran seurakuntasalilla kuultiin 5.4.2022 rehtori Juhani R\u00e4s\u00e4sen luento \u201dKaksip\u00e4isen kotkan valtakunta, Ven\u00e4j\u00e4n ja Ven\u00e4j\u00e4n ortodoksisen kirkon historiaa.\u201d Alustuksessa R\u00e4s\u00e4nen kertoi slaavilaisuuden, valtion ja ortodoksisen kirkon synnyst\u00e4 ja monivaiheisesta &#8230; <a title=\"Luento \u201dKaksip\u00e4isen kotkan valtakunta\u201d\" class=\"read-more\" href=\"https:\/\/ort.fi\/taipale\/kuvagalleriat\/luento-kaksipaisen-kotkan-valtakunta\/\" aria-label=\"Lue lis\u00e4\u00e4 aiheesta Luento \u201dKaksip\u00e4isen kotkan valtakunta\u201d\">Lue lis\u00e4\u00e4<\/a><\/p>\n","protected":false},"author":6,"featured_media":0,"parent":604,"menu_order":-30,"comment_status":"closed","ping_status":"closed","template":"","meta":{"ngg_post_thumbnail":0,"footnotes":""},"class_list":["post-16991","page","type-page","status-publish"],"_links":{"self":[{"href":"https:\/\/ort.fi\/taipale\/wp-json\/wp\/v2\/pages\/16991","targetHints":{"allow":["GET"]}}],"collection":[{"href":"https:\/\/ort.fi\/taipale\/wp-json\/wp\/v2\/pages"}],"about":[{"href":"https:\/\/ort.fi\/taipale\/wp-json\/wp\/v2\/types\/page"}],"author":[{"embeddable":true,"href":"https:\/\/ort.fi\/taipale\/wp-json\/wp\/v2\/users\/6"}],"replies":[{"embeddable":true,"href":"https:\/\/ort.fi\/taipale\/wp-json\/wp\/v2\/comments?post=16991"}],"version-history":[{"count":3,"href":"https:\/\/ort.fi\/taipale\/wp-json\/wp\/v2\/pages\/16991\/revisions"}],"predecessor-version":[{"id":16997,"href":"https:\/\/ort.fi\/taipale\/wp-json\/wp\/v2\/pages\/16991\/revisions\/16997"}],"up":[{"embeddable":true,"href":"https:\/\/ort.fi\/taipale\/wp-json\/wp\/v2\/pages\/604"}],"wp:attachment":[{"href":"https:\/\/ort.fi\/taipale\/wp-json\/wp\/v2\/media?parent=16991"}],"curies":[{"name":"wp","href":"https:\/\/api.w.org\/{rel}","templated":true}]}}