{"id":16923,"date":"2022-04-01T12:36:09","date_gmt":"2022-04-01T09:36:09","guid":{"rendered":"https:\/\/ort.fi\/taipale\/?page_id=16923"},"modified":"2022-04-01T12:36:09","modified_gmt":"2022-04-01T09:36:09","slug":"rauhaa-levottomuuteen","status":"publish","type":"page","link":"https:\/\/ort.fi\/taipale\/opetuskirjoituksia\/rauhaa-levottomuuteen\/","title":{"rendered":"Rauhaa levottomuuteen"},"content":{"rendered":"<p>\u201dHerra,suo minun rauhallisin mielin kohdata kaikki, mit\u00e4 p\u00e4iv\u00e4 tuo tullessaan. Suo minun varauksetta antautua sinun tahtoosi. Opasta ja tue minua kaikessa, p\u00e4iv\u00e4n jokaisena hetken\u00e4. Saanpa p\u00e4iv\u00e4n mittaan millaisia uutisia tahansa, opeta minua ottamaan ne vastaan tyynin syd\u00e4min ja j\u00e4rkkym\u00e4tt\u00f6m\u00e4n varmana, ett\u00e4 kaikessa tapahtuu Sinun pyh\u00e4 tahtosi.<br \/>\nKaikessa, mit\u00e4 sanon ja teen, johdata ajatuksiani ja tunteitani. Ennalta aavistamattomissa tilanteissa auta minua muistamaan, ett\u00e4 kaikki on sinun l\u00e4hett\u00e4m\u00e4\u00e4si. Opeta minua olemaan suora ja rehellinen perheenj\u00e4seni\u00e4ni, yst\u00e4vi\u00e4ni ja ty\u00f6tovereitani kohtaan, etten saattaisi ket\u00e4\u00e4n levottomaksi enk\u00e4 aiheuttaisi kenellek\u00e4\u00e4n mielipahaa. Herra, anna minulle voimaa kantaa t\u00e4n\u00e4\u00e4n uupumukseni, anna voimaa kohdata p\u00e4iv\u00e4n jokainen tapahtuma. Ohjaa tahtoani ja opeta minua rukoilemaan, uskomaan, toivomaan, antamaan anteeksi ja rakastamaan. Aamen.\u201d<\/p>\n<p>T\u00e4m\u00e4 Optinan luostarin isien rukous sielunrauhaksi avatkoon meille rukouksen v\u00e4yl\u00e4n t\u00e4n\u00e4 kev\u00e4\u00e4n\u00e4, kun oma ymm\u00e4rryksemme ei riit\u00e4, levottomuus ottaa vallan ja ilo ja valo tuntuvat katoavan syd\u00e4mest\u00e4. Silloin kannattaa muistaa, ett\u00e4 Jumalalla on tieto ja ymm\u00e4rrys. H\u00e4n yksin n\u00e4kee kokonaiskuvan, me ainoastaan pikkuisen h\u00e4m\u00e4r\u00e4n t\u00e4pl\u00e4n. Siihen luottaen pukekaamme pelko ja huoli rukouksen l\u00e4mpim\u00e4\u00e4n villapaitaan ja kantakaamme sit\u00e4 koko maailman edest\u00e4.<\/p>\n<p>Yksik\u00e4\u00e4n rukous ei mene hukkaan tai \u201dj\u00e4\u00e4 v\u00e4lille\u201d. Liit\u00e4 oma rukouksesi siihen lujaan ketjuun, joka rakentuu Jumalan puoleen kohoavista huokauksistamme. Se antaa my\u00f6s tarmoa tehd\u00e4 hyvi\u00e4 p\u00e4\u00e4t\u00f6ksi\u00e4 ja tekoja hedelm\u00e4tt\u00f6m\u00e4n murehtimisen tai vihoittelun sijaan. N\u00e4in olemme omalta osaltamme rakentamassa rauhaa ja lis\u00e4\u00e4m\u00e4ss\u00e4 uskoa, toivoa ja rakkautta niin omiin syd\u00e4miimme kuin koko levottomaan maailmaan.<\/p>\n<p>Siunattua suuren paaston matkaa kohti tyhj\u00e4n haudan ihmett\u00e4, Kristuksen yl\u00f6snousemuksen riemullista ja valoisaa juhlaa!<\/p>\n<p>Kaisu Potkonen<\/p>\n<p><div class=\"addtoany_shortcode\"><div class=\"a2a_kit a2a_kit_size_32 addtoany_list\" data-a2a-url=\"https:\/\/ort.fi\/taipale\/opetuskirjoituksia\/rauhaa-levottomuuteen\/\" data-a2a-title=\"Rauhaa levottomuuteen\"><a class=\"a2a_button_facebook\" href=\"https:\/\/www.addtoany.com\/add_to\/facebook?linkurl=https%3A%2F%2Fort.fi%2Ftaipale%2Fopetuskirjoituksia%2Frauhaa-levottomuuteen%2F&amp;linkname=Rauhaa%20levottomuuteen\" title=\"Facebook\" rel=\"nofollow noopener\" target=\"_blank\"><\/a><a class=\"a2a_button_twitter\" href=\"https:\/\/www.addtoany.com\/add_to\/twitter?linkurl=https%3A%2F%2Fort.fi%2Ftaipale%2Fopetuskirjoituksia%2Frauhaa-levottomuuteen%2F&amp;linkname=Rauhaa%20levottomuuteen\" title=\"Twitter\" rel=\"nofollow noopener\" target=\"_blank\"><\/a><a class=\"a2a_button_whatsapp\" href=\"https:\/\/www.addtoany.com\/add_to\/whatsapp?linkurl=https%3A%2F%2Fort.fi%2Ftaipale%2Fopetuskirjoituksia%2Frauhaa-levottomuuteen%2F&amp;linkname=Rauhaa%20levottomuuteen\" title=\"WhatsApp\" rel=\"nofollow noopener\" target=\"_blank\"><\/a><a class=\"a2a_button_email\" href=\"https:\/\/www.addtoany.com\/add_to\/email?linkurl=https%3A%2F%2Fort.fi%2Ftaipale%2Fopetuskirjoituksia%2Frauhaa-levottomuuteen%2F&amp;linkname=Rauhaa%20levottomuuteen\" title=\"Email\" rel=\"nofollow noopener\" target=\"_blank\"><\/a><a class=\"a2a_dd addtoany_share_save addtoany_share\" href=\"https:\/\/www.addtoany.com\/share\"><\/a><\/div><\/div><br \/>\n&nbsp;&nbsp;<\/p>\n","protected":false},"excerpt":{"rendered":"<p>\u201dHerra,suo minun rauhallisin mielin kohdata kaikki, mit\u00e4 p\u00e4iv\u00e4 tuo tullessaan. Suo minun varauksetta antautua sinun tahtoosi. Opasta ja tue minua kaikessa, p\u00e4iv\u00e4n jokaisena hetken\u00e4. Saanpa p\u00e4iv\u00e4n mittaan millaisia uutisia tahansa, &#8230; <a title=\"Rauhaa levottomuuteen\" class=\"read-more\" href=\"https:\/\/ort.fi\/taipale\/opetuskirjoituksia\/rauhaa-levottomuuteen\/\" aria-label=\"Lue lis\u00e4\u00e4 aiheesta Rauhaa levottomuuteen\">Lue lis\u00e4\u00e4<\/a><\/p>\n","protected":false},"author":6,"featured_media":0,"parent":630,"menu_order":0,"comment_status":"closed","ping_status":"closed","template":"","meta":{"ngg_post_thumbnail":0,"footnotes":""},"class_list":["post-16923","page","type-page","status-publish"],"_links":{"self":[{"href":"https:\/\/ort.fi\/taipale\/wp-json\/wp\/v2\/pages\/16923","targetHints":{"allow":["GET"]}}],"collection":[{"href":"https:\/\/ort.fi\/taipale\/wp-json\/wp\/v2\/pages"}],"about":[{"href":"https:\/\/ort.fi\/taipale\/wp-json\/wp\/v2\/types\/page"}],"author":[{"embeddable":true,"href":"https:\/\/ort.fi\/taipale\/wp-json\/wp\/v2\/users\/6"}],"replies":[{"embeddable":true,"href":"https:\/\/ort.fi\/taipale\/wp-json\/wp\/v2\/comments?post=16923"}],"version-history":[{"count":3,"href":"https:\/\/ort.fi\/taipale\/wp-json\/wp\/v2\/pages\/16923\/revisions"}],"predecessor-version":[{"id":16929,"href":"https:\/\/ort.fi\/taipale\/wp-json\/wp\/v2\/pages\/16923\/revisions\/16929"}],"up":[{"embeddable":true,"href":"https:\/\/ort.fi\/taipale\/wp-json\/wp\/v2\/pages\/630"}],"wp:attachment":[{"href":"https:\/\/ort.fi\/taipale\/wp-json\/wp\/v2\/media?parent=16923"}],"curies":[{"name":"wp","href":"https:\/\/api.w.org\/{rel}","templated":true}]}}