{"id":1689,"date":"2018-12-25T15:58:46","date_gmt":"2018-12-25T13:58:46","guid":{"rendered":"https:\/\/ort.fi\/taipale\/?page_id=1689"},"modified":"2025-04-10T17:22:12","modified_gmt":"2025-04-10T14:22:12","slug":"liity-jaseneksi","status":"publish","type":"page","link":"https:\/\/ort.fi\/taipale\/liity-jaseneksi\/","title":{"rendered":"Liity j\u00e4seneksi"},"content":{"rendered":"<p><img loading=\"lazy\" decoding=\"async\" class=\"wp-image-2011 size-large\" src=\"https:\/\/ort.fi\/taipale\/wp-content\/uploads\/2019\/01\/DSC_0052-1024x683.jpg\" alt=\"Outokummun ortodoksinen Pyh\u00e4n Hengen kirkko, Korsunin Jumalan\u00e4iti ikoni, palavat tuohukset, rukous ikonin edess\u00e4, tuohus\" width=\"1024\" height=\"683\" srcset=\"https:\/\/ort.fi\/taipale\/wp-content\/uploads\/2019\/01\/DSC_0052-1024x683.jpg 1024w, https:\/\/ort.fi\/taipale\/wp-content\/uploads\/2019\/01\/DSC_0052-300x200.jpg 300w, https:\/\/ort.fi\/taipale\/wp-content\/uploads\/2019\/01\/DSC_0052-768x512.jpg 768w, https:\/\/ort.fi\/taipale\/wp-content\/uploads\/2019\/01\/DSC_0052.jpg 2048w\" sizes=\"auto, (max-width: 1024px) 100vw, 1024px\" \/><\/p>\n<p><span style=\"color: #808080;\"><strong>Ortodoksiseen kirkkoon liittyminen<\/strong><\/span><\/p>\n<p>Ortodoksisella kirkolla on juuret syv\u00e4ll\u00e4 historiassa ja perinteess\u00e4, mutta se el\u00e4\u00e4 my\u00f6s voimakkaasti t\u00e4ss\u00e4 ajassa. Se ei harrasta k\u00e4\u00e4nnytysty\u00f6t\u00e4, mutta pit\u00e4\u00e4 oviaan auki kaikille hengellist\u00e4 kotia etsiville ihmisille. Kirkko kutsuu kaikkia iloon!<\/p>\n<p>Jos ortodoksisuus kiinnostaa sinua tai jos harkitset jo kirkkoomme liittymist\u00e4, l\u00e4hde rohkeasti tutustumaan seurakunnan <a href=\"https:\/\/ort.fi\/taipale\/jumalanpalvelukset\/\">jumalanpalveluksiin<\/a>. Seurakunnan papit keskustelevat mielell\u00e4\u00e4n kanssasi ja antavat vinkkej\u00e4 matkallesi.&nbsp;<\/p>\n<p>Tule juttelemaan: is\u00e4 Tuomas J\u00e4rvelin 050 566 1700, is\u00e4 Nemanja Balcin 040 673 2918<\/p>\n<p>&nbsp; &nbsp;<br \/>\n<span style=\"color: #808080;\"><strong>Linkkej\u00e4 sivuille joilta l\u00f6yd\u00e4t lis\u00e4tietoa ortodoksisesta kirkosta:<\/strong><\/span><br \/>\n<a href=\"https:\/\/ort.fi\/ylosnousemuksen-kirkko\/\" target=\"_blank\" rel=\"noopener\">Yl\u00f6snousemuksen kirkko<\/a>&nbsp;(Suomen ortodoksinen kirkko)<br \/>\n<a href=\"http:\/\/www.ortodoksi.net\/index.php\/Luokka:Kirkkoon_liittyminen\" target=\"_blank\" rel=\"noopener noreferrer\">Kirkkoon liittyminen<\/a> (Ortodoksi.net)<br \/>\n<a href=\"https:\/\/www.tsasouna.net\/FI\/\" target=\"_blank\" rel=\"noopener\">Tsasounan suunnalta<\/a> (is\u00e4 Raimo Sissonen)<\/p>\n<p>My\u00f6s Valamon opisto j\u00e4rjest\u00e4\u00e4 Ortodoksisuus tutuksi -kursseja<br \/>\n<a href=\"https:\/\/valamo.fi\/opisto\" target=\"_blank\" rel=\"noopener\">Valamon opisto<\/a><\/p>\n<p>Taipaleen ortodoksisen seurakunnan kirjastoissa on kattava kokoelma ortodoksista kirjallisuutta&nbsp;<br \/>\n<a href=\"https:\/\/ort.fi\/taipale\/kirjastot\/juliaanan-kirjasto-outokummun-kirkolla\/\" rel=\"noopener noreferrer\">Juliaanan kirjasto Outokummun kirkolla<\/a>&nbsp;<br \/>\n&nbsp; &nbsp;<\/p>\n","protected":false},"excerpt":{"rendered":"<p>Ortodoksiseen kirkkoon liittyminen Ortodoksisella kirkolla on juuret syv\u00e4ll\u00e4 historiassa ja perinteess\u00e4, mutta se el\u00e4\u00e4 my\u00f6s voimakkaasti t\u00e4ss\u00e4 ajassa. Se ei harrasta k\u00e4\u00e4nnytysty\u00f6t\u00e4, mutta pit\u00e4\u00e4 oviaan auki kaikille hengellist\u00e4 kotia etsiville &#8230; <a title=\"Liity j\u00e4seneksi\" class=\"read-more\" href=\"https:\/\/ort.fi\/taipale\/liity-jaseneksi\/\" aria-label=\"Lue lis\u00e4\u00e4 aiheesta Liity j\u00e4seneksi\">Lue lis\u00e4\u00e4<\/a><\/p>\n","protected":false},"author":6,"featured_media":0,"parent":0,"menu_order":0,"comment_status":"closed","ping_status":"closed","template":"","meta":{"ngg_post_thumbnail":0,"footnotes":""},"class_list":["post-1689","page","type-page","status-publish"],"_links":{"self":[{"href":"https:\/\/ort.fi\/taipale\/wp-json\/wp\/v2\/pages\/1689","targetHints":{"allow":["GET"]}}],"collection":[{"href":"https:\/\/ort.fi\/taipale\/wp-json\/wp\/v2\/pages"}],"about":[{"href":"https:\/\/ort.fi\/taipale\/wp-json\/wp\/v2\/types\/page"}],"author":[{"embeddable":true,"href":"https:\/\/ort.fi\/taipale\/wp-json\/wp\/v2\/users\/6"}],"replies":[{"embeddable":true,"href":"https:\/\/ort.fi\/taipale\/wp-json\/wp\/v2\/comments?post=1689"}],"version-history":[{"count":37,"href":"https:\/\/ort.fi\/taipale\/wp-json\/wp\/v2\/pages\/1689\/revisions"}],"predecessor-version":[{"id":28735,"href":"https:\/\/ort.fi\/taipale\/wp-json\/wp\/v2\/pages\/1689\/revisions\/28735"}],"wp:attachment":[{"href":"https:\/\/ort.fi\/taipale\/wp-json\/wp\/v2\/media?parent=1689"}],"curies":[{"name":"wp","href":"https:\/\/api.w.org\/{rel}","templated":true}]}}