{"id":16519,"date":"2022-02-28T19:12:51","date_gmt":"2022-02-28T17:12:51","guid":{"rendered":"https:\/\/ort.fi\/taipale\/?page_id=16519"},"modified":"2022-03-02T15:50:30","modified_gmt":"2022-03-02T13:50:30","slug":"vieraita-albaniasta-polvijarven-liturgiassa","status":"publish","type":"page","link":"https:\/\/ort.fi\/taipale\/luettavaa\/kirjoituksia\/vieraita-albaniasta-polvijarven-liturgiassa\/","title":{"rendered":"Vieraita Albaniasta Polvij\u00e4rven liturgiassa"},"content":{"rendered":"<p><strong>Sunnuntaina 27.2.2022 oli is\u00e4 diakoni Risto Aikosen mukana Polvij\u00e4rven kirkossa vieraita Albaniasta.<\/strong><\/p>\n<p>Vierailijat osallistuivat liturgiaan. Is\u00e4 <strong>Stefanos Ritsi<\/strong> oli toimittamassa ja professori <strong>Porfyrios Ntalianis<\/strong> lauloi &#8221;totisesti on kohtuullista&#8221; -veisun kreikaksi bysanttilaisella laulutyylill\u00e4. Vierailu oli virkist\u00e4v\u00e4 kokemus. Heid\u00e4n kanssaan keskustellessa ilmeni, ett\u00e4 meill\u00e4 on my\u00f6s yhteisi\u00e4 tuttavia Kreikassa.<\/p>\n<p>Palveluksen ja kirkkokahvien j\u00e4lkeen Is\u00e4 Stefanos kertoi Albanian kirkosta, uskonnollisesta tilanteesta ja teologisen opetuksen j\u00e4rjestelyist\u00e4. Paikalla olleet saivat my\u00f6s esitt\u00e4\u00e4 kysymyksi\u00e4.<\/p>\n<p>Albaniassa on noin 3 miljoonaa asukasta ja asukkaista noin nelj\u00e4sosa on ortodokseja. Kristinusko Albanian alueelle on saapunut jo apostolisena aikana. Tiranassa toimii ortodoksinen Logos yliopisto. Teologikoulutus toteutetaan Durr\u00ebsissa, jossa toimii &#8221;Kristuksen yl\u00f6snousemuksen akatemia&#8221;. Se on osa yliopistoa v\u00e4h\u00e4n samalla tavalla kuin Joensuussakin. Opiskelijoita siell\u00e4 on kolmisenkymment\u00e4.<\/p>\n<p>Koska Albanian uskonnollinen el\u00e4m\u00e4 oli kokonaan ja rangaistuksen uhalla kielletty\u00e4 kommunismin aikana, on vuoden 1991 vapautumisen j\u00e4lkeen aluksi ollut pakko etsi\u00e4 apua muualta maailmasta ortodoksisen kirkon opetuksen tarpeisiin. Is\u00e4 Stefanos on syntyisin USA:sta ja professori Ntalianis Kreikasta.<\/p>\n<p>Mielenkiintoisena yksityiskohtana j\u00e4i mieleen, kuinka Albanian kirkko on piispansa <strong>Anastasioksen<\/strong> johdolla rakennuttanut esimerkiksi kaksi vesivoimalaa, jotka tuottavat s\u00e4hk\u00f6\u00e4. N\u00e4in kirkko saa tuloja toimintaansa.<\/p>\n<figure id=\"attachment_16521\" aria-describedby=\"caption-attachment-16521\" style=\"width: 690px\" class=\"wp-caption alignnone\"><a href=\"https:\/\/ort.fi\/taipale\/wp-content\/uploads\/2022\/02\/20220227_124339-scaled.jpg\"><img loading=\"lazy\" decoding=\"async\" class=\"wp-image-16521\" src=\"https:\/\/ort.fi\/taipale\/wp-content\/uploads\/2022\/02\/20220227_124339-scaled.jpg\" alt=\"\" width=\"700\" height=\"525\" srcset=\"https:\/\/ort.fi\/taipale\/wp-content\/uploads\/2022\/02\/20220227_124339-scaled.jpg 2560w, https:\/\/ort.fi\/taipale\/wp-content\/uploads\/2022\/02\/20220227_124339-300x225.jpg 300w, https:\/\/ort.fi\/taipale\/wp-content\/uploads\/2022\/02\/20220227_124339-1024x768.jpg 1024w, https:\/\/ort.fi\/taipale\/wp-content\/uploads\/2022\/02\/20220227_124339-768x576.jpg 768w, https:\/\/ort.fi\/taipale\/wp-content\/uploads\/2022\/02\/20220227_124339-1536x1152.jpg 1536w, https:\/\/ort.fi\/taipale\/wp-content\/uploads\/2022\/02\/20220227_124339-2048x1536.jpg 2048w\" sizes=\"auto, (max-width: 700px) 100vw, 700px\" \/><\/a><figcaption id=\"caption-attachment-16521\" class=\"wp-caption-text\">Kuvassa vasemmalta i Nemanja, professori Porfyrios Ntalianis, Is\u00e4 Stefanos Ritsi, i Paavo ja kirkonis\u00e4nt\u00e4 Jouko Pajarinen.<\/figcaption><\/figure>\n<p>Teksti: Paavo Ratilainen<br \/>\nKuva: Risto Aikonen<\/p>\n<div class=\"addtoany_shortcode\"><div class=\"a2a_kit a2a_kit_size_32 addtoany_list\" data-a2a-url=\"https:\/\/ort.fi\/taipale\/luettavaa\/kirjoituksia\/vieraita-albaniasta-polvijarven-liturgiassa\/\" data-a2a-title=\"Vieraita Albaniasta Polvij\u00e4rven liturgiassa\"><a class=\"a2a_button_facebook\" href=\"https:\/\/www.addtoany.com\/add_to\/facebook?linkurl=https%3A%2F%2Fort.fi%2Ftaipale%2Fluettavaa%2Fkirjoituksia%2Fvieraita-albaniasta-polvijarven-liturgiassa%2F&amp;linkname=Vieraita%20Albaniasta%20Polvij%C3%A4rven%20liturgiassa\" title=\"Facebook\" rel=\"nofollow noopener\" target=\"_blank\"><\/a><a class=\"a2a_button_twitter\" href=\"https:\/\/www.addtoany.com\/add_to\/twitter?linkurl=https%3A%2F%2Fort.fi%2Ftaipale%2Fluettavaa%2Fkirjoituksia%2Fvieraita-albaniasta-polvijarven-liturgiassa%2F&amp;linkname=Vieraita%20Albaniasta%20Polvij%C3%A4rven%20liturgiassa\" title=\"Twitter\" rel=\"nofollow noopener\" target=\"_blank\"><\/a><a class=\"a2a_button_whatsapp\" href=\"https:\/\/www.addtoany.com\/add_to\/whatsapp?linkurl=https%3A%2F%2Fort.fi%2Ftaipale%2Fluettavaa%2Fkirjoituksia%2Fvieraita-albaniasta-polvijarven-liturgiassa%2F&amp;linkname=Vieraita%20Albaniasta%20Polvij%C3%A4rven%20liturgiassa\" title=\"WhatsApp\" rel=\"nofollow noopener\" target=\"_blank\"><\/a><a class=\"a2a_button_email\" href=\"https:\/\/www.addtoany.com\/add_to\/email?linkurl=https%3A%2F%2Fort.fi%2Ftaipale%2Fluettavaa%2Fkirjoituksia%2Fvieraita-albaniasta-polvijarven-liturgiassa%2F&amp;linkname=Vieraita%20Albaniasta%20Polvij%C3%A4rven%20liturgiassa\" title=\"Email\" rel=\"nofollow noopener\" target=\"_blank\"><\/a><a class=\"a2a_dd addtoany_share_save addtoany_share\" href=\"https:\/\/www.addtoany.com\/share\"><\/a><\/div><\/div>\n","protected":false},"excerpt":{"rendered":"<p>Sunnuntaina 27.2.2022 oli is\u00e4 diakoni Risto Aikosen mukana Polvij\u00e4rven kirkossa vieraita Albaniasta. Vierailijat osallistuivat liturgiaan. Is\u00e4 Stefanos Ritsi oli toimittamassa ja professori Porfyrios Ntalianis lauloi &#8221;totisesti on kohtuullista&#8221; -veisun kreikaksi &#8230; <a title=\"Vieraita Albaniasta Polvij\u00e4rven liturgiassa\" class=\"read-more\" href=\"https:\/\/ort.fi\/taipale\/luettavaa\/kirjoituksia\/vieraita-albaniasta-polvijarven-liturgiassa\/\" aria-label=\"Lue lis\u00e4\u00e4 aiheesta Vieraita Albaniasta Polvij\u00e4rven liturgiassa\">Lue lis\u00e4\u00e4<\/a><\/p>\n","protected":false},"author":2,"featured_media":0,"parent":84,"menu_order":-2,"comment_status":"closed","ping_status":"closed","template":"","meta":{"ngg_post_thumbnail":0,"footnotes":""},"class_list":["post-16519","page","type-page","status-publish"],"_links":{"self":[{"href":"https:\/\/ort.fi\/taipale\/wp-json\/wp\/v2\/pages\/16519","targetHints":{"allow":["GET"]}}],"collection":[{"href":"https:\/\/ort.fi\/taipale\/wp-json\/wp\/v2\/pages"}],"about":[{"href":"https:\/\/ort.fi\/taipale\/wp-json\/wp\/v2\/types\/page"}],"author":[{"embeddable":true,"href":"https:\/\/ort.fi\/taipale\/wp-json\/wp\/v2\/users\/2"}],"replies":[{"embeddable":true,"href":"https:\/\/ort.fi\/taipale\/wp-json\/wp\/v2\/comments?post=16519"}],"version-history":[{"count":7,"href":"https:\/\/ort.fi\/taipale\/wp-json\/wp\/v2\/pages\/16519\/revisions"}],"predecessor-version":[{"id":16543,"href":"https:\/\/ort.fi\/taipale\/wp-json\/wp\/v2\/pages\/16519\/revisions\/16543"}],"up":[{"embeddable":true,"href":"https:\/\/ort.fi\/taipale\/wp-json\/wp\/v2\/pages\/84"}],"wp:attachment":[{"href":"https:\/\/ort.fi\/taipale\/wp-json\/wp\/v2\/media?parent=16519"}],"curies":[{"name":"wp","href":"https:\/\/api.w.org\/{rel}","templated":true}]}}