{"id":16469,"date":"2022-02-26T21:45:51","date_gmt":"2022-02-26T19:45:51","guid":{"rendered":"https:\/\/ort.fi\/taipale\/?page_id=16469"},"modified":"2022-02-26T23:54:35","modified_gmt":"2022-02-26T21:54:35","slug":"huomionosoituksia-seurakuntalaisille","status":"publish","type":"page","link":"https:\/\/ort.fi\/taipale\/kuvagalleriat\/huomionosoituksia-seurakuntalaisille\/","title":{"rendered":"Huomionosoituksia seurakuntalaisille"},"content":{"rendered":"<p>Liperin tsasounassa 20.2.2022 toimitetun liturgian yhteydess\u00e4 kirkkoherra <strong>Paavo Ratilainen<\/strong> luovutti <strong>Meeri Jolkkoselle<\/strong> Helsingin ja koko Suomen arkkipiispa&nbsp;<strong>Leon<\/strong>&nbsp;my\u00f6nt\u00e4m\u00e4n Pyh\u00e4n Karitsan ritarikunnan I luokan mitalin.<\/p>\n<p>Arkkipiispa my\u00f6nsi 27.12.2021 Pyh\u00e4n Karitsan ritarikunnan I luokan mitalin Taipaleen ortodoksisesta seurakunnasta my\u00f6s <strong>Aila Malmivuorelle<\/strong> ja <strong>Aarre Saukkoselle<\/strong>.<\/p>\n<p>Monia armorikkaita vuosia kaikille huomionosoituksen saaneille!<\/p>\n<p>Kuvat: Hannu Mutanen<\/p>\n<p>ngg_shortcode_0_placeholder<div class=\"addtoany_shortcode\"><div class=\"a2a_kit a2a_kit_size_32 addtoany_list\" data-a2a-url=\"https:\/\/ort.fi\/taipale\/kuvagalleriat\/huomionosoituksia-seurakuntalaisille\/\" data-a2a-title=\"Huomionosoituksia seurakuntalaisille\"><a class=\"a2a_button_facebook\" href=\"https:\/\/www.addtoany.com\/add_to\/facebook?linkurl=https%3A%2F%2Fort.fi%2Ftaipale%2Fkuvagalleriat%2Fhuomionosoituksia-seurakuntalaisille%2F&amp;linkname=Huomionosoituksia%20seurakuntalaisille\" title=\"Facebook\" rel=\"nofollow noopener\" target=\"_blank\"><\/a><a class=\"a2a_button_twitter\" href=\"https:\/\/www.addtoany.com\/add_to\/twitter?linkurl=https%3A%2F%2Fort.fi%2Ftaipale%2Fkuvagalleriat%2Fhuomionosoituksia-seurakuntalaisille%2F&amp;linkname=Huomionosoituksia%20seurakuntalaisille\" title=\"Twitter\" rel=\"nofollow noopener\" target=\"_blank\"><\/a><a class=\"a2a_button_whatsapp\" href=\"https:\/\/www.addtoany.com\/add_to\/whatsapp?linkurl=https%3A%2F%2Fort.fi%2Ftaipale%2Fkuvagalleriat%2Fhuomionosoituksia-seurakuntalaisille%2F&amp;linkname=Huomionosoituksia%20seurakuntalaisille\" title=\"WhatsApp\" rel=\"nofollow noopener\" target=\"_blank\"><\/a><a class=\"a2a_button_email\" href=\"https:\/\/www.addtoany.com\/add_to\/email?linkurl=https%3A%2F%2Fort.fi%2Ftaipale%2Fkuvagalleriat%2Fhuomionosoituksia-seurakuntalaisille%2F&amp;linkname=Huomionosoituksia%20seurakuntalaisille\" title=\"Email\" rel=\"nofollow noopener\" target=\"_blank\"><\/a><a class=\"a2a_dd addtoany_share_save addtoany_share\" href=\"https:\/\/www.addtoany.com\/share\"><\/a><\/div><\/div><\/p>\n","protected":false},"excerpt":{"rendered":"<p>Liperin tsasounassa 20.2.2022 toimitetun liturgian yhteydess\u00e4 kirkkoherra Paavo Ratilainen luovutti Meeri Jolkkoselle Helsingin ja koko Suomen arkkipiispa&nbsp;Leon&nbsp;my\u00f6nt\u00e4m\u00e4n Pyh\u00e4n Karitsan ritarikunnan I luokan mitalin. Arkkipiispa my\u00f6nsi 27.12.2021 Pyh\u00e4n Karitsan ritarikunnan I &#8230; <a title=\"Huomionosoituksia seurakuntalaisille\" class=\"read-more\" href=\"https:\/\/ort.fi\/taipale\/kuvagalleriat\/huomionosoituksia-seurakuntalaisille\/\" aria-label=\"Lue lis\u00e4\u00e4 aiheesta Huomionosoituksia seurakuntalaisille\">Lue lis\u00e4\u00e4<\/a><\/p>\n","protected":false},"author":6,"featured_media":0,"parent":604,"menu_order":-28,"comment_status":"closed","ping_status":"closed","template":"","meta":{"ngg_post_thumbnail":0,"footnotes":""},"class_list":["post-16469","page","type-page","status-publish"],"_links":{"self":[{"href":"https:\/\/ort.fi\/taipale\/wp-json\/wp\/v2\/pages\/16469","targetHints":{"allow":["GET"]}}],"collection":[{"href":"https:\/\/ort.fi\/taipale\/wp-json\/wp\/v2\/pages"}],"about":[{"href":"https:\/\/ort.fi\/taipale\/wp-json\/wp\/v2\/types\/page"}],"author":[{"embeddable":true,"href":"https:\/\/ort.fi\/taipale\/wp-json\/wp\/v2\/users\/6"}],"replies":[{"embeddable":true,"href":"https:\/\/ort.fi\/taipale\/wp-json\/wp\/v2\/comments?post=16469"}],"version-history":[{"count":6,"href":"https:\/\/ort.fi\/taipale\/wp-json\/wp\/v2\/pages\/16469\/revisions"}],"predecessor-version":[{"id":16497,"href":"https:\/\/ort.fi\/taipale\/wp-json\/wp\/v2\/pages\/16469\/revisions\/16497"}],"up":[{"embeddable":true,"href":"https:\/\/ort.fi\/taipale\/wp-json\/wp\/v2\/pages\/604"}],"wp:attachment":[{"href":"https:\/\/ort.fi\/taipale\/wp-json\/wp\/v2\/media?parent=16469"}],"curies":[{"name":"wp","href":"https:\/\/api.w.org\/{rel}","templated":true}]}}