{"id":16095,"date":"2022-01-26T21:16:48","date_gmt":"2022-01-26T19:16:48","guid":{"rendered":"https:\/\/ort.fi\/taipale\/?page_id=16095"},"modified":"2022-01-26T21:16:48","modified_gmt":"2022-01-26T19:16:48","slug":"valoa-nakyvissa","status":"publish","type":"page","link":"https:\/\/ort.fi\/taipale\/opetuskirjoituksia\/valoa-nakyvissa\/","title":{"rendered":"Valoa n\u00e4kyviss\u00e4!"},"content":{"rendered":"<p>Tammikuisena iltana huomaat sen yll\u00e4tt\u00e4en: P\u00e4iv\u00e4h\u00e4n on jo pidentynyt! Olemme siis alkaneet kulkea valoa, ja sen my\u00f6t\u00e4, kev\u00e4tt\u00e4 ja l\u00e4mp\u00f6\u00e4 kohti.<\/p>\n<p>My\u00f6s kirkkovuodessa tapahtuu: Jo ensi pyh\u00e4n\u00e4 n\u00e4kyy pieni merkki siit\u00e4, ett\u00e4 jokavuotinen vaelluksemme kirkkautta kohti alkaa pian. Ortodoksisen kirkkokalenterin mukaan ensi pyh\u00e4 on nimelt\u00e4\u00e4n Sakkeuksen sunnuntai. P\u00e4iv\u00e4n evankeliumi (Luuk.19:1-10) kertoo Sakkeuksen suuresta kaipuusta n\u00e4hd\u00e4 Kristus. Vapahtajan kohtaaminen johti h\u00e4net katumukseen, k\u00e4\u00e4ntymykseen, hyv\u00e4n tekemiseen ja Kristuksen seuraamiseen. Sakkeuksen sunnuntaita seuraavat varsinaiset suuren paaston valmistussunnuntait publikaanin ja fariseuksen-, tuhlaajapojan- ja tuomiosunnuntai ennen kuin koittaa sovinto- eli laskiaissunnuntai ja p\u00e4\u00e4si\u00e4ist\u00e4 edelt\u00e4v\u00e4 suuri paasto alkaa.<\/p>\n<p>Koko sen matkan ajan valo lis\u00e4\u00e4ntyy ja kev\u00e4\u00e4n merkkej\u00e4 alkaa huomata. Se paljastaa my\u00f6s p\u00f6lyiset huoneet ja sameat ikkunat. Paaston ajan jumalanpalvelukset ja hiljainen itsetutkistelu n\u00e4ytt\u00e4v\u00e4t puolestaan oman hengellisen el\u00e4m\u00e4n ep\u00e4j\u00e4rjestyksen ja sielun pime\u00e4tkin sopukat.<\/p>\n<p>Ennen kuin l\u00e4mmin vuodenaika lopulta koittaa on lopputalven ja kev\u00e4\u00e4n mittaan tiedossa lumimyr\u00e4k\u00f6it\u00e4, takatalvia, sohjoa ja r\u00e4nt\u00e4\u00e4. Ei my\u00f6sk\u00e4\u00e4n paaston matka ole pelkk\u00e4\u00e4 leppe\u00e4ss\u00e4 my\u00f6t\u00e4tuulessa leijumista, vaan esteit\u00e4, takapakkia, kaatumisia ja v\u00e4lill\u00e4 suunnan kadottamista.<\/p>\n<p>Vuodenajat vaihtuvat, emmek\u00e4 voi nopeuttaa tai hidastaa niiden kulkua. Samoin meid\u00e4n surkea kilvoituksemme ei vaikuta siihen koittaako p\u00e4\u00e4si\u00e4inen aikanaan. Kristus on k\u00e4rsinyt, kuollut ja yl\u00f6snoussut. Kev\u00e4t tuo taas mukanaan sen valoa leimuavan y\u00f6n, jolloin kajahtaa laulu: \u201dKristus nousi kuolleista. Kuolemalla kuoleman voitti ja haudoissa oleville el\u00e4m\u00e4n antoi.\u201d Se on viel\u00e4 enemm\u00e4n kuin ensimm\u00e4inen kiurun \u00e4\u00e4ni taivaan siness\u00e4, paljon mahtavampi kuin j\u00e4iden l\u00e4ht\u00f6 Viinij\u00e4rvest\u00e4. Siihen on viel\u00e4 taivallettava halki harmaiden p\u00e4ivien ja kylmien pakkas\u00f6iden. Mutta nyt on aika ottaa ensimm\u00e4inen askel. Olkoon se keve\u00e4 ja toiveikas, rohkea ja kest\u00e4v\u00e4. Olemmehan matkalla valoa ja iloa kohti!<\/p>\n<p>Kaisu Potkonen<\/p>\n<div class=\"addtoany_shortcode\"><div class=\"a2a_kit a2a_kit_size_32 addtoany_list\" data-a2a-url=\"https:\/\/ort.fi\/taipale\/opetuskirjoituksia\/valoa-nakyvissa\/\" data-a2a-title=\"Valoa n\u00e4kyviss\u00e4!\"><a class=\"a2a_button_facebook\" href=\"https:\/\/www.addtoany.com\/add_to\/facebook?linkurl=https%3A%2F%2Fort.fi%2Ftaipale%2Fopetuskirjoituksia%2Fvaloa-nakyvissa%2F&amp;linkname=Valoa%20n%C3%A4kyviss%C3%A4%21\" title=\"Facebook\" rel=\"nofollow noopener\" target=\"_blank\"><\/a><a class=\"a2a_button_twitter\" href=\"https:\/\/www.addtoany.com\/add_to\/twitter?linkurl=https%3A%2F%2Fort.fi%2Ftaipale%2Fopetuskirjoituksia%2Fvaloa-nakyvissa%2F&amp;linkname=Valoa%20n%C3%A4kyviss%C3%A4%21\" title=\"Twitter\" rel=\"nofollow noopener\" target=\"_blank\"><\/a><a class=\"a2a_button_whatsapp\" href=\"https:\/\/www.addtoany.com\/add_to\/whatsapp?linkurl=https%3A%2F%2Fort.fi%2Ftaipale%2Fopetuskirjoituksia%2Fvaloa-nakyvissa%2F&amp;linkname=Valoa%20n%C3%A4kyviss%C3%A4%21\" title=\"WhatsApp\" rel=\"nofollow noopener\" target=\"_blank\"><\/a><a class=\"a2a_button_email\" href=\"https:\/\/www.addtoany.com\/add_to\/email?linkurl=https%3A%2F%2Fort.fi%2Ftaipale%2Fopetuskirjoituksia%2Fvaloa-nakyvissa%2F&amp;linkname=Valoa%20n%C3%A4kyviss%C3%A4%21\" title=\"Email\" rel=\"nofollow noopener\" target=\"_blank\"><\/a><a class=\"a2a_dd addtoany_share_save addtoany_share\" href=\"https:\/\/www.addtoany.com\/share\"><\/a><\/div><\/div>\n","protected":false},"excerpt":{"rendered":"<p>Tammikuisena iltana huomaat sen yll\u00e4tt\u00e4en: P\u00e4iv\u00e4h\u00e4n on jo pidentynyt! Olemme siis alkaneet kulkea valoa, ja sen my\u00f6t\u00e4, kev\u00e4tt\u00e4 ja l\u00e4mp\u00f6\u00e4 kohti. My\u00f6s kirkkovuodessa tapahtuu: Jo ensi pyh\u00e4n\u00e4 n\u00e4kyy pieni merkki &#8230; <a title=\"Valoa n\u00e4kyviss\u00e4!\" class=\"read-more\" href=\"https:\/\/ort.fi\/taipale\/opetuskirjoituksia\/valoa-nakyvissa\/\" aria-label=\"Lue lis\u00e4\u00e4 aiheesta Valoa n\u00e4kyviss\u00e4!\">Lue lis\u00e4\u00e4<\/a><\/p>\n","protected":false},"author":2,"featured_media":0,"parent":630,"menu_order":0,"comment_status":"closed","ping_status":"closed","template":"","meta":{"ngg_post_thumbnail":0,"footnotes":""},"class_list":["post-16095","page","type-page","status-publish"],"_links":{"self":[{"href":"https:\/\/ort.fi\/taipale\/wp-json\/wp\/v2\/pages\/16095","targetHints":{"allow":["GET"]}}],"collection":[{"href":"https:\/\/ort.fi\/taipale\/wp-json\/wp\/v2\/pages"}],"about":[{"href":"https:\/\/ort.fi\/taipale\/wp-json\/wp\/v2\/types\/page"}],"author":[{"embeddable":true,"href":"https:\/\/ort.fi\/taipale\/wp-json\/wp\/v2\/users\/2"}],"replies":[{"embeddable":true,"href":"https:\/\/ort.fi\/taipale\/wp-json\/wp\/v2\/comments?post=16095"}],"version-history":[{"count":2,"href":"https:\/\/ort.fi\/taipale\/wp-json\/wp\/v2\/pages\/16095\/revisions"}],"predecessor-version":[{"id":16099,"href":"https:\/\/ort.fi\/taipale\/wp-json\/wp\/v2\/pages\/16095\/revisions\/16099"}],"up":[{"embeddable":true,"href":"https:\/\/ort.fi\/taipale\/wp-json\/wp\/v2\/pages\/630"}],"wp:attachment":[{"href":"https:\/\/ort.fi\/taipale\/wp-json\/wp\/v2\/media?parent=16095"}],"curies":[{"name":"wp","href":"https:\/\/api.w.org\/{rel}","templated":true}]}}