{"id":15763,"date":"2021-12-13T18:41:26","date_gmt":"2021-12-13T16:41:26","guid":{"rendered":"https:\/\/ort.fi\/taipale\/?page_id=15763"},"modified":"2021-12-13T18:41:26","modified_gmt":"2021-12-13T16:41:26","slug":"liturgia-ylamyllyn-uudella-koululla-12-12-2021","status":"publish","type":"page","link":"https:\/\/ort.fi\/taipale\/kuvagalleriat\/liturgia-ylamyllyn-uudella-koululla-12-12-2021\/","title":{"rendered":"Liturgia Yl\u00e4myllyn uudella koululla 12.12.2021"},"content":{"rendered":"<p>Valokuvia Taipaleen seurakunnan ensimm\u00e4isest\u00e4 liturgiasta Yl\u00e4myllyn uudella koululla (Patteriston yksikk\u00f6, Laavupolku 2). Palvelukseen osallistui yli 60 henke\u00e4.<\/p>\n<p>Kuvat: Risto Aikonen<\/p>\n<p>ngg_shortcode_0_placeholder<div class=\"addtoany_shortcode\"><div class=\"a2a_kit a2a_kit_size_32 addtoany_list\" data-a2a-url=\"https:\/\/ort.fi\/taipale\/kuvagalleriat\/liturgia-ylamyllyn-uudella-koululla-12-12-2021\/\" data-a2a-title=\"Liturgia Yl\u00e4myllyn uudella koululla 12.12.2021\"><a class=\"a2a_button_facebook\" href=\"https:\/\/www.addtoany.com\/add_to\/facebook?linkurl=https%3A%2F%2Fort.fi%2Ftaipale%2Fkuvagalleriat%2Fliturgia-ylamyllyn-uudella-koululla-12-12-2021%2F&amp;linkname=Liturgia%20Yl%C3%A4myllyn%20uudella%20koululla%2012.12.2021\" title=\"Facebook\" rel=\"nofollow noopener\" target=\"_blank\"><\/a><a class=\"a2a_button_twitter\" href=\"https:\/\/www.addtoany.com\/add_to\/twitter?linkurl=https%3A%2F%2Fort.fi%2Ftaipale%2Fkuvagalleriat%2Fliturgia-ylamyllyn-uudella-koululla-12-12-2021%2F&amp;linkname=Liturgia%20Yl%C3%A4myllyn%20uudella%20koululla%2012.12.2021\" title=\"Twitter\" rel=\"nofollow noopener\" target=\"_blank\"><\/a><a class=\"a2a_button_whatsapp\" href=\"https:\/\/www.addtoany.com\/add_to\/whatsapp?linkurl=https%3A%2F%2Fort.fi%2Ftaipale%2Fkuvagalleriat%2Fliturgia-ylamyllyn-uudella-koululla-12-12-2021%2F&amp;linkname=Liturgia%20Yl%C3%A4myllyn%20uudella%20koululla%2012.12.2021\" title=\"WhatsApp\" rel=\"nofollow noopener\" target=\"_blank\"><\/a><a class=\"a2a_button_email\" href=\"https:\/\/www.addtoany.com\/add_to\/email?linkurl=https%3A%2F%2Fort.fi%2Ftaipale%2Fkuvagalleriat%2Fliturgia-ylamyllyn-uudella-koululla-12-12-2021%2F&amp;linkname=Liturgia%20Yl%C3%A4myllyn%20uudella%20koululla%2012.12.2021\" title=\"Email\" rel=\"nofollow noopener\" target=\"_blank\"><\/a><a class=\"a2a_dd addtoany_share_save addtoany_share\" href=\"https:\/\/www.addtoany.com\/share\"><\/a><\/div><\/div><\/p>\n","protected":false},"excerpt":{"rendered":"<p>Valokuvia Taipaleen seurakunnan ensimm\u00e4isest\u00e4 liturgiasta Yl\u00e4myllyn uudella koululla (Patteriston yksikk\u00f6, Laavupolku 2). Palvelukseen osallistui yli 60 henke\u00e4. Kuvat: Risto Aikonen<\/p>\n","protected":false},"author":6,"featured_media":0,"parent":604,"menu_order":-27,"comment_status":"closed","ping_status":"closed","template":"","meta":{"ngg_post_thumbnail":0,"footnotes":""},"class_list":["post-15763","page","type-page","status-publish"],"_links":{"self":[{"href":"https:\/\/ort.fi\/taipale\/wp-json\/wp\/v2\/pages\/15763","targetHints":{"allow":["GET"]}}],"collection":[{"href":"https:\/\/ort.fi\/taipale\/wp-json\/wp\/v2\/pages"}],"about":[{"href":"https:\/\/ort.fi\/taipale\/wp-json\/wp\/v2\/types\/page"}],"author":[{"embeddable":true,"href":"https:\/\/ort.fi\/taipale\/wp-json\/wp\/v2\/users\/6"}],"replies":[{"embeddable":true,"href":"https:\/\/ort.fi\/taipale\/wp-json\/wp\/v2\/comments?post=15763"}],"version-history":[{"count":3,"href":"https:\/\/ort.fi\/taipale\/wp-json\/wp\/v2\/pages\/15763\/revisions"}],"predecessor-version":[{"id":15769,"href":"https:\/\/ort.fi\/taipale\/wp-json\/wp\/v2\/pages\/15763\/revisions\/15769"}],"up":[{"embeddable":true,"href":"https:\/\/ort.fi\/taipale\/wp-json\/wp\/v2\/pages\/604"}],"wp:attachment":[{"href":"https:\/\/ort.fi\/taipale\/wp-json\/wp\/v2\/media?parent=15763"}],"curies":[{"name":"wp","href":"https:\/\/api.w.org\/{rel}","templated":true}]}}