{"id":15459,"date":"2021-11-16T18:22:24","date_gmt":"2021-11-16T16:22:24","guid":{"rendered":"https:\/\/ort.fi\/taipale\/?page_id=15459"},"modified":"2021-11-16T18:24:25","modified_gmt":"2021-11-16T16:24:25","slug":"joulupaasto","status":"publish","type":"page","link":"https:\/\/ort.fi\/taipale\/opetuskirjoituksia\/joulupaasto\/","title":{"rendered":"Joulupaasto"},"content":{"rendered":"<p>Paasto on katumuksen ja rukouksen aikaa, jolloin valmistaudumme tulevaan juhlaan. Kristuksen syntym\u00e4juhlaa edelt\u00e4v\u00e4 joulupaasto kest\u00e4\u00e4 nelj\u00e4kymment\u00e4 p\u00e4iv\u00e4\u00e4. N\u00e4in joulupaasto on yht\u00e4 pitk\u00e4 kuin p\u00e4\u00e4si\u00e4ist\u00e4 edelt\u00e4v\u00e4 suuri paasto. Paaston pituudella halutaan korostaa juhlan merkityst\u00e4.<\/p>\n<p>Joulupaasto on luoneeltaan valoisa ja kevyt. Sit\u00e4 s\u00e4est\u00e4\u00e4 riemukas jouluveisu: <em>\u201dKristus syntyy, kiitt\u00e4k\u00e4\u00e4! Kristus taivaasta vastaanottakaa! Kristus maan p\u00e4\u00e4ll\u00e4, ylent\u00e4k\u00e4\u00e4 korkeuteen! Veisatkoon Herralle koko maa ja ihmiset riemuiten ylist\u00e4k\u00f6\u00f6t H\u00e4nt\u00e4, sill\u00e4 H\u00e4n on kunnioitettu!\u201d. <\/em>Veisu kajahtaa kirkossa ensimm\u00e4ist\u00e4 kertaa Jumalansynnytt\u00e4j\u00e4n, Neitsyt Marian temppeliintuomisen juhlan (21.11.) vigiliassa.<\/p>\n<p>Nelj\u00e4kymment\u00e4 p\u00e4iv\u00e4\u00e4 paastotkaamme maailmasta, jotta t\u00e4yttyisimme Jumalasta. Kristus syntyi t\u00e4h\u00e4n maailmaan pienen\u00e4 avuttomana lapsena. Kunnian Kuningas syntyi luolaan, h\u00e4net kapaloitiin ja laitettiin seimeen makaamaan. Jeesus Kristus opetti n\u00e4in omalla esimerkill\u00e4\u00e4n meille kaikille n\u00f6yryytt\u00e4 ja kohtuullisuutta. Paaston aikana luovumme maallisesta, jotta saisimme hengellisen. Sill\u00e4 ainoa asia, jonka me ihmiset aidosti omistamme, on se, josta olemme luopuneet l\u00e4himm\u00e4isemme hyv\u00e4ksi. T\u00e4m\u00e4 on joulupaaston perimm\u00e4inen tarkoitus.<\/p>\n<p>Siunattua joulupaastoa ja hyv\u00e4\u00e4 Kristuksen syntym\u00e4juhlan odotusta jokaiselle!<\/p>\n<p>Taipaleen pappi Nemanja Bal\u010din<\/p>\n<p><img loading=\"lazy\" decoding=\"async\" class=\"aligncenter wp-image-15461\" src=\"https:\/\/ort.fi\/taipale\/wp-content\/uploads\/2021\/11\/Jouluikoni-719x1024.jpg\" alt=\"\" width=\"350\" height=\"498\" srcset=\"https:\/\/ort.fi\/taipale\/wp-content\/uploads\/2021\/11\/Jouluikoni-719x1024.jpg 719w, https:\/\/ort.fi\/taipale\/wp-content\/uploads\/2021\/11\/Jouluikoni-211x300.jpg 211w, https:\/\/ort.fi\/taipale\/wp-content\/uploads\/2021\/11\/Jouluikoni.jpg 751w\" sizes=\"auto, (max-width: 350px) 100vw, 350px\" \/>&nbsp; &nbsp;<\/p>\n<p><div class=\"addtoany_shortcode\"><div class=\"a2a_kit a2a_kit_size_32 addtoany_list\" data-a2a-url=\"https:\/\/ort.fi\/taipale\/opetuskirjoituksia\/joulupaasto\/\" data-a2a-title=\"Joulupaasto\"><a class=\"a2a_button_facebook\" href=\"https:\/\/www.addtoany.com\/add_to\/facebook?linkurl=https%3A%2F%2Fort.fi%2Ftaipale%2Fopetuskirjoituksia%2Fjoulupaasto%2F&amp;linkname=Joulupaasto\" title=\"Facebook\" rel=\"nofollow noopener\" target=\"_blank\"><\/a><a class=\"a2a_button_twitter\" href=\"https:\/\/www.addtoany.com\/add_to\/twitter?linkurl=https%3A%2F%2Fort.fi%2Ftaipale%2Fopetuskirjoituksia%2Fjoulupaasto%2F&amp;linkname=Joulupaasto\" title=\"Twitter\" rel=\"nofollow noopener\" target=\"_blank\"><\/a><a class=\"a2a_button_whatsapp\" href=\"https:\/\/www.addtoany.com\/add_to\/whatsapp?linkurl=https%3A%2F%2Fort.fi%2Ftaipale%2Fopetuskirjoituksia%2Fjoulupaasto%2F&amp;linkname=Joulupaasto\" title=\"WhatsApp\" rel=\"nofollow noopener\" target=\"_blank\"><\/a><a class=\"a2a_button_email\" href=\"https:\/\/www.addtoany.com\/add_to\/email?linkurl=https%3A%2F%2Fort.fi%2Ftaipale%2Fopetuskirjoituksia%2Fjoulupaasto%2F&amp;linkname=Joulupaasto\" title=\"Email\" rel=\"nofollow noopener\" target=\"_blank\"><\/a><a class=\"a2a_dd addtoany_share_save addtoany_share\" href=\"https:\/\/www.addtoany.com\/share\"><\/a><\/div><\/div><br \/>\n&nbsp; &nbsp;<\/p>\n","protected":false},"excerpt":{"rendered":"<p>Paasto on katumuksen ja rukouksen aikaa, jolloin valmistaudumme tulevaan juhlaan. Kristuksen syntym\u00e4juhlaa edelt\u00e4v\u00e4 joulupaasto kest\u00e4\u00e4 nelj\u00e4kymment\u00e4 p\u00e4iv\u00e4\u00e4. N\u00e4in joulupaasto on yht\u00e4 pitk\u00e4 kuin p\u00e4\u00e4si\u00e4ist\u00e4 edelt\u00e4v\u00e4 suuri paasto. Paaston pituudella halutaan &#8230; <a title=\"Joulupaasto\" class=\"read-more\" href=\"https:\/\/ort.fi\/taipale\/opetuskirjoituksia\/joulupaasto\/\" aria-label=\"Lue lis\u00e4\u00e4 aiheesta Joulupaasto\">Lue lis\u00e4\u00e4<\/a><\/p>\n","protected":false},"author":2,"featured_media":0,"parent":630,"menu_order":0,"comment_status":"closed","ping_status":"closed","template":"","meta":{"ngg_post_thumbnail":0,"footnotes":""},"class_list":["post-15459","page","type-page","status-publish"],"_links":{"self":[{"href":"https:\/\/ort.fi\/taipale\/wp-json\/wp\/v2\/pages\/15459","targetHints":{"allow":["GET"]}}],"collection":[{"href":"https:\/\/ort.fi\/taipale\/wp-json\/wp\/v2\/pages"}],"about":[{"href":"https:\/\/ort.fi\/taipale\/wp-json\/wp\/v2\/types\/page"}],"author":[{"embeddable":true,"href":"https:\/\/ort.fi\/taipale\/wp-json\/wp\/v2\/users\/2"}],"replies":[{"embeddable":true,"href":"https:\/\/ort.fi\/taipale\/wp-json\/wp\/v2\/comments?post=15459"}],"version-history":[{"count":5,"href":"https:\/\/ort.fi\/taipale\/wp-json\/wp\/v2\/pages\/15459\/revisions"}],"predecessor-version":[{"id":15471,"href":"https:\/\/ort.fi\/taipale\/wp-json\/wp\/v2\/pages\/15459\/revisions\/15471"}],"up":[{"embeddable":true,"href":"https:\/\/ort.fi\/taipale\/wp-json\/wp\/v2\/pages\/630"}],"wp:attachment":[{"href":"https:\/\/ort.fi\/taipale\/wp-json\/wp\/v2\/media?parent=15459"}],"curies":[{"name":"wp","href":"https:\/\/api.w.org\/{rel}","templated":true}]}}