{"id":14771,"date":"2021-09-14T19:15:56","date_gmt":"2021-09-14T16:15:56","guid":{"rendered":"https:\/\/ort.fi\/taipale\/?page_id=14771"},"modified":"2021-09-14T19:15:56","modified_gmt":"2021-09-14T16:15:56","slug":"oma-ikoni-tutuksi-tapahtuma-polvijarven-kirkolla-12-9-2021","status":"publish","type":"page","link":"https:\/\/ort.fi\/taipale\/kuvagalleriat\/oma-ikoni-tutuksi-tapahtuma-polvijarven-kirkolla-12-9-2021\/","title":{"rendered":"\u201dOma ikoni tutuksi\u201d -tapahtuma Polvij\u00e4rven kirkolla 12.9.2021"},"content":{"rendered":"<p>\u201dOma ikoni tutuksi\u201d -tapahtuma 12.9.2021 ker\u00e4si Polvij\u00e4rven kirkkoon innostuneen ja kiinnostuneen joukon jakamaan omien ikoniensa tarinaa. Monenlaiset voivat olla pyh\u00e4n kuvan tiet ja teht\u00e4v\u00e4t.<\/p>\n<p>Kuva 1: Makoisat p\u00e4iv\u00e4kahvit kirvoittivat heti alkuun kielen kannat. Kiitos Pajarisen Helenan!<br \/>\nKuva 2: Ikonimaalauksen opettaja Helena Saaristo-Parovuori kertoi ensin yleisesti ikoneista ja sitten viel\u00e4 erikseen mm. jokaisen paikalle tuodun ikonin aihetta ja tyyppi\u00e4.<br \/>\nKuva 3: Iloisia kuuntelijoita, vasemmalla idean is\u00e4 Kuisma M\u00e4enharju.<\/p>\n<p>Kuvat: Kaisu Potkonen<\/p>\n<p>ngg_shortcode_0_placeholder<div class=\"addtoany_shortcode\"><div class=\"a2a_kit a2a_kit_size_32 addtoany_list\" data-a2a-url=\"https:\/\/ort.fi\/taipale\/kuvagalleriat\/oma-ikoni-tutuksi-tapahtuma-polvijarven-kirkolla-12-9-2021\/\" data-a2a-title=\"\u201dOma ikoni tutuksi\u201d -tapahtuma Polvij\u00e4rven kirkolla 12.9.2021\"><a class=\"a2a_button_facebook\" href=\"https:\/\/www.addtoany.com\/add_to\/facebook?linkurl=https%3A%2F%2Fort.fi%2Ftaipale%2Fkuvagalleriat%2Foma-ikoni-tutuksi-tapahtuma-polvijarven-kirkolla-12-9-2021%2F&amp;linkname=%E2%80%9DOma%20ikoni%20tutuksi%E2%80%9D%20-tapahtuma%20Polvij%C3%A4rven%20kirkolla%2012.9.2021\" title=\"Facebook\" rel=\"nofollow noopener\" target=\"_blank\"><\/a><a class=\"a2a_button_twitter\" href=\"https:\/\/www.addtoany.com\/add_to\/twitter?linkurl=https%3A%2F%2Fort.fi%2Ftaipale%2Fkuvagalleriat%2Foma-ikoni-tutuksi-tapahtuma-polvijarven-kirkolla-12-9-2021%2F&amp;linkname=%E2%80%9DOma%20ikoni%20tutuksi%E2%80%9D%20-tapahtuma%20Polvij%C3%A4rven%20kirkolla%2012.9.2021\" title=\"Twitter\" rel=\"nofollow noopener\" target=\"_blank\"><\/a><a class=\"a2a_button_whatsapp\" href=\"https:\/\/www.addtoany.com\/add_to\/whatsapp?linkurl=https%3A%2F%2Fort.fi%2Ftaipale%2Fkuvagalleriat%2Foma-ikoni-tutuksi-tapahtuma-polvijarven-kirkolla-12-9-2021%2F&amp;linkname=%E2%80%9DOma%20ikoni%20tutuksi%E2%80%9D%20-tapahtuma%20Polvij%C3%A4rven%20kirkolla%2012.9.2021\" title=\"WhatsApp\" rel=\"nofollow noopener\" target=\"_blank\"><\/a><a class=\"a2a_button_email\" href=\"https:\/\/www.addtoany.com\/add_to\/email?linkurl=https%3A%2F%2Fort.fi%2Ftaipale%2Fkuvagalleriat%2Foma-ikoni-tutuksi-tapahtuma-polvijarven-kirkolla-12-9-2021%2F&amp;linkname=%E2%80%9DOma%20ikoni%20tutuksi%E2%80%9D%20-tapahtuma%20Polvij%C3%A4rven%20kirkolla%2012.9.2021\" title=\"Email\" rel=\"nofollow noopener\" target=\"_blank\"><\/a><a class=\"a2a_dd addtoany_share_save addtoany_share\" href=\"https:\/\/www.addtoany.com\/share\"><\/a><\/div><\/div><br \/>\n&nbsp; &nbsp;<\/p>\n","protected":false},"excerpt":{"rendered":"<p>\u201dOma ikoni tutuksi\u201d -tapahtuma 12.9.2021 ker\u00e4si Polvij\u00e4rven kirkkoon innostuneen ja kiinnostuneen joukon jakamaan omien ikoniensa tarinaa. Monenlaiset voivat olla pyh\u00e4n kuvan tiet ja teht\u00e4v\u00e4t. Kuva 1: Makoisat p\u00e4iv\u00e4kahvit kirvoittivat heti &#8230; <a title=\"\u201dOma ikoni tutuksi\u201d -tapahtuma Polvij\u00e4rven kirkolla 12.9.2021\" class=\"read-more\" href=\"https:\/\/ort.fi\/taipale\/kuvagalleriat\/oma-ikoni-tutuksi-tapahtuma-polvijarven-kirkolla-12-9-2021\/\" aria-label=\"Lue lis\u00e4\u00e4 aiheesta \u201dOma ikoni tutuksi\u201d -tapahtuma Polvij\u00e4rven kirkolla 12.9.2021\">Lue lis\u00e4\u00e4<\/a><\/p>\n","protected":false},"author":6,"featured_media":0,"parent":604,"menu_order":-25,"comment_status":"closed","ping_status":"closed","template":"","meta":{"ngg_post_thumbnail":0,"footnotes":""},"class_list":["post-14771","page","type-page","status-publish"],"_links":{"self":[{"href":"https:\/\/ort.fi\/taipale\/wp-json\/wp\/v2\/pages\/14771","targetHints":{"allow":["GET"]}}],"collection":[{"href":"https:\/\/ort.fi\/taipale\/wp-json\/wp\/v2\/pages"}],"about":[{"href":"https:\/\/ort.fi\/taipale\/wp-json\/wp\/v2\/types\/page"}],"author":[{"embeddable":true,"href":"https:\/\/ort.fi\/taipale\/wp-json\/wp\/v2\/users\/6"}],"replies":[{"embeddable":true,"href":"https:\/\/ort.fi\/taipale\/wp-json\/wp\/v2\/comments?post=14771"}],"version-history":[{"count":2,"href":"https:\/\/ort.fi\/taipale\/wp-json\/wp\/v2\/pages\/14771\/revisions"}],"predecessor-version":[{"id":14775,"href":"https:\/\/ort.fi\/taipale\/wp-json\/wp\/v2\/pages\/14771\/revisions\/14775"}],"up":[{"embeddable":true,"href":"https:\/\/ort.fi\/taipale\/wp-json\/wp\/v2\/pages\/604"}],"wp:attachment":[{"href":"https:\/\/ort.fi\/taipale\/wp-json\/wp\/v2\/media?parent=14771"}],"curies":[{"name":"wp","href":"https:\/\/api.w.org\/{rel}","templated":true}]}}