{"id":14279,"date":"2021-06-25T10:34:52","date_gmt":"2021-06-25T07:34:52","guid":{"rendered":"https:\/\/ort.fi\/taipale\/?page_id=14279"},"modified":"2021-06-25T10:34:52","modified_gmt":"2021-06-25T07:34:52","slug":"jumalan-ihmeiden-lahteilla","status":"publish","type":"page","link":"https:\/\/ort.fi\/taipale\/opetuskirjoituksia\/jumalan-ihmeiden-lahteilla\/","title":{"rendered":"Jumalan ihmeiden l\u00e4hteill\u00e4"},"content":{"rendered":"<p>\u201dKatsokaa kedon kukkia, kuinka ne nousevat maasta: eiv\u00e4t ne n\u00e4e vaivaa eiv\u00e4tk\u00e4 kehr\u00e4\u00e4. Min\u00e4 sanon teille: edes Salomo kaikessa loistossaan ei ollut niin vaatetettu kuin mik\u00e4 tahansa niist\u00e4.\u201d (Matt.6:28-29).<\/p>\n<p>Taivaan sinisen kaaren alla soi, kukoistaa ja v\u00e4lkehtii. Y\u00f6n lyhyen\u00e4 tuokiona kaikuvat mets\u00e4st\u00e4 y\u00f6laulajien salaper\u00e4iset luritukset. Ketut ja j\u00e4nikset k\u00e4yv\u00e4t puutarhassa vaivihkaa ihmettelem\u00e4ss\u00e4 ihmisen yrityksi\u00e4 : perunavakoja ja harson alla it\u00e4vi\u00e4 taimia. V\u00e4rien harmoniaa luonnossa ei voi olla ihastelematta. Tuomien kukittua avasi pihlaja nuppunsa, sitten sai nauttia kieloista ja parhaillaan juhannusruusujen hempe\u00e4 tuoksu t\u00e4ytt\u00e4\u00e4 ilman. T\u00e4ss\u00e4 hetkess\u00e4 voi kaikilla aisteillaan tuntea Jumalan, suuren Luojamme, olemassaolon ja n\u00f6yryys ja kiitollisuus t\u00e4ytt\u00e4\u00e4 mielen.<\/p>\n<p>\u201dKun Jumala n\u00e4in pukee kedon ruohon, joka t\u00e4n\u00e4\u00e4n kasvaa ja huomenna joutuu uuniin, niin tottahan h\u00e4n teist\u00e4 huolehtii, te v\u00e4h\u00e4uskoiset\u201d.(Matt.6:30).<\/p>\n<p>Me olemme my\u00f6s osa t\u00e4t\u00e4 ihmeellist\u00e4 luomakuntaa. Kaikkein viimeiseksi Jumala loi ihmisen omaksi kuvakseen ja kaltaisekseen. H\u00e4n antoi teht\u00e4v\u00e4ksemme viljell\u00e4 ja varjella maata, ja ravinnoksemme \u201dkaikki siement\u00e4 tekev\u00e4t kasvit, joita maan p\u00e4\u00e4ll\u00e4 on, ja kaikki puut, joissa on siement\u00e4 kantavat hedelm\u00e4t\u201d.(1.Moos. 1:29).<\/p>\n<p>Yhdess\u00e4 saamme my\u00f6s kokoontua Herran temppeliin, kirkkoon, kauneuden ja pyhyyden \u00e4\u00e4relle, ylist\u00e4m\u00e4\u00e4n ja kiitt\u00e4m\u00e4\u00e4n H\u00e4nt\u00e4 kaikista lahjoistaan. Siell\u00e4 voimme my\u00f6s kertoa surumme ja huolemme rakastavalle Luojallemme ja pyyt\u00e4\u00e4 esirukouksia hetkell\u00e4, jolla oma rukouksemme tuntuu n\u00e4\u00e4ntyv\u00e4n. Osallisuus Herran itsens\u00e4 tarjoamasta ateriasta, ehtoollisesta, antaa meille voimia ja viisautta n\u00e4kem\u00e4\u00e4n ja kokemaan Jumalan l\u00e4sn\u00e4olo pimein\u00e4 ja vaikeinakin hetkin\u00e4. My\u00f6s Jumalaan luottavan yhteis\u00f6n huolenpito ja rakkaus s\u00e4teilev\u00e4t l\u00e4mp\u00f6\u00e4, valoa ja iloa. Kaikkeen t\u00e4h\u00e4n meid\u00e4t on kutsuttu. \u00c4lk\u00e4\u00e4mme j\u00e4\u00e4k\u00f6 ulkopuolisiksi ja osattomiksi tai k\u00e4\u00e4nt\u00e4k\u00f6 selk\u00e4\u00e4mme millek\u00e4\u00e4n Jumalan tarjoamalle hyvyydelle.<\/p>\n<p>\u201dT\u00e4yttyk\u00f6\u00f6n suumme Sinun kiitt\u00e4misest\u00e4si, Herra, ett\u00e4 veisuilla ylist\u00e4isimme Sinun kunniaasi, kun olet tehnyt meid\u00e4t otollisiksi tulemaan Sinun pyhien, jumalallisien, kuolemattomien ja el\u00e4v\u00e4ksi tekevien salaisuuksiesi osallisuuteen. S\u00e4ilyt\u00e4 meid\u00e4t Sinun pyhyydess\u00e4si, ett\u00e4 koko p\u00e4iv\u00e4n oppisimme Sinun totuuttasi. Halleluja, halleluja, halleluja!\u201d(Liturgiassa ehtoollisen j\u00e4lkeen laulettava veisu).<\/p>\n<p>Kaisu Potkonen<br \/>\n&nbsp; &nbsp;<\/p>\n","protected":false},"excerpt":{"rendered":"<p>\u201dKatsokaa kedon kukkia, kuinka ne nousevat maasta: eiv\u00e4t ne n\u00e4e vaivaa eiv\u00e4tk\u00e4 kehr\u00e4\u00e4. Min\u00e4 sanon teille: edes Salomo kaikessa loistossaan ei ollut niin vaatetettu kuin mik\u00e4 tahansa niist\u00e4.\u201d (Matt.6:28-29). Taivaan &#8230; <a title=\"Jumalan ihmeiden l\u00e4hteill\u00e4\" class=\"read-more\" href=\"https:\/\/ort.fi\/taipale\/opetuskirjoituksia\/jumalan-ihmeiden-lahteilla\/\" aria-label=\"Lue lis\u00e4\u00e4 aiheesta Jumalan ihmeiden l\u00e4hteill\u00e4\">Lue lis\u00e4\u00e4<\/a><\/p>\n","protected":false},"author":6,"featured_media":0,"parent":630,"menu_order":0,"comment_status":"closed","ping_status":"closed","template":"","meta":{"ngg_post_thumbnail":0,"footnotes":""},"class_list":["post-14279","page","type-page","status-publish"],"_links":{"self":[{"href":"https:\/\/ort.fi\/taipale\/wp-json\/wp\/v2\/pages\/14279","targetHints":{"allow":["GET"]}}],"collection":[{"href":"https:\/\/ort.fi\/taipale\/wp-json\/wp\/v2\/pages"}],"about":[{"href":"https:\/\/ort.fi\/taipale\/wp-json\/wp\/v2\/types\/page"}],"author":[{"embeddable":true,"href":"https:\/\/ort.fi\/taipale\/wp-json\/wp\/v2\/users\/6"}],"replies":[{"embeddable":true,"href":"https:\/\/ort.fi\/taipale\/wp-json\/wp\/v2\/comments?post=14279"}],"version-history":[{"count":1,"href":"https:\/\/ort.fi\/taipale\/wp-json\/wp\/v2\/pages\/14279\/revisions"}],"predecessor-version":[{"id":14281,"href":"https:\/\/ort.fi\/taipale\/wp-json\/wp\/v2\/pages\/14279\/revisions\/14281"}],"up":[{"embeddable":true,"href":"https:\/\/ort.fi\/taipale\/wp-json\/wp\/v2\/pages\/630"}],"wp:attachment":[{"href":"https:\/\/ort.fi\/taipale\/wp-json\/wp\/v2\/media?parent=14279"}],"curies":[{"name":"wp","href":"https:\/\/api.w.org\/{rel}","templated":true}]}}