{"id":13987,"date":"2021-05-24T18:52:21","date_gmt":"2021-05-24T15:52:21","guid":{"rendered":"https:\/\/ort.fi\/taipale\/?page_id=13987"},"modified":"2021-05-24T18:52:21","modified_gmt":"2021-05-24T15:52:21","slug":"outokummun-kirkon-praasniekka-24-5-2021","status":"publish","type":"page","link":"https:\/\/ort.fi\/taipale\/kuvagalleriat\/outokummun-kirkon-praasniekka-24-5-2021\/","title":{"rendered":"Outokummun kirkon praasniekka 24.5.2021"},"content":{"rendered":"<p>Outokummun Pyh\u00e4n Hengen kirkon praasniekkaa juhlittiin sunnuntai-iltana 23.5. toimittamalla ehtoopalvelus ja helluntain polvirukoukset sek\u00e4 maanantaiaamuna 24.5. &#8211; Pyh\u00e4n Hengen p\u00e4iv\u00e4n\u00e4 &#8211; toimittamalla vedenpyhitys, liturgia ja ristisaatto.<\/p>\n<p>Molempien palvelusten j\u00e4lkeen juhla jatkui iltateen\/praasniekkakahvien merkeiss\u00e4 kirkon alakerran seurakuntasalilla.<\/p>\n<p>Kuvat: Arvo Naumanen<\/p>\n<p>ngg_shortcode_0_placeholder<div class=\"addtoany_shortcode\"><div class=\"a2a_kit a2a_kit_size_32 addtoany_list\" data-a2a-url=\"https:\/\/ort.fi\/taipale\/kuvagalleriat\/outokummun-kirkon-praasniekka-24-5-2021\/\" data-a2a-title=\"Outokummun kirkon praasniekka 24.5.2021\"><a class=\"a2a_button_facebook\" href=\"https:\/\/www.addtoany.com\/add_to\/facebook?linkurl=https%3A%2F%2Fort.fi%2Ftaipale%2Fkuvagalleriat%2Foutokummun-kirkon-praasniekka-24-5-2021%2F&amp;linkname=Outokummun%20kirkon%20praasniekka%2024.5.2021\" title=\"Facebook\" rel=\"nofollow noopener\" target=\"_blank\"><\/a><a class=\"a2a_button_twitter\" href=\"https:\/\/www.addtoany.com\/add_to\/twitter?linkurl=https%3A%2F%2Fort.fi%2Ftaipale%2Fkuvagalleriat%2Foutokummun-kirkon-praasniekka-24-5-2021%2F&amp;linkname=Outokummun%20kirkon%20praasniekka%2024.5.2021\" title=\"Twitter\" rel=\"nofollow noopener\" target=\"_blank\"><\/a><a class=\"a2a_button_whatsapp\" href=\"https:\/\/www.addtoany.com\/add_to\/whatsapp?linkurl=https%3A%2F%2Fort.fi%2Ftaipale%2Fkuvagalleriat%2Foutokummun-kirkon-praasniekka-24-5-2021%2F&amp;linkname=Outokummun%20kirkon%20praasniekka%2024.5.2021\" title=\"WhatsApp\" rel=\"nofollow noopener\" target=\"_blank\"><\/a><a class=\"a2a_button_email\" href=\"https:\/\/www.addtoany.com\/add_to\/email?linkurl=https%3A%2F%2Fort.fi%2Ftaipale%2Fkuvagalleriat%2Foutokummun-kirkon-praasniekka-24-5-2021%2F&amp;linkname=Outokummun%20kirkon%20praasniekka%2024.5.2021\" title=\"Email\" rel=\"nofollow noopener\" target=\"_blank\"><\/a><a class=\"a2a_dd addtoany_share_save addtoany_share\" href=\"https:\/\/www.addtoany.com\/share\"><\/a><\/div><\/div><br \/>\n&nbsp; &nbsp;<\/p>\n","protected":false},"excerpt":{"rendered":"<p>Outokummun Pyh\u00e4n Hengen kirkon praasniekkaa juhlittiin sunnuntai-iltana 23.5. toimittamalla ehtoopalvelus ja helluntain polvirukoukset sek\u00e4 maanantaiaamuna 24.5. &#8211; Pyh\u00e4n Hengen p\u00e4iv\u00e4n\u00e4 &#8211; toimittamalla vedenpyhitys, liturgia ja ristisaatto. Molempien palvelusten j\u00e4lkeen juhla &#8230; <a title=\"Outokummun kirkon praasniekka 24.5.2021\" class=\"read-more\" href=\"https:\/\/ort.fi\/taipale\/kuvagalleriat\/outokummun-kirkon-praasniekka-24-5-2021\/\" aria-label=\"Lue lis\u00e4\u00e4 aiheesta Outokummun kirkon praasniekka 24.5.2021\">Lue lis\u00e4\u00e4<\/a><\/p>\n","protected":false},"author":6,"featured_media":0,"parent":604,"menu_order":-23,"comment_status":"closed","ping_status":"closed","template":"","meta":{"ngg_post_thumbnail":0,"footnotes":""},"class_list":["post-13987","page","type-page","status-publish"],"_links":{"self":[{"href":"https:\/\/ort.fi\/taipale\/wp-json\/wp\/v2\/pages\/13987","targetHints":{"allow":["GET"]}}],"collection":[{"href":"https:\/\/ort.fi\/taipale\/wp-json\/wp\/v2\/pages"}],"about":[{"href":"https:\/\/ort.fi\/taipale\/wp-json\/wp\/v2\/types\/page"}],"author":[{"embeddable":true,"href":"https:\/\/ort.fi\/taipale\/wp-json\/wp\/v2\/users\/6"}],"replies":[{"embeddable":true,"href":"https:\/\/ort.fi\/taipale\/wp-json\/wp\/v2\/comments?post=13987"}],"version-history":[{"count":3,"href":"https:\/\/ort.fi\/taipale\/wp-json\/wp\/v2\/pages\/13987\/revisions"}],"predecessor-version":[{"id":13993,"href":"https:\/\/ort.fi\/taipale\/wp-json\/wp\/v2\/pages\/13987\/revisions\/13993"}],"up":[{"embeddable":true,"href":"https:\/\/ort.fi\/taipale\/wp-json\/wp\/v2\/pages\/604"}],"wp:attachment":[{"href":"https:\/\/ort.fi\/taipale\/wp-json\/wp\/v2\/media?parent=13987"}],"curies":[{"name":"wp","href":"https:\/\/api.w.org\/{rel}","templated":true}]}}