{"id":12881,"date":"2021-03-01T16:57:05","date_gmt":"2021-03-01T14:57:05","guid":{"rendered":"https:\/\/ort.fi\/taipale\/?page_id=12881"},"modified":"2021-03-07T13:44:27","modified_gmt":"2021-03-07T11:44:27","slug":"taivaallisen-rakkauden-ymparoimina","status":"publish","type":"page","link":"https:\/\/ort.fi\/taipale\/opetuskirjoituksia\/taivaallisen-rakkauden-ymparoimina\/","title":{"rendered":"Taivaallisen rakkauden ymp\u00e4r\u00f6imin\u00e4"},"content":{"rendered":"<p>Jumalan rakkaus meit\u00e4 ihmisi\u00e4 kohtaan on n\u00e4kynyt t\u00e4ss\u00e4 talvessa. Useana vuonna olemme kaipailleet lapsuuden talvia, jolloin oli lunta ja kirkkaita pakkasp\u00e4ivi\u00e4. Nyt hiiht\u00e4misen ilosta ovat p\u00e4\u00e4sseet nauttimaan jopa p\u00e4\u00e4kaupunkilaiset. Huikean kaunis luonto on lumonnut lumisine puineen ja kimaltelevine hankineen. Niin kuin rakastava is\u00e4, joka joutuessaan nuhtelemaan ankarastikin lastaan, samalla osoittaa kuitenkin v\u00e4litt\u00e4mist\u00e4\u00e4n ja jopa hellii h\u00e4nt\u00e4.<\/p>\n<p>Suuren paaston pyh\u00e4 aika on alkanut. Sen ihanat jumalanpalvelukset pehmitt\u00e4v\u00e4t sielua kohti yl\u00f6snousemuksen suurta juhlaa. Pimenev\u00e4ss\u00e4 illassa, lumen narskuessa askelten alla, k\u00e4ymme kirkkoa kohti. Viel\u00e4 rajattu v\u00e4kim\u00e4\u00e4r\u00e4 kantaa siell\u00e4 rukousta Jumalan puoleen koko maailman edest\u00e4. H\u00e4m\u00e4r\u00e4ss\u00e4 pyh\u00e4k\u00f6ss\u00e4 valaisevat tuohusten l\u00e4mpim\u00e4t liekit ikoneissa kuvattujen pyhien kasvoja. Paljon k\u00e4rsineet, mutta uskonsa s\u00e4ilytt\u00e4neet, taivaalliset esirukoilijamme katsovat meit\u00e4 vakavina, mutta lempe\u00e4sti.<\/p>\n<p>Huolien, ep\u00e4varmuuden, pelon ja kipujen keskell\u00e4 emme ole koskaan yksin. N\u00e4kym\u00e4t\u00f6n todellisuus on koko ajan l\u00e4sn\u00e4. Jossakin on Voima, Tieto ja Ymm\u00e4rrys, joka n\u00e4kee meid\u00e4t kaiken aikaa tiet\u00e4en, mik\u00e4 on parhaaksemme ja johdattaen meit\u00e4 iankaikkista valkeutta kohti.<\/p>\n<p>Avaa, oi Jumala, minun silm\u00e4ni n\u00e4kem\u00e4\u00e4n Sinun l\u00e4sn\u00e4olosi, korvani kuulemaan Sinun opetuksiasi, suuni ylist\u00e4m\u00e4\u00e4n Sinua ja k\u00e4teni tekem\u00e4\u00e4n hyvi\u00e4 tekoja.<\/p>\n<p>Kaisu Potkonen<\/p>\n<p><div class=\"addtoany_shortcode\"><div class=\"a2a_kit a2a_kit_size_32 addtoany_list\" data-a2a-url=\"https:\/\/ort.fi\/taipale\/opetuskirjoituksia\/taivaallisen-rakkauden-ymparoimina\/\" data-a2a-title=\"Taivaallisen rakkauden ymp\u00e4r\u00f6imin\u00e4\"><a class=\"a2a_button_facebook\" href=\"https:\/\/www.addtoany.com\/add_to\/facebook?linkurl=https%3A%2F%2Fort.fi%2Ftaipale%2Fopetuskirjoituksia%2Ftaivaallisen-rakkauden-ymparoimina%2F&amp;linkname=Taivaallisen%20rakkauden%20ymp%C3%A4r%C3%B6imin%C3%A4\" title=\"Facebook\" rel=\"nofollow noopener\" target=\"_blank\"><\/a><a class=\"a2a_button_twitter\" href=\"https:\/\/www.addtoany.com\/add_to\/twitter?linkurl=https%3A%2F%2Fort.fi%2Ftaipale%2Fopetuskirjoituksia%2Ftaivaallisen-rakkauden-ymparoimina%2F&amp;linkname=Taivaallisen%20rakkauden%20ymp%C3%A4r%C3%B6imin%C3%A4\" title=\"Twitter\" rel=\"nofollow noopener\" target=\"_blank\"><\/a><a class=\"a2a_button_whatsapp\" href=\"https:\/\/www.addtoany.com\/add_to\/whatsapp?linkurl=https%3A%2F%2Fort.fi%2Ftaipale%2Fopetuskirjoituksia%2Ftaivaallisen-rakkauden-ymparoimina%2F&amp;linkname=Taivaallisen%20rakkauden%20ymp%C3%A4r%C3%B6imin%C3%A4\" title=\"WhatsApp\" rel=\"nofollow noopener\" target=\"_blank\"><\/a><a class=\"a2a_button_email\" href=\"https:\/\/www.addtoany.com\/add_to\/email?linkurl=https%3A%2F%2Fort.fi%2Ftaipale%2Fopetuskirjoituksia%2Ftaivaallisen-rakkauden-ymparoimina%2F&amp;linkname=Taivaallisen%20rakkauden%20ymp%C3%A4r%C3%B6imin%C3%A4\" title=\"Email\" rel=\"nofollow noopener\" target=\"_blank\"><\/a><a class=\"a2a_dd addtoany_share_save addtoany_share\" href=\"https:\/\/www.addtoany.com\/share\"><\/a><\/div><\/div><br \/>\n&nbsp; &nbsp;<\/p>\n","protected":false},"excerpt":{"rendered":"<p>Jumalan rakkaus meit\u00e4 ihmisi\u00e4 kohtaan on n\u00e4kynyt t\u00e4ss\u00e4 talvessa. Useana vuonna olemme kaipailleet lapsuuden talvia, jolloin oli lunta ja kirkkaita pakkasp\u00e4ivi\u00e4. Nyt hiiht\u00e4misen ilosta ovat p\u00e4\u00e4sseet nauttimaan jopa p\u00e4\u00e4kaupunkilaiset. Huikean &#8230; <a title=\"Taivaallisen rakkauden ymp\u00e4r\u00f6imin\u00e4\" class=\"read-more\" href=\"https:\/\/ort.fi\/taipale\/opetuskirjoituksia\/taivaallisen-rakkauden-ymparoimina\/\" aria-label=\"Lue lis\u00e4\u00e4 aiheesta Taivaallisen rakkauden ymp\u00e4r\u00f6imin\u00e4\">Lue lis\u00e4\u00e4<\/a><\/p>\n","protected":false},"author":2,"featured_media":0,"parent":630,"menu_order":0,"comment_status":"closed","ping_status":"closed","template":"","meta":{"ngg_post_thumbnail":0,"footnotes":""},"class_list":["post-12881","page","type-page","status-publish"],"_links":{"self":[{"href":"https:\/\/ort.fi\/taipale\/wp-json\/wp\/v2\/pages\/12881","targetHints":{"allow":["GET"]}}],"collection":[{"href":"https:\/\/ort.fi\/taipale\/wp-json\/wp\/v2\/pages"}],"about":[{"href":"https:\/\/ort.fi\/taipale\/wp-json\/wp\/v2\/types\/page"}],"author":[{"embeddable":true,"href":"https:\/\/ort.fi\/taipale\/wp-json\/wp\/v2\/users\/2"}],"replies":[{"embeddable":true,"href":"https:\/\/ort.fi\/taipale\/wp-json\/wp\/v2\/comments?post=12881"}],"version-history":[{"count":2,"href":"https:\/\/ort.fi\/taipale\/wp-json\/wp\/v2\/pages\/12881\/revisions"}],"predecessor-version":[{"id":13017,"href":"https:\/\/ort.fi\/taipale\/wp-json\/wp\/v2\/pages\/12881\/revisions\/13017"}],"up":[{"embeddable":true,"href":"https:\/\/ort.fi\/taipale\/wp-json\/wp\/v2\/pages\/630"}],"wp:attachment":[{"href":"https:\/\/ort.fi\/taipale\/wp-json\/wp\/v2\/media?parent=12881"}],"curies":[{"name":"wp","href":"https:\/\/api.w.org\/{rel}","templated":true}]}}