{"id":12609,"date":"2021-02-06T21:55:11","date_gmt":"2021-02-06T19:55:11","guid":{"rendered":"https:\/\/ort.fi\/taipale\/?page_id=12609"},"modified":"2021-02-06T22:09:39","modified_gmt":"2021-02-06T20:09:39","slug":"nemanja-balcinin-papiksi-vihkiminen-viinijarven-kirkossa-24-1-2021","status":"publish","type":"page","link":"https:\/\/ort.fi\/taipale\/kuvagalleriat\/nemanja-balcinin-papiksi-vihkiminen-viinijarven-kirkossa-24-1-2021\/","title":{"rendered":"Nemanja Balcinin papiksi vihkiminen Viinij\u00e4rven kirkossa 24.1.2021"},"content":{"rendered":"<p class=\"Standard\">Jumalansynnytt\u00e4j\u00e4n Tihvin\u00e4l\u00e4isen ikonin kirkossa Viinij\u00e4rvell\u00e4 24.1.2021 KP metropoliitta Arseni vihki diakoni Nemanja Balcinin pappeuteen.<\/p>\n<p>Kuvat: Pentti Potkonen<\/p>\n<p>ngg_shortcode_0_placeholder<div class=\"addtoany_shortcode\"><div class=\"a2a_kit a2a_kit_size_32 addtoany_list\" data-a2a-url=\"https:\/\/ort.fi\/taipale\/kuvagalleriat\/nemanja-balcinin-papiksi-vihkiminen-viinijarven-kirkossa-24-1-2021\/\" data-a2a-title=\"Nemanja Balcinin papiksi vihkiminen Viinij\u00e4rven kirkossa 24.1.2021\"><a class=\"a2a_button_facebook\" href=\"https:\/\/www.addtoany.com\/add_to\/facebook?linkurl=https%3A%2F%2Fort.fi%2Ftaipale%2Fkuvagalleriat%2Fnemanja-balcinin-papiksi-vihkiminen-viinijarven-kirkossa-24-1-2021%2F&amp;linkname=Nemanja%20Balcinin%20papiksi%20vihkiminen%20Viinij%C3%A4rven%20kirkossa%2024.1.2021\" title=\"Facebook\" rel=\"nofollow noopener\" target=\"_blank\"><\/a><a class=\"a2a_button_twitter\" href=\"https:\/\/www.addtoany.com\/add_to\/twitter?linkurl=https%3A%2F%2Fort.fi%2Ftaipale%2Fkuvagalleriat%2Fnemanja-balcinin-papiksi-vihkiminen-viinijarven-kirkossa-24-1-2021%2F&amp;linkname=Nemanja%20Balcinin%20papiksi%20vihkiminen%20Viinij%C3%A4rven%20kirkossa%2024.1.2021\" title=\"Twitter\" rel=\"nofollow noopener\" target=\"_blank\"><\/a><a class=\"a2a_button_whatsapp\" href=\"https:\/\/www.addtoany.com\/add_to\/whatsapp?linkurl=https%3A%2F%2Fort.fi%2Ftaipale%2Fkuvagalleriat%2Fnemanja-balcinin-papiksi-vihkiminen-viinijarven-kirkossa-24-1-2021%2F&amp;linkname=Nemanja%20Balcinin%20papiksi%20vihkiminen%20Viinij%C3%A4rven%20kirkossa%2024.1.2021\" title=\"WhatsApp\" rel=\"nofollow noopener\" target=\"_blank\"><\/a><a class=\"a2a_button_email\" href=\"https:\/\/www.addtoany.com\/add_to\/email?linkurl=https%3A%2F%2Fort.fi%2Ftaipale%2Fkuvagalleriat%2Fnemanja-balcinin-papiksi-vihkiminen-viinijarven-kirkossa-24-1-2021%2F&amp;linkname=Nemanja%20Balcinin%20papiksi%20vihkiminen%20Viinij%C3%A4rven%20kirkossa%2024.1.2021\" title=\"Email\" rel=\"nofollow noopener\" target=\"_blank\"><\/a><a class=\"a2a_dd addtoany_share_save addtoany_share\" href=\"https:\/\/www.addtoany.com\/share\"><\/a><\/div><\/div><\/p>\n","protected":false},"excerpt":{"rendered":"<p>Jumalansynnytt\u00e4j\u00e4n Tihvin\u00e4l\u00e4isen ikonin kirkossa Viinij\u00e4rvell\u00e4 24.1.2021 KP metropoliitta Arseni vihki diakoni Nemanja Balcinin pappeuteen. Kuvat: Pentti Potkonen<\/p>\n","protected":false},"author":6,"featured_media":0,"parent":604,"menu_order":-21,"comment_status":"closed","ping_status":"closed","template":"","meta":{"ngg_post_thumbnail":0,"footnotes":""},"class_list":["post-12609","page","type-page","status-publish"],"_links":{"self":[{"href":"https:\/\/ort.fi\/taipale\/wp-json\/wp\/v2\/pages\/12609","targetHints":{"allow":["GET"]}}],"collection":[{"href":"https:\/\/ort.fi\/taipale\/wp-json\/wp\/v2\/pages"}],"about":[{"href":"https:\/\/ort.fi\/taipale\/wp-json\/wp\/v2\/types\/page"}],"author":[{"embeddable":true,"href":"https:\/\/ort.fi\/taipale\/wp-json\/wp\/v2\/users\/6"}],"replies":[{"embeddable":true,"href":"https:\/\/ort.fi\/taipale\/wp-json\/wp\/v2\/comments?post=12609"}],"version-history":[{"count":5,"href":"https:\/\/ort.fi\/taipale\/wp-json\/wp\/v2\/pages\/12609\/revisions"}],"predecessor-version":[{"id":12941,"href":"https:\/\/ort.fi\/taipale\/wp-json\/wp\/v2\/pages\/12609\/revisions\/12941"}],"up":[{"embeddable":true,"href":"https:\/\/ort.fi\/taipale\/wp-json\/wp\/v2\/pages\/604"}],"wp:attachment":[{"href":"https:\/\/ort.fi\/taipale\/wp-json\/wp\/v2\/media?parent=12609"}],"curies":[{"name":"wp","href":"https:\/\/api.w.org\/{rel}","templated":true}]}}