{"id":12291,"date":"2021-01-29T17:13:14","date_gmt":"2021-01-29T15:13:14","guid":{"rendered":"https:\/\/ort.fi\/taipale\/?page_id=12291"},"modified":"2021-01-29T17:13:14","modified_gmt":"2021-01-29T15:13:14","slug":"tama-matka-toteutuu","status":"publish","type":"page","link":"https:\/\/ort.fi\/taipale\/opetuskirjoituksia\/tama-matka-toteutuu\/","title":{"rendered":"T\u00e4m\u00e4 matka toteutuu!"},"content":{"rendered":"<p>El\u00e4mme ortodoksisessa kirkossa suuren paaston valmistusviikkoja. Paastorekeen ei siis hyp\u00e4t\u00e4 kesken laukan, vaan matkaan valmistaudutaan huolellisesti. Se ei tarkoita pakastimen t\u00e4ytt\u00e4mist\u00e4 maistuvilla paastoherkuilla tai kodin sisustamista paaston henkeen sopivaksi. N\u00e4iden viikkojen aikana kypsytell\u00e4\u00e4n ja treenataan sielua kuin kuunaan lihaksia urheilusuorituksen alla. Ruokavaliokin muuttuu pikku hiljaa. T\u00e4m\u00e4 matka kohti p\u00e4\u00e4si\u00e4ist\u00e4 toteutuu jokaisen meid\u00e4n kohdalla, jos vain itse niin haluamme.<\/p>\n<p>Kuultavaksemme tai luettavaksemme avautuvat joka viikko uudet Raamatun kertomukset. Olemme tutustuneet jo Sakkeuksen (Luuk.19:1-10 ) sek\u00e4 publikaanin ja fariseuksen (Luuk.18:10-14) toimintaan ja p\u00e4\u00e4t\u00f6ksiin. Ensi sunnuntai kuljettaa eteemme tuhlaajapojan ( Luuk15:11-32) ja viimeinen valmistussunnuntai avaa silmiemme eteen viimeisen tuomion ( Matt.25:31-46). Sitten koittaakin jo laskiais- eli sovintosunnuntai ja edellisten viikkojen esimerkkien ja opetusten mukaan alamme puhdistaa omaa sieluamme sinne ker\u00e4\u00e4ntyneest\u00e4 ahneudesta, rahanhimosta, ylpeydest\u00e4, itseriittoisuudesta, ylenpalttisesta juhlinnasta, riippuvuuksista sek\u00e4 tunteettomuudesta ja v\u00e4linpit\u00e4m\u00e4tt\u00f6myydest\u00e4 l\u00e4himm\u00e4isi\u00e4 kohtaan. Samoin kuin ennen kunnollista siivousta tarkastelemme, mihin on eniten kertynyt p\u00f6ly\u00e4, miss\u00e4 on tahroja, mit\u00e4 pit\u00e4\u00e4 tuulettaa, pest\u00e4 tai heitt\u00e4\u00e4 jo kokonaan menem\u00e4\u00e4n, me nyt tutkimme sielun tilaa. On paljon asioita, jotka huutavat muutosta ja valmistusviikot auttavat meit\u00e4 hahmottamaan ne.<\/p>\n<p>Viime lauantain vigiliassa laulettiin publikaanin ja fariseuksen sunnuntain virrelm\u00e4stikiira: \u201dSyntien raskauttamia silmi\u00e4ni en voi nostaa yl\u00f6s enk\u00e4 voi katsella taivaan valoisaa korkeutta. Mutta, Vapahtaja, ota vastaan minut katuessani, niin kuin otit publikaanin, ja armahda minua!\u201d<\/p>\n<p>Jumalan armo ja rakkaus ihmisi\u00e4 kohtaan on niin paljon suurempi kuin meid\u00e4n pienet parannusyrityksemme, mutta hyv\u00e4\u00e4 tehdess\u00e4 hyv\u00e4 lis\u00e4\u00e4ntyy, valoa sytytt\u00e4ess\u00e4 valo levi\u00e4\u00e4, iloa jakaessa ilo tarttuu. Kaikkeen t\u00e4h\u00e4n meid\u00e4t on kutsuttu. Hyvi\u00e4 valmistusviikkoja suurta, pyh\u00e4\u00e4 paastoa kohti!<\/p>\n<p>Kaisu Potkonen<\/p>\n<p><div class=\"addtoany_shortcode\"><div class=\"a2a_kit a2a_kit_size_32 addtoany_list\" data-a2a-url=\"https:\/\/ort.fi\/taipale\/opetuskirjoituksia\/tama-matka-toteutuu\/\" data-a2a-title=\"T\u00e4m\u00e4 matka toteutuu!\"><a class=\"a2a_button_facebook\" href=\"https:\/\/www.addtoany.com\/add_to\/facebook?linkurl=https%3A%2F%2Fort.fi%2Ftaipale%2Fopetuskirjoituksia%2Ftama-matka-toteutuu%2F&amp;linkname=T%C3%A4m%C3%A4%20matka%20toteutuu%21\" title=\"Facebook\" rel=\"nofollow noopener\" target=\"_blank\"><\/a><a class=\"a2a_button_twitter\" href=\"https:\/\/www.addtoany.com\/add_to\/twitter?linkurl=https%3A%2F%2Fort.fi%2Ftaipale%2Fopetuskirjoituksia%2Ftama-matka-toteutuu%2F&amp;linkname=T%C3%A4m%C3%A4%20matka%20toteutuu%21\" title=\"Twitter\" rel=\"nofollow noopener\" target=\"_blank\"><\/a><a class=\"a2a_button_whatsapp\" href=\"https:\/\/www.addtoany.com\/add_to\/whatsapp?linkurl=https%3A%2F%2Fort.fi%2Ftaipale%2Fopetuskirjoituksia%2Ftama-matka-toteutuu%2F&amp;linkname=T%C3%A4m%C3%A4%20matka%20toteutuu%21\" title=\"WhatsApp\" rel=\"nofollow noopener\" target=\"_blank\"><\/a><a class=\"a2a_button_email\" href=\"https:\/\/www.addtoany.com\/add_to\/email?linkurl=https%3A%2F%2Fort.fi%2Ftaipale%2Fopetuskirjoituksia%2Ftama-matka-toteutuu%2F&amp;linkname=T%C3%A4m%C3%A4%20matka%20toteutuu%21\" title=\"Email\" rel=\"nofollow noopener\" target=\"_blank\"><\/a><a class=\"a2a_dd addtoany_share_save addtoany_share\" href=\"https:\/\/www.addtoany.com\/share\"><\/a><\/div><\/div><br \/>\n&nbsp; &nbsp;<\/p>\n","protected":false},"excerpt":{"rendered":"<p>El\u00e4mme ortodoksisessa kirkossa suuren paaston valmistusviikkoja. Paastorekeen ei siis hyp\u00e4t\u00e4 kesken laukan, vaan matkaan valmistaudutaan huolellisesti. Se ei tarkoita pakastimen t\u00e4ytt\u00e4mist\u00e4 maistuvilla paastoherkuilla tai kodin sisustamista paaston henkeen sopivaksi. N\u00e4iden &#8230; <a title=\"T\u00e4m\u00e4 matka toteutuu!\" class=\"read-more\" href=\"https:\/\/ort.fi\/taipale\/opetuskirjoituksia\/tama-matka-toteutuu\/\" aria-label=\"Lue lis\u00e4\u00e4 aiheesta T\u00e4m\u00e4 matka toteutuu!\">Lue lis\u00e4\u00e4<\/a><\/p>\n","protected":false},"author":2,"featured_media":0,"parent":630,"menu_order":0,"comment_status":"closed","ping_status":"closed","template":"","meta":{"ngg_post_thumbnail":0,"footnotes":""},"class_list":["post-12291","page","type-page","status-publish"],"_links":{"self":[{"href":"https:\/\/ort.fi\/taipale\/wp-json\/wp\/v2\/pages\/12291","targetHints":{"allow":["GET"]}}],"collection":[{"href":"https:\/\/ort.fi\/taipale\/wp-json\/wp\/v2\/pages"}],"about":[{"href":"https:\/\/ort.fi\/taipale\/wp-json\/wp\/v2\/types\/page"}],"author":[{"embeddable":true,"href":"https:\/\/ort.fi\/taipale\/wp-json\/wp\/v2\/users\/2"}],"replies":[{"embeddable":true,"href":"https:\/\/ort.fi\/taipale\/wp-json\/wp\/v2\/comments?post=12291"}],"version-history":[{"count":3,"href":"https:\/\/ort.fi\/taipale\/wp-json\/wp\/v2\/pages\/12291\/revisions"}],"predecessor-version":[{"id":12297,"href":"https:\/\/ort.fi\/taipale\/wp-json\/wp\/v2\/pages\/12291\/revisions\/12297"}],"up":[{"embeddable":true,"href":"https:\/\/ort.fi\/taipale\/wp-json\/wp\/v2\/pages\/630"}],"wp:attachment":[{"href":"https:\/\/ort.fi\/taipale\/wp-json\/wp\/v2\/media?parent=12291"}],"curies":[{"name":"wp","href":"https:\/\/api.w.org\/{rel}","templated":true}]}}