{"id":12,"date":"2018-09-18T22:00:56","date_gmt":"2018-09-18T19:00:56","guid":{"rendered":"https:\/\/ort.fi\/taipale\/?page_id=12"},"modified":"2026-04-13T10:49:55","modified_gmt":"2026-04-13T07:49:55","slug":"taipaleen-ortodoksinen-seurakunta","status":"publish","type":"page","link":"https:\/\/ort.fi\/taipale\/","title":{"rendered":"Taipaleen ortodoksinen seurakunta"},"content":{"rendered":"<h3><span style=\"color: #000000;\">Tervetuloa Taipaleen ortodoksisen seurakunnan sivuille!<\/span><\/h3>\n<p>Noin 450 vuotta sitten perustettuun Taipaleen ortodoksiseen seurakuntaan kuuluvat Liperin, Outokummun ja Polvij\u00e4rven kunnat sek\u00e4 Nurmeksen ortodoksisen kappeliseurakunnan kunnat Nurmes, Juuka ja Rautavaara. Seurakunnan keskuspaikka on Viinij\u00e4rvi, jossa sijaitsee viraston lis\u00e4ksi Jumalansynnytt\u00e4j\u00e4n Tihvin\u00e4l\u00e4iselle ikonille pyhitetty seurakunnan p\u00e4\u00e4kirkko. Seurakunnan j\u00e4senm\u00e4\u00e4r\u00e4 on n. 2150.<\/p>\n<p><img loading=\"lazy\" decoding=\"async\" class=\"alignleft wp-image-14177 size-medium\" src=\"https:\/\/ort.fi\/taipale\/wp-content\/uploads\/2021\/06\/Viinijarvi_ulkoa-300x216.jpg\" alt=\"Viinij\u00e4rvi, Jumalan\u00e4idin Tihvin\u00e4l\u00e4isen ikonin kirkko\" width=\"300\" height=\"216\" srcset=\"https:\/\/ort.fi\/taipale\/wp-content\/uploads\/2021\/06\/Viinijarvi_ulkoa-300x216.jpg 300w, https:\/\/ort.fi\/taipale\/wp-content\/uploads\/2021\/06\/Viinijarvi_ulkoa-1024x738.jpg 1024w, https:\/\/ort.fi\/taipale\/wp-content\/uploads\/2021\/06\/Viinijarvi_ulkoa-768x554.jpg 768w, https:\/\/ort.fi\/taipale\/wp-content\/uploads\/2021\/06\/Viinijarvi_ulkoa-1536x1108.jpg 1536w, https:\/\/ort.fi\/taipale\/wp-content\/uploads\/2021\/06\/Viinijarvi_ulkoa-2048x1477.jpg 2048w\" sizes=\"auto, (max-width: 300px) 100vw, 300px\" \/><\/p>\n<p>Kanslia avoinna ma ja to klo 9-12<br \/>\nViinij\u00e4rventie 7, 83400 Viinij\u00e4rvi<br \/>\npuh. 050 471 8130<br \/>\n<a href=\"mailto:taipale@ort.fi\">taipale@ort.fi<\/a>&nbsp;<\/p>\n<p>Virkatodistustilaukset ja sukuselvitykset <a href=\"https:\/\/ort.fi\/kirkon-keskusrekisteri\/\" target=\"_blank\" rel=\"noopener\">keskusrekisterist\u00e4<\/a><\/p>\n<p><a href=\"https:\/\/ort.fi\/nurmes\/\" target=\"_blank\" rel=\"noopener\">Nurmeksen kappeliseurakunnan kotisivut<\/a>&nbsp;<\/p>\n<p style=\"text-align: left;\"><a href=\"https:\/\/aamunkoitto.fi\/\" target=\"_blank\" rel=\"noopener\">Aamun Koiton verkkolehti<\/a><strong>&nbsp;<\/strong><\/p>\n<p style=\"text-align: left;\"><a href=\"https:\/\/ort.fi\/taipale\/liity-jaseneksi\/\">Ortodoksiseen kirkkoon liittyminen<\/a>&nbsp;<\/p>\n<p><strong>Neuvoston kokous 1\/2026:<\/strong> <a href=\"https:\/\/ort.fi\/taipale\/wp-content\/uploads\/2026\/03\/Taipale-Neuvosto-1-2026-PK-allekirjoitettu.pdf\" target=\"_blank\" rel=\"noopener\">P\u00f6yt\u00e4kirja<\/a><\/p>\n<h3 style=\"text-align: center;\">Kristus nousi kuolleista!<br \/>\nTotisesti nousi!<br \/>\n<img loading=\"lazy\" decoding=\"async\" class=\"alignnone wp-image-32097\" src=\"https:\/\/ort.fi\/taipale\/wp-content\/uploads\/2026\/04\/ylosnousem-ikoni-248x300.jpg\" alt=\"\" width=\"300\" height=\"363\" srcset=\"https:\/\/ort.fi\/taipale\/wp-content\/uploads\/2026\/04\/ylosnousem-ikoni-248x300.jpg 248w, https:\/\/ort.fi\/taipale\/wp-content\/uploads\/2026\/04\/ylosnousem-ikoni.jpg 351w\" sizes=\"auto, (max-width: 300px) 100vw, 300px\" \/><\/h3>\n<p style=\"text-align: left;\"><em>&#8221;Kristus nousi kuolleista, kuolemalla kuoleman voitti ja haudoissa oleville el\u00e4m\u00e4n antoi.&#8221;<br \/>\n<\/em><strong>&nbsp; &nbsp;<\/strong><\/p>\n<p style=\"text-align: left;\"><strong>&nbsp;Tulevat palvelukset<\/strong>&nbsp;<br \/>\n<strong>Ti 14.4.<\/strong> klo 9 liturgia Viinij\u00e4rven kirkossa ja litaniat Viinij\u00e4rven hautausmaalla, Tuomaan tiistai<br \/>\n<strong>Ke 15.4.<\/strong> klo 9 p\u00e4\u00e4si\u00e4ishetki Viinij\u00e4rven Vanhassa pappilassa<br \/>\n<strong>La 18.4.<\/strong> klo 17 vigilia Outokummun kirkossa<br \/>\n<strong>Su 19.4.<\/strong> klo 10 liturgia Liperin tsasounassa, mirhantuojien sunnuntai<br \/>\n<strong>Ma 20.4.<\/strong> klo 18 <a href=\"https:\/\/ort.fi\/wp-content\/uploads\/2026\/03\/Akatistoshymni-Kristus-Kaikkivaltiaalle-Evakko-Kristus-ikonin-kunniaksi.-Piispainkokouksen-hyva%CC%88ksyma%CC%88.pdf\" target=\"_blank\" rel=\"noopener\">akatistos Evakko-Kristus ikonin kunniaksi<\/a> Viinij\u00e4rven kirkossa<br \/>\n<strong>Ke 22.4.<\/strong> klo 9 rukoushetki Viinij\u00e4rven Vanhassa pappilassa<br \/>\n<strong>La 25.4.<\/strong> klo 17 vigilia Sotkuman tsasounassa<br \/>\n<strong>Su 26.4.<\/strong> klo 10 liturgia Polvij\u00e4rven kirkossa, halvaantuneen sunnuntai<br \/>\n&nbsp; &nbsp;<br \/>\nLis\u00e4\u00e4 palveluksia <a href=\"https:\/\/ort.fi\/taipale\/jumalanpalvelukset\/\">Jumalanpalvelukset<\/a> sivulla&nbsp;<br \/>\n\u0420\u0430\u0441\u043f\u0438\u0441\u0430\u043d\u0438\u0435 \u0431\u043e\u0433\u043e\u0441\u043b\u0443\u0436\u0435\u043d\u0438\u0439 <a href=\"https:\/\/ort.fi\/taipale\/%d0%bf%d0%be-%d1%80%d1%83%d1%81%d1%81%d0%ba%d0%b8\/\">\u043f\u043e-\u0440\u0443\u0441\u0441\u043a\u0438<\/a>&nbsp;<\/p>\n<p><strong><a href=\"https:\/\/www.youtube.com\/@taipaleenortodoksit\" target=\"_blank\" rel=\"noopener\">Taipaleen seurakunnan YouTube-kanava<\/a>&nbsp;<\/strong><br \/>\n<div class=\"epyt-gallery\" data-currpage=\"1\" id=\"epyt_gallery_19643\"><figure class=\"wp-block-embed wp-block-embed-youtube is-type-video is-provider-youtube epyt-figure\"><div class=\"wp-block-embed__wrapper\"><div class=\"epyt-video-wrapper\"><iframe loading=\"lazy\"  id=\"_ytid_58575\"  width=\"1200\" height=\"675\"  data-origwidth=\"1200\" data-origheight=\"675\" src=\"https:\/\/www.youtube.com\/embed\/dP21nz4_TUo?enablejsapi=1&autoplay=0&cc_load_policy=0&cc_lang_pref=fi&iv_load_policy=1&loop=0&rel=0&fs=1&playsinline=0&autohide=2&hl=fi&theme=dark&color=red&controls=1&disablekb=0&\" class=\"__youtube_prefs__  no-lazyload\" title=\"Uploads from Taipaleen ortodoksinen seurakunta\"  data-epytgalleryid=\"epyt_gallery_19643\"  allow=\"fullscreen; accelerometer; autoplay; clipboard-write; encrypted-media; gyroscope; picture-in-picture; web-share\" referrerpolicy=\"strict-origin-when-cross-origin\" allowfullscreen data-no-lazy=\"1\" data-skipgform_ajax_framebjll=\"\"><\/iframe><\/div><\/div><\/figure><div class=\"epyt-gallery-list\"><div class=\"epyt-pagination \"><div tabindex=\"0\" role=\"button\" class=\"epyt-pagebutton epyt-prev  hide \" data-playlistid=\"UU3kF5SYrqn7VUY85DZBKibQ\" data-pagesize=\"3\" data-pagetoken=\"\" data-epcolumns=\"3\" data-showtitle=\"1\" data-showpaging=\"1\" data-autonext=\"0\" data-thumbplay=\"1\"><div class=\"epyt-arrow\">&laquo;<\/div> <div>Edellinen<\/div><\/div><div class=\"epyt-pagenumbers \"><div class=\"epyt-current\">1<\/div><div class=\"epyt-pageseparator\"> \/ <\/div><div class=\"epyt-totalpages\">30<\/div><\/div><div tabindex=\"0\" role=\"button\" class=\"epyt-pagebutton epyt-next\" data-playlistid=\"UU3kF5SYrqn7VUY85DZBKibQ\" data-pagesize=\"3\" data-pagetoken=\"EAAaHlBUOkNBTWlFRFJHTmtWRE5EQTVRVFEyTlRZMU1EWQ\" data-epcolumns=\"3\" data-showtitle=\"1\" data-showpaging=\"1\" data-autonext=\"0\" data-thumbplay=\"1\"><div>Seuraava<\/div> <div class=\"epyt-arrow\">&raquo;<\/div><\/div><div class=\"epyt-loader\"><img loading=\"lazy\" decoding=\"async\" alt=\"loading\" width=\"16\" height=\"11\" src=\"https:\/\/ort.fi\/taipale\/wp-content\/plugins\/youtube-embed-plus\/images\/gallery-page-loader.gif\"><\/div><\/div><div class=\"epyt-gallery-allthumbs  epyt-cols-3 \"><div tabindex=\"0\" role=\"button\" data-videoid=\"dP21nz4_TUo\" class=\"epyt-gallery-thumb\"><div class=\"epyt-gallery-img-box\"><div class=\"epyt-gallery-img\" style=\"background-image: url(https:\/\/i.ytimg.com\/vi\/dP21nz4_TUo\/hqdefault.jpg)\"><div class=\"epyt-gallery-playhover\"><img loading=\"lazy\" decoding=\"async\" alt=\"play\" class=\"epyt-play-img\" width=\"30\" height=\"23\" src=\"https:\/\/ort.fi\/taipale\/wp-content\/plugins\/youtube-embed-plus\/images\/playhover.png\" data-no-lazy=\"1\" data-skipgform_ajax_framebjll=\"\" \/><div class=\"epyt-gallery-playcrutch\"><\/div><\/div><\/div><\/div><div class=\"epyt-gallery-title\">Vanhan pappilan seurakuntasali Viinij\u00e4rvell\u00e4<\/div><\/div><div tabindex=\"0\" role=\"button\" data-videoid=\"r7f6CyzZp3k\" class=\"epyt-gallery-thumb\"><div class=\"epyt-gallery-img-box\"><div class=\"epyt-gallery-img\" style=\"background-image: url(https:\/\/i.ytimg.com\/vi\/r7f6CyzZp3k\/hqdefault.jpg)\"><div class=\"epyt-gallery-playhover\"><img loading=\"lazy\" decoding=\"async\" alt=\"play\" class=\"epyt-play-img\" width=\"30\" height=\"23\" src=\"https:\/\/ort.fi\/taipale\/wp-content\/plugins\/youtube-embed-plus\/images\/playhover.png\" data-no-lazy=\"1\" data-skipgform_ajax_framebjll=\"\" \/><div class=\"epyt-gallery-playcrutch\"><\/div><\/div><\/div><\/div><div class=\"epyt-gallery-title\">Outokummun kirkon seurakuntasali<\/div><\/div><div tabindex=\"0\" role=\"button\" data-videoid=\"uJoWSTY8nMk\" class=\"epyt-gallery-thumb\"><div class=\"epyt-gallery-img-box\"><div class=\"epyt-gallery-img\" style=\"background-image: url(https:\/\/i.ytimg.com\/vi\/uJoWSTY8nMk\/hqdefault.jpg)\"><div class=\"epyt-gallery-playhover\"><img loading=\"lazy\" decoding=\"async\" alt=\"play\" class=\"epyt-play-img\" width=\"30\" height=\"23\" src=\"https:\/\/ort.fi\/taipale\/wp-content\/plugins\/youtube-embed-plus\/images\/playhover.png\" data-no-lazy=\"1\" data-skipgform_ajax_framebjll=\"\" \/><div class=\"epyt-gallery-playcrutch\"><\/div><\/div><\/div><\/div><div class=\"epyt-gallery-title\">Liturgia Viinij\u00e4rven kirkosta to 26.6.2025<\/div><\/div><div class=\"epyt-gallery-rowbreak\"><\/div><div class=\"epyt-gallery-clear\"><\/div><\/div><div class=\"epyt-pagination \"><div tabindex=\"0\" role=\"button\" class=\"epyt-pagebutton epyt-prev  hide \" data-playlistid=\"UU3kF5SYrqn7VUY85DZBKibQ\" data-pagesize=\"3\" data-pagetoken=\"\" data-epcolumns=\"3\" data-showtitle=\"1\" data-showpaging=\"1\" data-autonext=\"0\" data-thumbplay=\"1\"><div class=\"epyt-arrow\">&laquo;<\/div> <div>Edellinen<\/div><\/div><div class=\"epyt-pagenumbers \"><div class=\"epyt-current\">1<\/div><div class=\"epyt-pageseparator\"> \/ <\/div><div class=\"epyt-totalpages\">30<\/div><\/div><div tabindex=\"0\" role=\"button\" class=\"epyt-pagebutton epyt-next\" data-playlistid=\"UU3kF5SYrqn7VUY85DZBKibQ\" data-pagesize=\"3\" data-pagetoken=\"EAAaHlBUOkNBTWlFRFJHTmtWRE5EQTVRVFEyTlRZMU1EWQ\" data-epcolumns=\"3\" data-showtitle=\"1\" data-showpaging=\"1\" data-autonext=\"0\" data-thumbplay=\"1\"><div>Seuraava<\/div> <div class=\"epyt-arrow\">&raquo;<\/div><\/div><div class=\"epyt-loader\"><img loading=\"lazy\" decoding=\"async\" alt=\"loading\" width=\"16\" height=\"11\" src=\"https:\/\/ort.fi\/taipale\/wp-content\/plugins\/youtube-embed-plus\/images\/gallery-page-loader.gif\"><\/div><\/div><\/div><\/div><br \/>\n<div class=\"addtoany_shortcode\"><div class=\"a2a_kit a2a_kit_size_32 addtoany_list\" data-a2a-url=\"https:\/\/ort.fi\/taipale\/\" data-a2a-title=\"Taipaleen ortodoksinen seurakunta\"><a class=\"a2a_button_facebook\" href=\"https:\/\/www.addtoany.com\/add_to\/facebook?linkurl=https%3A%2F%2Fort.fi%2Ftaipale%2F&amp;linkname=Taipaleen%20ortodoksinen%20seurakunta\" title=\"Facebook\" rel=\"nofollow noopener\" target=\"_blank\"><\/a><a class=\"a2a_button_twitter\" href=\"https:\/\/www.addtoany.com\/add_to\/twitter?linkurl=https%3A%2F%2Fort.fi%2Ftaipale%2F&amp;linkname=Taipaleen%20ortodoksinen%20seurakunta\" title=\"Twitter\" rel=\"nofollow noopener\" target=\"_blank\"><\/a><a class=\"a2a_button_whatsapp\" href=\"https:\/\/www.addtoany.com\/add_to\/whatsapp?linkurl=https%3A%2F%2Fort.fi%2Ftaipale%2F&amp;linkname=Taipaleen%20ortodoksinen%20seurakunta\" title=\"WhatsApp\" rel=\"nofollow noopener\" target=\"_blank\"><\/a><a class=\"a2a_button_email\" href=\"https:\/\/www.addtoany.com\/add_to\/email?linkurl=https%3A%2F%2Fort.fi%2Ftaipale%2F&amp;linkname=Taipaleen%20ortodoksinen%20seurakunta\" title=\"Email\" rel=\"nofollow noopener\" target=\"_blank\"><\/a><a class=\"a2a_dd addtoany_share_save addtoany_share\" href=\"https:\/\/www.addtoany.com\/share\"><\/a><\/div><\/div><\/p>\n","protected":false},"excerpt":{"rendered":"<p>Tervetuloa Taipaleen ortodoksisen seurakunnan sivuille! Noin 450 vuotta sitten perustettuun Taipaleen ortodoksiseen seurakuntaan kuuluvat Liperin, Outokummun ja Polvij\u00e4rven kunnat sek\u00e4 Nurmeksen ortodoksisen kappeliseurakunnan kunnat Nurmes, Juuka ja Rautavaara. Seurakunnan keskuspaikka &#8230; <a title=\"Taipaleen ortodoksinen seurakunta\" class=\"read-more\" href=\"https:\/\/ort.fi\/taipale\/\" aria-label=\"Lue lis\u00e4\u00e4 aiheesta Taipaleen ortodoksinen seurakunta\">Lue lis\u00e4\u00e4<\/a><\/p>\n","protected":false},"author":2,"featured_media":0,"parent":0,"menu_order":0,"comment_status":"closed","ping_status":"closed","template":"","meta":{"ngg_post_thumbnail":0,"footnotes":""},"class_list":["post-12","page","type-page","status-publish"],"_links":{"self":[{"href":"https:\/\/ort.fi\/taipale\/wp-json\/wp\/v2\/pages\/12","targetHints":{"allow":["GET"]}}],"collection":[{"href":"https:\/\/ort.fi\/taipale\/wp-json\/wp\/v2\/pages"}],"about":[{"href":"https:\/\/ort.fi\/taipale\/wp-json\/wp\/v2\/types\/page"}],"author":[{"embeddable":true,"href":"https:\/\/ort.fi\/taipale\/wp-json\/wp\/v2\/users\/2"}],"replies":[{"embeddable":true,"href":"https:\/\/ort.fi\/taipale\/wp-json\/wp\/v2\/comments?post=12"}],"version-history":[{"count":2199,"href":"https:\/\/ort.fi\/taipale\/wp-json\/wp\/v2\/pages\/12\/revisions"}],"predecessor-version":[{"id":32169,"href":"https:\/\/ort.fi\/taipale\/wp-json\/wp\/v2\/pages\/12\/revisions\/32169"}],"wp:attachment":[{"href":"https:\/\/ort.fi\/taipale\/wp-json\/wp\/v2\/media?parent=12"}],"curies":[{"name":"wp","href":"https:\/\/api.w.org\/{rel}","templated":true}]}}