{"id":11529,"date":"2020-12-15T20:10:39","date_gmt":"2020-12-15T18:10:39","guid":{"rendered":"https:\/\/ort.fi\/taipale\/?page_id=11529"},"modified":"2020-12-15T20:15:59","modified_gmt":"2020-12-15T18:15:59","slug":"isa-tuomaksen-laksiaiset","status":"publish","type":"page","link":"https:\/\/ort.fi\/taipale\/kuvagalleriat\/isa-tuomaksen-laksiaiset\/","title":{"rendered":"Is\u00e4 Tuomaksen l\u00e4ksi\u00e4iset"},"content":{"rendered":"<p class=\"Standard\">Is\u00e4 Tuomaksen l\u00e4ksi\u00e4isi\u00e4 pidettiin syksyn mittaan kolmessa paikassa: Viinij\u00e4rvell\u00e4, Outokummussa ja Polvij\u00e4rvell\u00e4. Paljon kauniita puheita kuultiin puolin ja toisin, osa niist\u00e4 netin v\u00e4lityksell\u00e4, eik\u00e4 kyynelvirroiltakaan v\u00e4ltytty. Poismuuttavaa sielunpaimentamme ja h\u00e4nen perhett\u00e4\u00e4n muistettiin my\u00f6s monin lahjoin ja kukkasin. Syv\u00e4 kiitollisuus ja rakkaus v\u00e4littyi kaikista niist\u00e4.<\/p>\n<p>Teksti: Kaisu Potkonen<br \/>\nKuvat: Pentti Potkonen<\/p>\nngg_shortcode_0_placeholder\n","protected":false},"excerpt":{"rendered":"<p>Is\u00e4 Tuomaksen l\u00e4ksi\u00e4isi\u00e4 pidettiin syksyn mittaan kolmessa paikassa: Viinij\u00e4rvell\u00e4, Outokummussa ja Polvij\u00e4rvell\u00e4. Paljon kauniita puheita kuultiin puolin ja toisin, osa niist\u00e4 netin v\u00e4lityksell\u00e4, eik\u00e4 kyynelvirroiltakaan v\u00e4ltytty. Poismuuttavaa sielunpaimentamme ja h\u00e4nen &#8230; <a title=\"Is\u00e4 Tuomaksen l\u00e4ksi\u00e4iset\" class=\"read-more\" href=\"https:\/\/ort.fi\/taipale\/kuvagalleriat\/isa-tuomaksen-laksiaiset\/\" aria-label=\"Lue lis\u00e4\u00e4 aiheesta Is\u00e4 Tuomaksen l\u00e4ksi\u00e4iset\">Lue lis\u00e4\u00e4<\/a><\/p>\n","protected":false},"author":2,"featured_media":0,"parent":604,"menu_order":-19,"comment_status":"closed","ping_status":"closed","template":"","meta":{"ngg_post_thumbnail":0,"footnotes":""},"class_list":["post-11529","page","type-page","status-publish"],"_links":{"self":[{"href":"https:\/\/ort.fi\/taipale\/wp-json\/wp\/v2\/pages\/11529","targetHints":{"allow":["GET"]}}],"collection":[{"href":"https:\/\/ort.fi\/taipale\/wp-json\/wp\/v2\/pages"}],"about":[{"href":"https:\/\/ort.fi\/taipale\/wp-json\/wp\/v2\/types\/page"}],"author":[{"embeddable":true,"href":"https:\/\/ort.fi\/taipale\/wp-json\/wp\/v2\/users\/2"}],"replies":[{"embeddable":true,"href":"https:\/\/ort.fi\/taipale\/wp-json\/wp\/v2\/comments?post=11529"}],"version-history":[{"count":3,"href":"https:\/\/ort.fi\/taipale\/wp-json\/wp\/v2\/pages\/11529\/revisions"}],"predecessor-version":[{"id":11535,"href":"https:\/\/ort.fi\/taipale\/wp-json\/wp\/v2\/pages\/11529\/revisions\/11535"}],"up":[{"embeddable":true,"href":"https:\/\/ort.fi\/taipale\/wp-json\/wp\/v2\/pages\/604"}],"wp:attachment":[{"href":"https:\/\/ort.fi\/taipale\/wp-json\/wp\/v2\/media?parent=11529"}],"curies":[{"name":"wp","href":"https:\/\/api.w.org\/{rel}","templated":true}]}}