{"id":11493,"date":"2020-12-15T20:00:56","date_gmt":"2020-12-15T18:00:56","guid":{"rendered":"https:\/\/ort.fi\/taipale\/?page_id=11493"},"modified":"2020-12-15T20:16:30","modified_gmt":"2020-12-15T18:16:30","slug":"oma-pyhakko-tutuksi-ilta-outokummussa-22-10-2020","status":"publish","type":"page","link":"https:\/\/ort.fi\/taipale\/kuvagalleriat\/oma-pyhakko-tutuksi-ilta-outokummussa-22-10-2020\/","title":{"rendered":"Oma pyh\u00e4kk\u00f6 tutuksi -ilta Outokummussa 22.10.2020"},"content":{"rendered":"<p class=\"Standard\">Lokakuisena iltana kokoontui Outokummun kirkkoon omasta pyh\u00e4k\u00f6st\u00e4\u00e4n kiinnostunut joukko. Kyseess\u00e4 oli \u201dOma pyh\u00e4kk\u00f6 tutuksi \u201d-ilta, jollainen oli ollut jo aikaisemmin syksyll\u00e4 Viinij\u00e4rvell\u00e4. Alkuun luettiin ja laulettiin yhdess\u00e4 akatistos Pyh\u00e4lle Hengelle, Pyh\u00e4n Hengen kirkossa kun oltiin. Sen j\u00e4lkeen is\u00e4nn\u00f6itsij\u00e4-Arvo esitteli kirkon ikonit ja paljon uusia tuttavuuksia sielt\u00e4 l\u00f6ytyikin. Alttarin puoleltakin saatiin n\u00e4ht\u00e4ville muutamia kauniita pyhien kuvia. Illan p\u00e4\u00e4tteeksi tiistaiseura tarjosi viel\u00e4 iltateet.<\/p>\n<p>Teksti: Kaisu Potkonen<br \/>\nKuvat: Pentti Potkonen<\/p>\nngg_shortcode_0_placeholder\n","protected":false},"excerpt":{"rendered":"<p>Lokakuisena iltana kokoontui Outokummun kirkkoon omasta pyh\u00e4k\u00f6st\u00e4\u00e4n kiinnostunut joukko. Kyseess\u00e4 oli \u201dOma pyh\u00e4kk\u00f6 tutuksi \u201d-ilta, jollainen oli ollut jo aikaisemmin syksyll\u00e4 Viinij\u00e4rvell\u00e4. Alkuun luettiin ja laulettiin yhdess\u00e4 akatistos Pyh\u00e4lle Hengelle, &#8230; <a title=\"Oma pyh\u00e4kk\u00f6 tutuksi -ilta Outokummussa 22.10.2020\" class=\"read-more\" href=\"https:\/\/ort.fi\/taipale\/kuvagalleriat\/oma-pyhakko-tutuksi-ilta-outokummussa-22-10-2020\/\" aria-label=\"Lue lis\u00e4\u00e4 aiheesta Oma pyh\u00e4kk\u00f6 tutuksi -ilta Outokummussa 22.10.2020\">Lue lis\u00e4\u00e4<\/a><\/p>\n","protected":false},"author":2,"featured_media":0,"parent":604,"menu_order":-18,"comment_status":"closed","ping_status":"closed","template":"","meta":{"ngg_post_thumbnail":0,"footnotes":""},"class_list":["post-11493","page","type-page","status-publish"],"_links":{"self":[{"href":"https:\/\/ort.fi\/taipale\/wp-json\/wp\/v2\/pages\/11493","targetHints":{"allow":["GET"]}}],"collection":[{"href":"https:\/\/ort.fi\/taipale\/wp-json\/wp\/v2\/pages"}],"about":[{"href":"https:\/\/ort.fi\/taipale\/wp-json\/wp\/v2\/types\/page"}],"author":[{"embeddable":true,"href":"https:\/\/ort.fi\/taipale\/wp-json\/wp\/v2\/users\/2"}],"replies":[{"embeddable":true,"href":"https:\/\/ort.fi\/taipale\/wp-json\/wp\/v2\/comments?post=11493"}],"version-history":[{"count":3,"href":"https:\/\/ort.fi\/taipale\/wp-json\/wp\/v2\/pages\/11493\/revisions"}],"predecessor-version":[{"id":11537,"href":"https:\/\/ort.fi\/taipale\/wp-json\/wp\/v2\/pages\/11493\/revisions\/11537"}],"up":[{"embeddable":true,"href":"https:\/\/ort.fi\/taipale\/wp-json\/wp\/v2\/pages\/604"}],"wp:attachment":[{"href":"https:\/\/ort.fi\/taipale\/wp-json\/wp\/v2\/media?parent=11493"}],"curies":[{"name":"wp","href":"https:\/\/api.w.org\/{rel}","templated":true}]}}