{"id":112,"date":"2018-09-20T11:05:26","date_gmt":"2018-09-20T08:05:26","guid":{"rendered":"https:\/\/ort.fi\/taipale\/?page_id=112"},"modified":"2018-09-20T11:17:04","modified_gmt":"2018-09-20T08:17:04","slug":"irke-petterberg-on-nukkunut-pois","status":"publish","type":"page","link":"https:\/\/ort.fi\/taipale\/luettavaa\/kirjoituksia\/irke-petterberg-on-nukkunut-pois\/","title":{"rendered":"Irke Petterberg on nukkunut pois"},"content":{"rendered":"<p>Irke Anja Irmeli Petterberg (s. 28.9.1947 Kuopiossa, k. 27.2.2014 Liperiss\u00e4) menehtyi sairauden uuvuttamana suuren paaston kynnyksell\u00e4.<\/p>\n<p>Oheinen haastattelu tehtiin vain muutama p\u00e4iv\u00e4 aikaisemmin. Se kuvaa Irken omistautumista kauneuden ja kirkon palvelemiseen. Seurakunnalla on paitsi isi\u00e4 my\u00f6s \u00e4itej\u00e4. Irke oli yksi n\u00e4ist\u00e4 seurakunnan \u00e4ideist\u00e4.<\/p>\n<p>Irke sai meid\u00e4t tuntemaan ylpeytt\u00e4 vanhasta karjalaisesta, taipalelaisesta perinteest\u00e4mme. H\u00e4n teki perinnett\u00e4 tunnetuksi ja palautti el\u00e4m\u00e4\u00e4n jotakin jo unohtunuttakin. Liperin tsasounassa saimme rukoilla h\u00e4nen kauniin syd\u00e4mens\u00e4 ja taitavien k\u00e4siens\u00e4 vaikutuspiiriss\u00e4.<\/p>\n<p>Tunnustuksena ty\u00f6st\u00e4\u00e4n ikonimaalarina, opettajana ja kirkon palvelijana Irke Petterberg sai arkkipiispan my\u00f6nt\u00e4m\u00e4n\u00e4 siunauskirjan (1986), Pyh\u00e4n Karitsan Ritarikunnan mitalin (2000) ja 1. luokan PKR:n mitalin (2013).<\/p>\n<p>Kuolema ei ole piste kauniille kertomukselle. Irken el\u00e4m\u00e4 jatkuu samalla kauneuden kielell\u00e4 mutta viel\u00e4 kirkkaampana ja t\u00e4ydemp\u00e4n\u00e4. Seurakuntana haluamme kiitt\u00e4\u00e4 Irke\u00e4 koko syd\u00e4mest\u00e4mme: Kiitos jokaisesta ilon s\u00e4teest\u00e4 ja kauneuden pisarasta, jonka saimme \u2013 ja edelleen saamme \u2013 avullasi kokea!<\/p>\n<p>Ollos i\u00e4ti muistettu sin\u00e4 autuuteen kutsuttu ja aina muistettava sisaremme!<\/p>\n<figure id=\"attachment_122\" aria-describedby=\"caption-attachment-122\" style=\"width: 1014px\" class=\"wp-caption alignnone\"><img loading=\"lazy\" decoding=\"async\" class=\"size-large wp-image-122\" src=\"https:\/\/ort.fi\/taipale\/wp-content\/uploads\/2018\/09\/DSC0475-1024x649.jpg\" alt=\"\" width=\"1024\" height=\"649\" srcset=\"https:\/\/ort.fi\/taipale\/wp-content\/uploads\/2018\/09\/DSC0475-1024x649.jpg 1024w, https:\/\/ort.fi\/taipale\/wp-content\/uploads\/2018\/09\/DSC0475-300x190.jpg 300w, https:\/\/ort.fi\/taipale\/wp-content\/uploads\/2018\/09\/DSC0475-768x487.jpg 768w\" sizes=\"auto, (max-width: 1024px) 100vw, 1024px\" \/><figcaption id=\"caption-attachment-122\" class=\"wp-caption-text\">N\u00e4in muistamme Irken: intoa s\u00e4teilev\u00e4n\u00e4 kauneuden palvelijana. Kuva: Pentti Potkonen<\/figcaption><\/figure>\n<h4>PIETARILAISEN K\u00c4SITY\u00d6L\u00c4ISSUVUN PERINTEIDEN JATKAJA<\/h4>\n<figure id=\"attachment_120\" aria-describedby=\"caption-attachment-120\" style=\"width: 215px\" class=\"wp-caption alignright\"><img loading=\"lazy\" decoding=\"async\" class=\"size-medium wp-image-120\" src=\"https:\/\/ort.fi\/taipale\/wp-content\/uploads\/2018\/09\/IMG_9667-225x300.jpeg\" alt=\"\" width=\"225\" height=\"300\" srcset=\"https:\/\/ort.fi\/taipale\/wp-content\/uploads\/2018\/09\/IMG_9667-225x300.jpeg 225w, https:\/\/ort.fi\/taipale\/wp-content\/uploads\/2018\/09\/IMG_9667-768x1024.jpeg 768w\" sizes=\"auto, (max-width: 225px) 100vw, 225px\" \/><figcaption id=\"caption-attachment-120\" class=\"wp-caption-text\">Irke maalasi useita p\u00e4\u00e4si\u00e4isikoneita. Kristus nousi kuolleista! &#8211; Totisesti nousi! Kuva: Eeva-Liisa Karttunen<\/figcaption><\/figure>\n<p><strong>Liperil\u00e4isen k\u00e4dentaitajan Irke Petterbergin suomalaiset esi-is\u00e4t toimivat Pietarissa erilaisissa k\u00e4sity\u00f6l\u00e4isammateissa 1800-luvulta aina vuoden 1917 vallankumoukseen asti.<\/strong><\/p>\n<p>Kun astuu sis\u00e4lle Irken vanhan maalaistalon kodikkaaseen tupaan, voi heti aistia kodin ven\u00e4l\u00e4ist\u00e4 perinnett\u00e4, l\u00e4mmint\u00e4 ortodoksisuutta ja em\u00e4nn\u00e4n k\u00e4dentaitojen kauniita tuotoksia.<\/p>\n<p>Yhdell\u00e4 sein\u00e4ll\u00e4 on kaunis kokoelma kuuluisan pietarilaisen Lomonosovin posliinitehtaan kuppeja. Onpa ihana itse valita mieluisin kahvikuppi vanhasta astiakaapista, kun juomme yhdess\u00e4 kahvia!<\/p>\n<p>Tuvassa on paljon ikoneita, suurin osa em\u00e4nn\u00e4n maalaamia.<\/p>\n<p>Onhan Irke tunnettu ikonimaalari ja ikonimaalauksen opettaja. Ja tietysti kaikki tekstiilit ikkunaverhoja my\u00f6ten ovat tuvassa em\u00e4nn\u00e4n tuotoksia.<\/p>\n<p><strong>Taito siirtyy sukupolvelta toiselle<\/strong><\/p>\n<p>Irken is\u00e4 syntyi Pietarissa ja \u00e4iti on savolainen. Perheess\u00e4 on viisi tyt\u00e4rt\u00e4, jotka kaikki ovat k\u00e4dentaitoihmisi\u00e4.<\/p>\n<p>\u2013\u00a0<em>Olen koko ik\u00e4ni piirt\u00e4nyt, maalannut ja tehnyt erilaisia k\u00e4sit\u00f6it\u00e4. 60-luvulta aina 90-luvulle toimin animaattorina Atelje Seppo Putkisella Liperiss\u00e4. Tein filmeihin kaikki taustapiirrokset. Ehdimme tehd\u00e4 noin 200 piirrosfilmi\u00e4<\/em>, Irke muistelee.<\/p>\n<p>\u2013\u00a0<em>Olen my\u00f6s kuvittanut paljon ortodoksista kirjallisuutta ja muutakin kirjallisuutta, kortteja, julisteita, v\u00e4rityskirjoja. Minulla on rakennussuunnittelijan ja rakennuspiirt\u00e4j\u00e4n koulutus, mutta sill\u00e4 alalla en ole ehtinyt toimia<\/em>, Irke naurahtaa.<\/p>\n<p>Viime vuosina Irke on ollut aktiivisesti mukana Liperin k\u00e4sity\u00f6yhdistyksen Lipin toiminnassa. Irke on koordinoinut k\u00e4sity\u00f6l\u00e4isten hankkeita mm. ven\u00e4l\u00e4isten, virolaisten, latvialaisten ja saksalaisten kanssa. K\u00e4sity\u00f6yhdistys on my\u00f6s pit\u00e4nyt ty\u00f6pajoja koululaisille haluten siirt\u00e4\u00e4 paikallista k\u00e4sity\u00f6perinnett\u00e4 seuraaville sukupolville.<\/p>\n<p><strong>Taipaleen kaunistaja<\/strong><\/p>\n<p>2000-luvun alussa Irke haastatteli paikkakunnan vanhoja mummoja, sek\u00e4 etsi kansanrunousarkistosta ja museoista tietoa vanhoista karjalaisista kansanpuvuista.<\/p>\n<p>N\u00e4in Irke suunnitteli karjalaisen kansannaisen puvun, Taipale-feresin, jota monet Taipaleen seurakunnan naiset pit\u00e4v\u00e4t kirkollisissa juhlissa. Irke on my\u00f6s ommellut paljon tekstiilej\u00e4 kirkkoihin.<\/p>\n<figure id=\"attachment_118\" aria-describedby=\"caption-attachment-118\" style=\"width: 1014px\" class=\"wp-caption alignnone\"><img loading=\"lazy\" decoding=\"async\" class=\"wp-image-118 size-large\" src=\"https:\/\/ort.fi\/taipale\/wp-content\/uploads\/2018\/09\/DSC0483-1-1024x715.jpg\" alt=\"\" width=\"1024\" height=\"715\" srcset=\"https:\/\/ort.fi\/taipale\/wp-content\/uploads\/2018\/09\/DSC0483-1-1024x715.jpg 1024w, https:\/\/ort.fi\/taipale\/wp-content\/uploads\/2018\/09\/DSC0483-1-300x209.jpg 300w, https:\/\/ort.fi\/taipale\/wp-content\/uploads\/2018\/09\/DSC0483-1-768x536.jpg 768w\" sizes=\"auto, (max-width: 1024px) 100vw, 1024px\" \/><figcaption id=\"caption-attachment-118\" class=\"wp-caption-text\">Irke esittelee karjalaista kansanpukua, Taipale-feresi\u00e4, jonka h\u00e4n suunnitteli huolellisen tutkimusty\u00f6n pohjalta. Kuva: Pentti Potkonen<\/figcaption><\/figure>\n<p>Parhaiten Irke tunnetaan kuitenkin ikonimaalarina ja ikonimaalauksen opettajana.<\/p>\n<p>\u2013\u00a0<em>Olin 1970-luvun alussa ikonimaalari Petros Sasakin oppilaana. Itse aloin opettaa ikonimaalausta 1978. Olen opettanut Joensuun l\u00e4nsipuolella, l\u00e4hinn\u00e4 Taipaleen seurakunnan alueella, mutta my\u00f6s Joensuussa ja Ilomantsissa.<\/em><\/p>\n<p>\u2013\u00a0<em>Aikaisemmin maalasin monia ikoneita vuosittain, nyt kuitenkin v\u00e4hemm\u00e4n. Liperin kirkonkyl\u00e4n tsasounassa, jonka is\u00e4nt\u00e4n\u00e4 toimin l\u00e4hes 20 vuotta, on useita maalaamiani ikoneja<\/em>, Irke kertoo.<\/p>\n<p><strong>Yl\u00f6snousemuksen valo kajastaa<\/strong><\/p>\n<p>Kohta saamme taas iloiten viett\u00e4\u00e4 suurta p\u00e4\u00e4si\u00e4isjuhlaa kirkoissamme. Irke muistelee lapsuutensa ja nuoruutensa p\u00e4\u00e4si\u00e4isi\u00e4:<\/p>\n<p>\u2013\u00a0<em>Lapsena Kuopiossa p\u00e4\u00e4si\u00e4iseeni kuului virpominen ja \u00e4idin paistama rahkapiirakka. Sisarusten kanssa v\u00e4rj\u00e4simme kananmunia sipuleilla ja maalasimme niit\u00e4.<\/em><\/p>\n<p>\u2013\u00a0<em>Olen maalannut joitakin p\u00e4\u00e4si\u00e4isen tapahtumaikoneja. Nykyisin pid\u00e4n usein ennen p\u00e4\u00e4si\u00e4ist\u00e4 p\u00e4\u00e4si\u00e4ismunien koristelukursseja. Olen 60-luvulta l\u00e4htien viett\u00e4nyt paljon p\u00e4\u00e4si\u00e4isi\u00e4 Valamon luostarissa, joka on minulle hyvin t\u00e4rke\u00e4 paikka.<\/em><\/p>\n<p>\u2013\u00a0<em>Ortodoksisuus on minulle el\u00e4m\u00e4ntapa. El\u00e4m\u00e4ss\u00e4ni kaikki on liittynyt jollain tavalla ortodoksisuuteen, kaikki on rytmittynyt kirkkovuoden paastojen ja juhlien mukaan.<\/em><\/p>\n<figure id=\"attachment_116\" aria-describedby=\"caption-attachment-116\" style=\"width: 1014px\" class=\"wp-caption alignnone\"><img loading=\"lazy\" decoding=\"async\" class=\"wp-image-116 size-large\" src=\"https:\/\/ort.fi\/taipale\/wp-content\/uploads\/2018\/09\/IMG_9713-1024x768.jpeg\" alt=\"\" width=\"1024\" height=\"768\" srcset=\"https:\/\/ort.fi\/taipale\/wp-content\/uploads\/2018\/09\/IMG_9713-1024x768.jpeg 1024w, https:\/\/ort.fi\/taipale\/wp-content\/uploads\/2018\/09\/IMG_9713-300x225.jpeg 300w, https:\/\/ort.fi\/taipale\/wp-content\/uploads\/2018\/09\/IMG_9713-768x576.jpeg 768w\" sizes=\"auto, (max-width: 1024px) 100vw, 1024px\" \/><figcaption id=\"caption-attachment-116\" class=\"wp-caption-text\">Viimeinen valokuva Irkest\u00e4. Liperin tiistaiseurassa koristellaan p\u00e4\u00e4si\u00e4ismunia Irken johdolla vain muutama p\u00e4iv\u00e4 ennen h\u00e4nen pois nukkumistaan. Kuva: Eeva-Liisa Karttunen<\/figcaption><\/figure>\n<p>Teksti: Eeva-Liisa Karttunen<\/p>\n","protected":false},"excerpt":{"rendered":"<p>Irke Anja Irmeli Petterberg (s. 28.9.1947 Kuopiossa, k. 27.2.2014 Liperiss\u00e4) menehtyi sairauden uuvuttamana suuren paaston kynnyksell\u00e4. Oheinen haastattelu tehtiin vain muutama p\u00e4iv\u00e4 aikaisemmin. Se kuvaa Irken omistautumista kauneuden ja kirkon &#8230; <a title=\"Irke Petterberg on nukkunut pois\" class=\"read-more\" href=\"https:\/\/ort.fi\/taipale\/luettavaa\/kirjoituksia\/irke-petterberg-on-nukkunut-pois\/\" aria-label=\"Lue lis\u00e4\u00e4 aiheesta Irke Petterberg on nukkunut pois\">Lue lis\u00e4\u00e4<\/a><\/p>\n","protected":false},"author":2,"featured_media":0,"parent":84,"menu_order":0,"comment_status":"closed","ping_status":"closed","template":"","meta":{"ngg_post_thumbnail":0,"footnotes":""},"class_list":["post-112","page","type-page","status-publish"],"_links":{"self":[{"href":"https:\/\/ort.fi\/taipale\/wp-json\/wp\/v2\/pages\/112","targetHints":{"allow":["GET"]}}],"collection":[{"href":"https:\/\/ort.fi\/taipale\/wp-json\/wp\/v2\/pages"}],"about":[{"href":"https:\/\/ort.fi\/taipale\/wp-json\/wp\/v2\/types\/page"}],"author":[{"embeddable":true,"href":"https:\/\/ort.fi\/taipale\/wp-json\/wp\/v2\/users\/2"}],"replies":[{"embeddable":true,"href":"https:\/\/ort.fi\/taipale\/wp-json\/wp\/v2\/comments?post=112"}],"version-history":[{"count":3,"href":"https:\/\/ort.fi\/taipale\/wp-json\/wp\/v2\/pages\/112\/revisions"}],"predecessor-version":[{"id":126,"href":"https:\/\/ort.fi\/taipale\/wp-json\/wp\/v2\/pages\/112\/revisions\/126"}],"up":[{"embeddable":true,"href":"https:\/\/ort.fi\/taipale\/wp-json\/wp\/v2\/pages\/84"}],"wp:attachment":[{"href":"https:\/\/ort.fi\/taipale\/wp-json\/wp\/v2\/media?parent=112"}],"curies":[{"name":"wp","href":"https:\/\/api.w.org\/{rel}","templated":true}]}}