{"id":10667,"date":"2020-10-22T12:21:18","date_gmt":"2020-10-22T09:21:18","guid":{"rendered":"https:\/\/ort.fi\/taipale\/?page_id=10667"},"modified":"2020-10-22T12:21:18","modified_gmt":"2020-10-22T09:21:18","slug":"uudenlainen-aika","status":"publish","type":"page","link":"https:\/\/ort.fi\/taipale\/opetuskirjoituksia\/uudenlainen-aika\/","title":{"rendered":"Uudenlainen aika"},"content":{"rendered":"<p>Voih, t\u00e4t\u00e4 syksy\u00e4!Jumala lohdutti meit\u00e4 kauniilla kes\u00e4ll\u00e4, luonto tarjosi runsaasti erilaista satoa ja hiljalleen aloimme jo tottua \u201dnormaaliin\u201d el\u00e4m\u00e4\u00e4n.<\/p>\n<p>Nyt on virus vy\u00f6rym\u00e4ss\u00e4 entist\u00e4 kovemmalla voimalla ja syksyn pimeyskin tuntuu uhkaavalta. Onko lukittauduttava uudestaan nelj\u00e4n sein\u00e4n sis\u00e4\u00e4n? Eik\u00f6 mit\u00e4\u00e4n huvituksia sallita? Tahdomme jo tukkia silm\u00e4t ja korvat kaikelta t\u00e4lt\u00e4 kurjuudelta!<\/p>\n<p>Viime vuosina on entist\u00e4 selvemmin n\u00e4kynyt ja tuntunut, miten eriarvoiseksi rakas kotimaamme on muuttunut. Ne, joilla menee hyvin, menee sitten ylitsevuotavan upeasti. Kaukomatkat ovat jokavuotista ajankulua, autot ja kodin tekniikka huippuluokkaa, asunnot valtavan kokoisia.<\/p>\n<p>Ent\u00e4 ne, joilla on jo useamman sukupolven kokemus ty\u00f6tt\u00f6myydest\u00e4, perint\u00f6jen varaan on turha laskeskella ja tukien jatkuva hakeminen ja niill\u00e4 el\u00e4minen viev\u00e4t itsetunnon ja joidenkin silmiss\u00e4 jo ihmisarvonkin?<\/p>\n<p>Olemmeko pian kaikki samalla viivalla: korona ei laskelmoi, kehen tai mihin se iskee? Syyslomaviikoilla eiv\u00e4t lapset p\u00e4\u00e4sseet elvistelem\u00e4\u00e4n rantalomillaan, kaikenkuntoiset m\u00f6kit ihan omien j\u00e4rviemme \u00e4\u00e4rell\u00e4 kelpaavat lomakohteiksi. Naapurin huikkaama tervehdyskin voi l\u00e4ik\u00e4ytt\u00e4\u00e4 syd\u00e4mess\u00e4 ihan toisella tavalla kuin ennen. Samassa veneess\u00e4 ollaan.<\/p>\n<p>En voi olla ajattelematta, ett\u00e4 t\u00e4ll\u00e4 kaikella on ollut tarkoitus. Jumala haluaa palauttaa meid\u00e4t ruotuun. Meid\u00e4n t\u00e4ytyy kantaa huolta ja vastuuta heikommistamme. Yht`\u00e4kki\u00e4 voimme itse, henkil\u00f6kohtaisesti tai koko kansakuntana, olla heikkona ja avuntarpeessa.<\/p>\n<p>Luoja, kaikkivaltias Jumalamme, ei tee virheit\u00e4. Kaikki, mik\u00e4 tapahtuu, on tarkoitettu meid\u00e4n hyv\u00e4ksemme ja nimenomaan meid\u00e4n pelastukseksemme. T\u00e4ss\u00e4 ajassa meit\u00e4 runtelevat myrskyt, myrkyt, v\u00e4kivalta ja virukset, mutta tuonpuoleisessa, johon me kristittyin\u00e4 uskomme, ne kaikki puuttuvat. Meid\u00e4t on kutsuttu iloon, rakkauteen ja toinen toisistamme huolehtimiseen. L\u00e4himm\u00e4isi\u00e4mme ovat kaikki ne, jotka apuamme ja tukeamme tarvitsevat. Ei Kristuskaan laskelmoinut, kenen kanssa kannatti yst\u00e4vysty\u00e4, kenet parantaa tai jopa her\u00e4tt\u00e4\u00e4 kuolleista. Samoin se ei ole meid\u00e4nk\u00e4\u00e4n teht\u00e4v\u00e4mme. \u201dNiin kuin te tahdotte ihmisten tekev\u00e4n teille, niin tehk\u00e4\u00e4 te heille.\u201d ( Luuk.6:31).<\/p>\n<p>Vaikka toinen aalto vy\u00f6ryisi niskaamme, ravintolat sulkeutuisivat, lennot peruttaisiin, konkurssit uhkaisivat&#8230; olemme turvassa. Jumala pit\u00e4\u00e4 meist\u00e4 huolen, kunhan me huolehdimme toinen toisistamme. Meid\u00e4n on opittava jakamaan omastamme ja muutettava ylt\u00e4kyll\u00e4isyys yhteiseksi hyv\u00e4ksi. Silloin jokaisella olisi l\u00e4mmin koti, riitt\u00e4v\u00e4sti ruokaa ja ihmisen kasvot, joissa n\u00e4kisimme Luojamme.<\/p>\n<p>Kaisu Potkonen<br \/>\n&nbsp;&nbsp;<\/p>\n","protected":false},"excerpt":{"rendered":"<p>Voih, t\u00e4t\u00e4 syksy\u00e4!Jumala lohdutti meit\u00e4 kauniilla kes\u00e4ll\u00e4, luonto tarjosi runsaasti erilaista satoa ja hiljalleen aloimme jo tottua \u201dnormaaliin\u201d el\u00e4m\u00e4\u00e4n. Nyt on virus vy\u00f6rym\u00e4ss\u00e4 entist\u00e4 kovemmalla voimalla ja syksyn pimeyskin tuntuu &#8230; <a title=\"Uudenlainen aika\" class=\"read-more\" href=\"https:\/\/ort.fi\/taipale\/opetuskirjoituksia\/uudenlainen-aika\/\" aria-label=\"Lue lis\u00e4\u00e4 aiheesta Uudenlainen aika\">Lue lis\u00e4\u00e4<\/a><\/p>\n","protected":false},"author":2,"featured_media":0,"parent":630,"menu_order":0,"comment_status":"closed","ping_status":"closed","template":"","meta":{"ngg_post_thumbnail":0,"footnotes":""},"class_list":["post-10667","page","type-page","status-publish"],"_links":{"self":[{"href":"https:\/\/ort.fi\/taipale\/wp-json\/wp\/v2\/pages\/10667","targetHints":{"allow":["GET"]}}],"collection":[{"href":"https:\/\/ort.fi\/taipale\/wp-json\/wp\/v2\/pages"}],"about":[{"href":"https:\/\/ort.fi\/taipale\/wp-json\/wp\/v2\/types\/page"}],"author":[{"embeddable":true,"href":"https:\/\/ort.fi\/taipale\/wp-json\/wp\/v2\/users\/2"}],"replies":[{"embeddable":true,"href":"https:\/\/ort.fi\/taipale\/wp-json\/wp\/v2\/comments?post=10667"}],"version-history":[{"count":1,"href":"https:\/\/ort.fi\/taipale\/wp-json\/wp\/v2\/pages\/10667\/revisions"}],"predecessor-version":[{"id":10669,"href":"https:\/\/ort.fi\/taipale\/wp-json\/wp\/v2\/pages\/10667\/revisions\/10669"}],"up":[{"embeddable":true,"href":"https:\/\/ort.fi\/taipale\/wp-json\/wp\/v2\/pages\/630"}],"wp:attachment":[{"href":"https:\/\/ort.fi\/taipale\/wp-json\/wp\/v2\/media?parent=10667"}],"curies":[{"name":"wp","href":"https:\/\/api.w.org\/{rel}","templated":true}]}}