{"id":10097,"date":"2020-09-09T20:03:30","date_gmt":"2020-09-09T17:03:30","guid":{"rendered":"https:\/\/ort.fi\/taipale\/?page_id=10097"},"modified":"2020-09-10T19:58:14","modified_gmt":"2020-09-10T16:58:14","slug":"kiitos-eine","status":"publish","type":"page","link":"https:\/\/ort.fi\/taipale\/kuvagalleriat\/kiitos-eine\/","title":{"rendered":"Kiitos Eine!"},"content":{"rendered":"<p>Syyskes\u00e4n aurinkoisena sunnuntaina vietettiin Taipaleella pitk\u00e4aikaisen em\u00e4nt\u00e4mme Eine Ratilaisen l\u00e4ksi\u00e4isi\u00e4. Haikean iloisissa juhlissa muistettiin Eine\u00e4 monin tavoin serenadeista kukkien kautta valkoisiin ja punaisiin kirjekuoriin. Liturgian j\u00e4lkeen maistui kaikille my\u00f6s Kirkon Yst\u00e4vien keittolounas piirakoineen ja kakkukahveineen.<\/p>\n<p>Eine on vuosien ajan huolehtinut Vanhan Pappilan siisteydest\u00e4, hoitanut mm. erilaisten toimikuntien kokousten ja joka maanantaisten ty\u00f6ntekij\u00e4palaverien tarjoilut, j\u00e4rjest\u00e4nyt kirkkokahvituksia ja ruokkinut S\u00e4ynelammen kaiken ik\u00e4iset leiril\u00e4iset.<\/p>\n<p>Mukavaa on, ett\u00e4 Eine ja Pentti eiv\u00e4t muuta minnek\u00e4\u00e4n, vaan jatkavat elely\u00e4 kirkon ja Vanhan Pappilan liepeill\u00e4. Koko Taipaleen seurakunta toivottaa Einelle terveytt\u00e4 ja voimia miehens\u00e4 Pentin omaishoitajana ja anoo ihmisi\u00e4 rakastavalta Jumalaltamme heille monia armorikkaita vuosia!<\/p>\n<p>Kuvat: Tuomas Kallonen ja Pentti Potkonen<\/p>\n<p>ngg_shortcode_0_placeholder<div class=\"addtoany_shortcode\"><div class=\"a2a_kit a2a_kit_size_32 addtoany_list\" data-a2a-url=\"https:\/\/ort.fi\/taipale\/kuvagalleriat\/kiitos-eine\/\" data-a2a-title=\"Kiitos Eine!\"><a class=\"a2a_button_facebook\" href=\"https:\/\/www.addtoany.com\/add_to\/facebook?linkurl=https%3A%2F%2Fort.fi%2Ftaipale%2Fkuvagalleriat%2Fkiitos-eine%2F&amp;linkname=Kiitos%20Eine%21\" title=\"Facebook\" rel=\"nofollow noopener\" target=\"_blank\"><\/a><a class=\"a2a_button_twitter\" href=\"https:\/\/www.addtoany.com\/add_to\/twitter?linkurl=https%3A%2F%2Fort.fi%2Ftaipale%2Fkuvagalleriat%2Fkiitos-eine%2F&amp;linkname=Kiitos%20Eine%21\" title=\"Twitter\" rel=\"nofollow noopener\" target=\"_blank\"><\/a><a class=\"a2a_button_whatsapp\" href=\"https:\/\/www.addtoany.com\/add_to\/whatsapp?linkurl=https%3A%2F%2Fort.fi%2Ftaipale%2Fkuvagalleriat%2Fkiitos-eine%2F&amp;linkname=Kiitos%20Eine%21\" title=\"WhatsApp\" rel=\"nofollow noopener\" target=\"_blank\"><\/a><a class=\"a2a_button_email\" href=\"https:\/\/www.addtoany.com\/add_to\/email?linkurl=https%3A%2F%2Fort.fi%2Ftaipale%2Fkuvagalleriat%2Fkiitos-eine%2F&amp;linkname=Kiitos%20Eine%21\" title=\"Email\" rel=\"nofollow noopener\" target=\"_blank\"><\/a><a class=\"a2a_dd addtoany_share_save addtoany_share\" href=\"https:\/\/www.addtoany.com\/share\"><\/a><\/div><\/div><\/p>\n","protected":false},"excerpt":{"rendered":"<p>Syyskes\u00e4n aurinkoisena sunnuntaina vietettiin Taipaleella pitk\u00e4aikaisen em\u00e4nt\u00e4mme Eine Ratilaisen l\u00e4ksi\u00e4isi\u00e4. Haikean iloisissa juhlissa muistettiin Eine\u00e4 monin tavoin serenadeista kukkien kautta valkoisiin ja punaisiin kirjekuoriin. Liturgian j\u00e4lkeen maistui kaikille my\u00f6s Kirkon &#8230; <a title=\"Kiitos Eine!\" class=\"read-more\" href=\"https:\/\/ort.fi\/taipale\/kuvagalleriat\/kiitos-eine\/\" aria-label=\"Lue lis\u00e4\u00e4 aiheesta Kiitos Eine!\">Lue lis\u00e4\u00e4<\/a><\/p>\n","protected":false},"author":6,"featured_media":0,"parent":604,"menu_order":-17,"comment_status":"closed","ping_status":"closed","template":"","meta":{"ngg_post_thumbnail":0,"footnotes":""},"class_list":["post-10097","page","type-page","status-publish"],"_links":{"self":[{"href":"https:\/\/ort.fi\/taipale\/wp-json\/wp\/v2\/pages\/10097","targetHints":{"allow":["GET"]}}],"collection":[{"href":"https:\/\/ort.fi\/taipale\/wp-json\/wp\/v2\/pages"}],"about":[{"href":"https:\/\/ort.fi\/taipale\/wp-json\/wp\/v2\/types\/page"}],"author":[{"embeddable":true,"href":"https:\/\/ort.fi\/taipale\/wp-json\/wp\/v2\/users\/6"}],"replies":[{"embeddable":true,"href":"https:\/\/ort.fi\/taipale\/wp-json\/wp\/v2\/comments?post=10097"}],"version-history":[{"count":4,"href":"https:\/\/ort.fi\/taipale\/wp-json\/wp\/v2\/pages\/10097\/revisions"}],"predecessor-version":[{"id":10121,"href":"https:\/\/ort.fi\/taipale\/wp-json\/wp\/v2\/pages\/10097\/revisions\/10121"}],"up":[{"embeddable":true,"href":"https:\/\/ort.fi\/taipale\/wp-json\/wp\/v2\/pages\/604"}],"wp:attachment":[{"href":"https:\/\/ort.fi\/taipale\/wp-json\/wp\/v2\/media?parent=10097"}],"curies":[{"name":"wp","href":"https:\/\/api.w.org\/{rel}","templated":true}]}}