{"id":624,"date":"2016-05-01T15:55:59","date_gmt":"2016-05-01T15:55:59","guid":{"rendered":"http:\/\/kehitys.ort.fi\/seminaari\/?page_id=624"},"modified":"2025-06-04T08:16:12","modified_gmt":"2025-06-04T05:16:12","slug":"seminaarin-asukkaaksi-hakeminen","status":"publish","type":"page","link":"https:\/\/ort.fi\/seminaari\/index.php\/seminaarin-asukkaaksi-hakeminen\/","title":{"rendered":"Seminaarin asukkaaksi hakeminen"},"content":{"rendered":"<p>Asuntoa seminaarilta voivat hakea kaikki ortodoksisen teologian p\u00e4\u00e4aineopiskelijat. Asuminen seminaarilla on erityisen suotavaa niille, joiden t\u00e4ht\u00e4imess\u00e4 on valmistumisen j\u00e4lkeen toimia kirkon ty\u00f6ss\u00e4.<\/p>\n<p>Asuinhuoneen kuukausivuokra on 1.9.2025 alkaen 245\u20ac\/kk.<\/p>\n<p>Asuinhakemuksen voit toimittaa oheisen lomakkeen kautta. Asukkaiden valinnassa ensimm\u00e4isen vuoden opiskelijat ovat etusijalla. Muita asukasvalintaan vaikuttavia tekij\u00f6it\u00e4 ovat asuinvuodet seminaarilla sek\u00e4 kertyneet opintosuoritukset. Muiden kuin ensimm\u00e4isen vuoden opiskelijoiden on osoitettava kunkin vuoden\u00a0opiskelun p\u00e4\u00e4toimisuus opintosuoritusrekisteriotteella.<\/p>\n<h2>Asuinhakemuslomake<\/h2>\n\n\n<!-- Fast Secure Contact Form plugin 4.0.52 - begin - FastSecureContactForm.com -->\r\n<div style=\"clear:both;\"><\/div>\n\r\n<div id=\"FSContact2\" style=\"width:99%; max-width:555px;\">\r\n<form enctype=\"multipart\/form-data\" action=\"https:\/\/ort.fi\/seminaari\/index.php\/wp-json\/wp\/v2\/pages\/624#FSContact2\" id=\"fscf_form2\" method=\"post\">\r\n\n<div id=\"fscf_required2\">\n  <span style=\"text-align:left;\">*<\/span> <span style=\"text-align:left;\">Vaadittu kentt\u00e4<\/span>\n<\/div>\n\n\n<div id=\"fscf_div_clear2_0\" style=\"clear:both;\">\n  <div id=\"fscf_div_field2_0\" style=\"clear:left; float:left; width:99%; max-width:550px; margin-right:10px;\">\r\n    <div style=\"text-align:left; padding-top:5px;\">\n      <label style=\"text-align:left;\" for=\"fscf_name2\">Nimi<span style=\"text-align:left;\">*<\/span><\/label>\n    <\/div>\r\n    <div style=\"text-align:left;\">\r\n      <input style=\"text-align:left; margin:0; width:99%; max-width:540px;\" type=\"text\" id=\"fscf_name2\" name=\"full_name\" value=\"\"  \/>\r\n    <\/div>\r\n  <\/div>\n<\/div>\n\n<div id=\"fscf_div_clear2_4\" style=\"clear:both;\">\n  <div id=\"fscf_div_field2_4\" style=\"clear:left; float:left; width:99%; max-width:550px; margin-right:10px;\">\n    <div  id=\"fscf_label2_4\" style=\"text-align:left; padding-top:5px;\">\r\n      <label style=\"text-align:left;\" for=\"fscf_field2_4\">Osoite<span style=\"text-align:left;\">*<\/span><\/label>\n    <\/div>\n    <div style=\"text-align:left;\">\n      <input style=\"text-align:left; margin:0; width:99%; max-width:540px;\" type=\"text\" id=\"fscf_field2_4\" name=\"Osoite\" value=\"\"  \/>\n    <\/div>\n  <\/div>\n<\/div>\n\n<div id=\"fscf_div_clear2_5\" style=\"clear:both;\">\n  <div id=\"fscf_div_field2_5\" style=\"clear:left; float:left; width:99%; max-width:550px; margin-right:10px;\">\n    <div  id=\"fscf_label2_5\" style=\"text-align:left; padding-top:5px;\">\r\n      <label style=\"text-align:left;\" for=\"fscf_field2_5\">Puhelinnumero<span style=\"text-align:left;\">*<\/span><\/label>\n    <\/div>\n    <div style=\"text-align:left;\">\n      <input style=\"text-align:left; margin:0; width:99%; max-width:540px;\" type=\"text\" id=\"fscf_field2_5\" name=\"Puhelinnumero\" value=\"\"  \/>\n    <\/div>\n  <\/div>\n<\/div>\n\n<div id=\"fscf_div_clear2_1\" style=\"clear:both;\">\n  <div id=\"fscf_div_field2_1\" style=\"clear:left; float:left; width:99%; max-width:550px; margin-right:10px;\">\n    <div style=\"text-align:left; padding-top:5px;\">\n      <label style=\"text-align:left;\" for=\"fscf_email2\">S\u00e4hk\u00f6posti<span style=\"text-align:left;\">*<\/span><\/label>\n    <\/div>\n    <div style=\"text-align:left;\">\n      <input style=\"text-align:left; margin:0; width:99%; max-width:540px;\" type=\"text\" id=\"fscf_email2\" name=\"email\" value=\"\"  \/>\n    <\/div>\n  <\/div>\n<\/div>\n\n<div id=\"fscf_div_clear2_6\" style=\"clear:both;\">\n  <div id=\"fscf_div_field2_6\" style=\"clear:left; float:left; width:99%; max-width:550px; margin-right:10px;\">\n    <div  id=\"fscf_label2_6\" style=\"text-align:left; padding-top:5px;\">\r\n      <label style=\"text-align:left;\" for=\"fscf_field2_6\">Opiskeluvuosi<span style=\"text-align:left;\">*<\/span><\/label>\n    <\/div>\n    <div style=\"text-align:left;\">\n      <input style=\"text-align:left; margin:0; width:99%; max-width:540px;\" type=\"text\" id=\"fscf_field2_6\" name=\"Opiskeluvuosi\" value=\"\"  \/>\n    <\/div>\n  <\/div>\n<\/div>\n\n<div id=\"fscf_div_clear2_7\" style=\"clear:both;\">\n  <div id=\"fscf_div_field2_7\" style=\"clear:left; float:left; width:99%; max-width:550px; margin-right:10px;\">\n    <div  id=\"fscf_label2_7\" style=\"text-align:left; padding-top:5px;\">\r\n      <label style=\"text-align:left;\" for=\"fscf_field2_7\">Opiskeluvuodet seminaarilla<span style=\"text-align:left;\">*<\/span><\/label>\n    <\/div>\n    <div style=\"text-align:left;\">\n      <input style=\"text-align:left; margin:0; width:99%; max-width:540px;\" type=\"text\" id=\"fscf_field2_7\" name=\"Opiskeluvuodet-seminaarilla\" value=\"\"  \/>\n    <\/div>\n  <\/div>\n<\/div>\n\n<div id=\"fscf_div_clear2_3\" style=\"clear:both;\">\n  <div id=\"fscf_div_field2_3\" style=\"clear:left; float:left; width:99%; max-width:550px; margin-right:10px;\">\n    <div style=\"text-align:left; padding-top:5px;\">\n      <label style=\"text-align:left;\" for=\"fscf_field2_3\">Hakemus<\/label>\n    <\/div>\n    <div style=\"text-align:left;\">\n      <textarea style=\"text-align:left; margin:0; width:99%; max-width:540px; height:120px;\" id=\"fscf_field2_3\" name=\"message\" cols=\"30\" rows=\"10\" ><\/textarea>\n    <\/div>\n  <\/div>\n<\/div>\n\n<div id=\"fscf_div_clear2_8\" style=\"clear:both;\">\n  <div id=\"fscf_div_field2_8\" style=\"clear:left; float:left; width:99%; max-width:550px; margin-right:10px;\">\n    <div  id=\"fscf_label2_8\" style=\"text-align:left; padding-top:5px;\">\r\n      <label style=\"text-align:left;\" for=\"fscf_field2_8\">Liite (opintosuoritusrekisteriote)<\/label>\n    <\/div>\n    <div style=\"text-align:left;\">\n      <input style=\"text-align:left; margin:0; width:99%; max-width:540px;\" type=\"file\" id=\"fscf_field2_8\" name=\"Liite-opintosuoritusrekisteriote\"  size=\"20\" \/><br \/>\n      <span id=\"fscf_hint_file_types2_8\" style=\"font-size:x-small; font-weight:normal;\">Hyv\u00e4ksytt\u00e4v\u00e4t tiedostomuodot: doc,docx,pdf,txt,jpg,jpeg,png<br \/>Suurin tiedostokoko: 2mb<\/span>\n    <\/div>\n  <\/div>\n<\/div>\r\n<div style=\"clear:both;\"><\/div>\n\n<div id=\"fscf_submit_div2\" style=\"text-align:left; clear:both; padding-top:15px;\">\r\n\t\t<input type=\"submit\" id=\"fscf_submit2\" style=\"cursor:pointer; margin:0;\" value=\"L&auml;het&auml;\"  onclick=\"this.disabled=true; this.value='L\u00e4hetet\u00e4\u00e4n...'; this.form.submit();\" \/> \n<\/div>\n\n<input type=\"hidden\" name=\"fscf_submitted\" value=\"0\" \/>\n<input type=\"hidden\" name=\"fs_postonce_2\" value=\"8c6fa4651154375a74248165f44051be,1776177901\" \/>\n<input type=\"hidden\" name=\"si_contact_action\" value=\"send\" \/>\n<input type=\"hidden\" name=\"form_id\" value=\"2\" \/>\n<input type=\"hidden\" name=\"mailto_id\" value=\"1\" \/>\n\n<\/form>\n<\/div>\r\n<div style=\"clear:both;\"><\/div>\n\n<!-- Fast Secure Contact Form plugin 4.0.52 - end - FastSecureContactForm.com -->\n\n<p>Opintosuoritusrekisteriote tulee toimittaa osoitteeseen:<br \/>\nOrtodoksinen seminaari<br \/>\nTorikatu 41<br \/>\n80100 Joensuu<br \/>\ntai s\u00e4hk\u00f6postilla ort.seminaari [\u00e4t] ort.fi<\/p>\n<p>&nbsp;<\/p>\n<h4>Lis\u00e4tietoja:<\/h4>\n<p>Pastori Mikko Sidoroff, Seminaarin johtaja<br \/>\np. 050 5210920<br \/>\ns\u00e4hk\u00f6posti: mikko.sidoroff [\u00e4t] ort.fi<\/p>\n","protected":false},"excerpt":{"rendered":"<p>Asuntoa seminaarilta voivat hakea kaikki ortodoksisen teologian p\u00e4\u00e4aineopiskelijat. Asuminen seminaarilla on erityisen suotavaa niille, joiden t\u00e4ht\u00e4imess\u00e4 on valmistumisen j\u00e4lkeen toimia kirkon ty\u00f6ss\u00e4. Asuinhuoneen kuukausivuokra on 1.9.2025 alkaen 245\u20ac\/kk. Asuinhakemuksen voit toimittaa oheisen lomakkeen kautta. Asukkaiden valinnassa ensimm\u00e4isen vuoden opiskelijat ovat etusijalla. Muita asukasvalintaan vaikuttavia tekij\u00f6it\u00e4 ovat asuinvuodet seminaarilla sek\u00e4 kertyneet opintosuoritukset. Muiden kuin ensimm\u00e4isen vuoden [&hellip;]<\/p>\n","protected":false},"author":1,"featured_media":0,"parent":0,"menu_order":0,"comment_status":"closed","ping_status":"closed","template":"","meta":{"inline_featured_image":false,"jetpack_post_was_ever_published":false,"footnotes":""},"class_list":["post-624","page","type-page","status-publish","hentry"],"jetpack_shortlink":"https:\/\/wp.me\/P7k47p-a4","jetpack_sharing_enabled":true,"_links":{"self":[{"href":"https:\/\/ort.fi\/seminaari\/index.php\/wp-json\/wp\/v2\/pages\/624","targetHints":{"allow":["GET"]}}],"collection":[{"href":"https:\/\/ort.fi\/seminaari\/index.php\/wp-json\/wp\/v2\/pages"}],"about":[{"href":"https:\/\/ort.fi\/seminaari\/index.php\/wp-json\/wp\/v2\/types\/page"}],"author":[{"embeddable":true,"href":"https:\/\/ort.fi\/seminaari\/index.php\/wp-json\/wp\/v2\/users\/1"}],"replies":[{"embeddable":true,"href":"https:\/\/ort.fi\/seminaari\/index.php\/wp-json\/wp\/v2\/comments?post=624"}],"version-history":[{"count":27,"href":"https:\/\/ort.fi\/seminaari\/index.php\/wp-json\/wp\/v2\/pages\/624\/revisions"}],"predecessor-version":[{"id":5243,"href":"https:\/\/ort.fi\/seminaari\/index.php\/wp-json\/wp\/v2\/pages\/624\/revisions\/5243"}],"wp:attachment":[{"href":"https:\/\/ort.fi\/seminaari\/index.php\/wp-json\/wp\/v2\/media?parent=624"}],"curies":[{"name":"wp","href":"https:\/\/api.w.org\/{rel}","templated":true}]}}