{"id":5,"date":"2016-02-07T10:12:32","date_gmt":"2016-02-07T10:12:32","guid":{"rendered":"http:\/\/kehitys.ort.fi\/seminaari\/?page_id=5"},"modified":"2024-09-03T14:04:24","modified_gmt":"2024-09-03T11:04:24","slug":"tilavaraukset","status":"publish","type":"page","link":"https:\/\/ort.fi\/seminaari\/index.php\/tilavaraukset\/","title":{"rendered":"Tilavaraukset"},"content":{"rendered":"<p>Seminaarin suuressa salissa on tilaa n.50 henkil\u00f6lle. Tilaa voi vuokrata opetus- tai luentok\u00e4ytt\u00f6\u00f6n. Tilaa vuokrataan my\u00f6s konsertteja tai yksityisi\u00e4 juhlatilaisuuksia varten. Tiedustelut <a href=\"\/seminaari\/index.php\/yhteystiedot\/\" target=\"_blank\" rel=\"noopener noreferrer\">yhteydenottolomakkeen<\/a> kautta.<\/p>\n<div id='gallery-1' class='gallery galleryid-5 gallery-columns-3 gallery-size-thumbnail'><figure class='gallery-item'>\n\t\t\t<div class='gallery-icon landscape'>\n\t\t\t\t<a href='https:\/\/ort.fi\/seminaari\/wp-content\/uploads\/2017\/01\/sali3.jpg'><img loading=\"lazy\" decoding=\"async\" width=\"300\" height=\"300\" src=\"https:\/\/ort.fi\/seminaari\/wp-content\/uploads\/2017\/01\/sali3-300x300.jpg\" class=\"attachment-thumbnail size-thumbnail\" alt=\"\" aria-describedby=\"gallery-1-1113\" \/><\/a>\n\t\t\t<\/div>\n\t\t\t\t<figcaption class='wp-caption-text gallery-caption' id='gallery-1-1113'>\n\t\t\t\tOrtodoksisen seminaarin sali\n\t\t\t\t<\/figcaption><\/figure><figure class='gallery-item'>\n\t\t\t<div class='gallery-icon landscape'>\n\t\t\t\t<a href='https:\/\/ort.fi\/seminaari\/wp-content\/uploads\/2017\/01\/sali4.jpg'><img loading=\"lazy\" decoding=\"async\" width=\"300\" height=\"300\" src=\"https:\/\/ort.fi\/seminaari\/wp-content\/uploads\/2017\/01\/sali4-300x300.jpg\" class=\"attachment-thumbnail size-thumbnail\" alt=\"\" aria-describedby=\"gallery-1-1115\" \/><\/a>\n\t\t\t<\/div>\n\t\t\t\t<figcaption class='wp-caption-text gallery-caption' id='gallery-1-1115'>\n\t\t\t\tOrtodoksisen seminaarin sali\n\t\t\t\t<\/figcaption><\/figure><figure class='gallery-item'>\n\t\t\t<div class='gallery-icon landscape'>\n\t\t\t\t<a href='https:\/\/ort.fi\/seminaari\/wp-content\/uploads\/2017\/01\/sali2.jpg'><img loading=\"lazy\" decoding=\"async\" width=\"300\" height=\"300\" src=\"https:\/\/ort.fi\/seminaari\/wp-content\/uploads\/2017\/01\/sali2-300x300.jpg\" class=\"attachment-thumbnail size-thumbnail\" alt=\"\" aria-describedby=\"gallery-1-1111\" \/><\/a>\n\t\t\t<\/div>\n\t\t\t\t<figcaption class='wp-caption-text gallery-caption' id='gallery-1-1111'>\n\t\t\t\tOrtodoksisen seminaarin sali\n\t\t\t\t<\/figcaption><\/figure>\n\t\t<\/div>\n\n<h3>Asuminen<\/h3>\n<p>Opiskelija-asuntolassa on majoitustilaa 29 opiskelijalle. Asuinhuoneet on valmiiksi kalustettu.Huoneissa on oma kylpyhuone. Yl\u00e4kerran asukkailla on k\u00e4yt\u00f6ss\u00e4\u00e4n yhteiskeitti\u00f6. Alakerrassa on nelj\u00e4 kahden hengen soluasuntoa, joilla on oma keitti\u00f6. Talossa on my\u00f6s yhteisi\u00e4 opiskelu- ja oleskelutiloja sek\u00e4 sauna.<\/p>\n<div id='gallery-2' class='gallery galleryid-5 gallery-columns-3 gallery-size-thumbnail'><figure class='gallery-item'>\n\t\t\t<div class='gallery-icon landscape'>\n\t\t\t\t<a href='https:\/\/ort.fi\/seminaari\/wp-content\/uploads\/2017\/01\/huone2.jpg'><img loading=\"lazy\" decoding=\"async\" width=\"300\" height=\"300\" src=\"https:\/\/ort.fi\/seminaari\/wp-content\/uploads\/2017\/01\/huone2-300x300.jpg\" class=\"attachment-thumbnail size-thumbnail\" alt=\"\" aria-describedby=\"gallery-2-1071\" \/><\/a>\n\t\t\t<\/div>\n\t\t\t\t<figcaption class='wp-caption-text gallery-caption' id='gallery-2-1071'>\n\t\t\t\tOpiskelija-asuntolan valmiiksi kalustettu huone\n\t\t\t\t<\/figcaption><\/figure><figure class='gallery-item'>\n\t\t\t<div class='gallery-icon portrait'>\n\t\t\t\t<a href='https:\/\/ort.fi\/seminaari\/wp-content\/uploads\/2017\/01\/kylpyhuone2.jpg'><img loading=\"lazy\" decoding=\"async\" width=\"300\" height=\"300\" src=\"https:\/\/ort.fi\/seminaari\/wp-content\/uploads\/2017\/01\/kylpyhuone2-300x300.jpg\" class=\"attachment-thumbnail size-thumbnail\" alt=\"\" aria-describedby=\"gallery-2-1079\" \/><\/a>\n\t\t\t<\/div>\n\t\t\t\t<figcaption class='wp-caption-text gallery-caption' id='gallery-2-1079'>\n\t\t\t\tOma kylpyhuone\n\t\t\t\t<\/figcaption><\/figure><figure class='gallery-item'>\n\t\t\t<div class='gallery-icon landscape'>\n\t\t\t\t<a href='https:\/\/ort.fi\/seminaari\/wp-content\/uploads\/2017\/01\/olohuone3.jpg'><img loading=\"lazy\" decoding=\"async\" width=\"300\" height=\"300\" src=\"https:\/\/ort.fi\/seminaari\/wp-content\/uploads\/2017\/01\/olohuone3-300x300.jpg\" class=\"attachment-thumbnail size-thumbnail\" alt=\"\" aria-describedby=\"gallery-2-1091\" \/><\/a>\n\t\t\t<\/div>\n\t\t\t\t<figcaption class='wp-caption-text gallery-caption' id='gallery-2-1091'>\n\t\t\t\tYhteiskeitti\u00f6\n\t\t\t\t<\/figcaption><\/figure>\n\t\t<\/div>\n\n<h3>Vierashuone<\/h3>\n<p>Seminaarilla on my\u00f6s vierashuone, jota voi tiedustella yhteydenottolomakkeen kautta. Vieraileville opiskelijoille on varattu my\u00f6s muutama huone alakerran soluhuoneista.<br \/>\nMajoitusta hoitaa seminaarin kiinteist\u00f6nhoitaja Kristian Pievil\u00e4inen, etunimi.sukunimi [\u00e4t] ort.fi, p. 040 500 3020<\/p>\n<h4>Vierashuoneen hinnasto<\/h4>\n<p>Y\u00f6pyminen teologian opiskelijoille 35\u20ac\/y\u00f6<br \/>\nY\u00f6pyminen henkil\u00f6st\u00f6 45\u20ac\/y\u00f6<br \/>\nY\u00f6pyminen muut 60\u20ac\/y\u00f6<\/p>\n<p>&nbsp;<\/p>\n","protected":false},"excerpt":{"rendered":"<p>Seminaarin suuressa salissa on tilaa n.50 henkil\u00f6lle. Tilaa voi vuokrata opetus- tai luentok\u00e4ytt\u00f6\u00f6n. Tilaa vuokrataan my\u00f6s konsertteja tai yksityisi\u00e4 juhlatilaisuuksia varten. Tiedustelut yhteydenottolomakkeen kautta. Asuminen Opiskelija-asuntolassa on majoitustilaa 29 opiskelijalle. Asuinhuoneet on valmiiksi kalustettu.Huoneissa on oma kylpyhuone. Yl\u00e4kerran asukkailla on k\u00e4yt\u00f6ss\u00e4\u00e4n yhteiskeitti\u00f6. Alakerrassa on nelj\u00e4 kahden hengen soluasuntoa, joilla on oma keitti\u00f6. Talossa on my\u00f6s [&hellip;]<\/p>\n","protected":false},"author":1,"featured_media":0,"parent":0,"menu_order":0,"comment_status":"closed","ping_status":"closed","template":"","meta":{"inline_featured_image":false,"jetpack_post_was_ever_published":false,"footnotes":""},"class_list":["post-5","page","type-page","status-publish","hentry"],"jetpack_shortlink":"https:\/\/wp.me\/P7k47p-5","jetpack_sharing_enabled":true,"_links":{"self":[{"href":"https:\/\/ort.fi\/seminaari\/index.php\/wp-json\/wp\/v2\/pages\/5","targetHints":{"allow":["GET"]}}],"collection":[{"href":"https:\/\/ort.fi\/seminaari\/index.php\/wp-json\/wp\/v2\/pages"}],"about":[{"href":"https:\/\/ort.fi\/seminaari\/index.php\/wp-json\/wp\/v2\/types\/page"}],"author":[{"embeddable":true,"href":"https:\/\/ort.fi\/seminaari\/index.php\/wp-json\/wp\/v2\/users\/1"}],"replies":[{"embeddable":true,"href":"https:\/\/ort.fi\/seminaari\/index.php\/wp-json\/wp\/v2\/comments?post=5"}],"version-history":[{"count":43,"href":"https:\/\/ort.fi\/seminaari\/index.php\/wp-json\/wp\/v2\/pages\/5\/revisions"}],"predecessor-version":[{"id":4823,"href":"https:\/\/ort.fi\/seminaari\/index.php\/wp-json\/wp\/v2\/pages\/5\/revisions\/4823"}],"wp:attachment":[{"href":"https:\/\/ort.fi\/seminaari\/index.php\/wp-json\/wp\/v2\/media?parent=5"}],"curies":[{"name":"wp","href":"https:\/\/api.w.org\/{rel}","templated":true}]}}