{"id":438,"date":"2016-03-23T17:08:04","date_gmt":"2016-03-23T17:08:04","guid":{"rendered":"http:\/\/kehitys.ort.fi\/seminaari\/?page_id=438"},"modified":"2025-09-11T10:44:01","modified_gmt":"2025-09-11T07:44:01","slug":"tapahtumat-ja-opetusaikataulut","status":"publish","type":"page","link":"https:\/\/ort.fi\/seminaari\/index.php\/tapahtumat-ja-opetusaikataulut\/","title":{"rendered":"Seminaarin tapahtumat ja opetusaikataulut"},"content":{"rendered":"<p><strong>Johdatus liturgisiin teht\u00e4viin seminaarin jumalanpalveluksissa (alttariapulainen eli ponomari) pidet\u00e4\u00e4n<\/strong><\/p>\n<p>ti 9.9.2025 klo 17.00 alkaen seminaarin kirkossa. Mik\u00e4li haluat osallistua teht\u00e4vien opiskeluun seminaarin jumalanpalveluksissa, on n\u00e4m\u00e4 pohjatiedot tarpeen ottaa haltuun.<\/p>\n<p>&nbsp;<\/p>\n<p><b>Soveltavien harjoitusten (liturgiset harjoitukset TK, kmus) teoriajaksojen opetusajat lukuvuonna 2025-6<\/b><\/p>\n<p>Liturgisten harjoitusten opetus kandidaatin tutkinnossa kuuluu kirkkomusiikin p\u00e4\u00e4aineopintohin. Kurssin alkujaksolla perehdyt\u00e4\u00e4n kuitenkin sek\u00e4 kanttorin ett\u00e4 lukijan teht\u00e4viin<\/p>\n<p>Teologin ja opetusalan suuntautumisvaihtoehdoissa kurssin ensimm\u00e4iset jaksot (2., 9. ja 22.10.) voi sis\u00e4llytt\u00e4\u00e4 portfolioty\u00f6skentelyyn ja niiden aikana tarjotaan oleellista tietoa, mik\u00e4li haluat osallistua lukijan teht\u00e4viin sek\u00e4 perehty\u00e4 syv\u00e4llisemmin jumalanpalvelusel\u00e4m\u00e4\u00e4n.<\/p>\n<p>Teht\u00e4viin osallistumisen kautta voi opiskella ne taidot, joita edellytet\u00e4\u00e4n teologian maisterin tutkinnon liturgisissa harjoituksissa. Taidot osoitetaan n\u00e4ytt\u00f6kokeessa.<\/p>\n<p>Liturgisten \u00a0harjoitusten teoriaopetuksen ajat:<\/p>\n<p>to 2.10.2025, klo 9.30\u201311.00, laulajana ja lukijana ehtoopalveluksessa.<br \/>\n<del>ke 8.10.2025<\/del>, Huom! <strong>Uusi aika to 9.10.2025, klo 9.30\u201311.00<\/strong> laulajana ja lukijana aamupalveluksessa.<br \/>\nke 22.10.2025, klo 11.30\u201313.15, laulajana ja lukijana liturgiassa.<br \/>\nto 30.10.2025, klo 9.30\u201310.15, ehtoopalveluksen muuttuminen arjen ja juhlan v\u00e4lill\u00e4<br \/>\nto 6.11.2025, klo 9.30\u201310.15 aamupalveluksen muuttuminen arjen ja juhlan v\u00e4lill\u00e4<br \/>\nke 12.11.2025, klo 11.15\u201312.15 vigilian erityispiirteet laulajan ja lukijan teht\u00e4viss\u00e4<br \/>\nto 5.2.2026, klo 9.30\u201311.00, ehtoo ja aamupalvelus suuren paaston aikaan, paastoliturgia (osuus kuuluu my\u00f6s TM liturgisiin harjoituksiin)<br \/>\nke 18.3.2026, klo 9.30\u201311.00, ehtoo ja aamupalvelus suurella viikolla, suuren viikon erityiset palvelukset (osuus kuuluu my\u00f6s TM liturgisiin harjoituksiin)<br \/>\nto 19.3.2026 9.30\u201311.00, p\u00e4\u00e4si\u00e4inen ja p\u00e4\u00e4si\u00e4iskausi (osuus kuuluu my\u00f6s TM liturgisiin harjoituksiin)<\/p>\n<p>&nbsp;<\/p>\n<p>Soveltavien harjoitusten (liturgiset harjoitukset TM teol ja kmus) aikataulut tulevat pikimmiten, kunhan saamme teologian osastolta varmistukset, ettei ole aikataulujen p\u00e4\u00e4llekk\u00e4isyyksi\u00e4.<\/p>\n<p>&nbsp;<\/p>\n<p>&nbsp;<\/p>\n<p>&nbsp;<\/p>\n<p>&nbsp;<\/p>\n","protected":false},"excerpt":{"rendered":"<p>Johdatus liturgisiin teht\u00e4viin seminaarin jumalanpalveluksissa (alttariapulainen eli ponomari) pidet\u00e4\u00e4n ti 9.9.2025 klo 17.00 alkaen seminaarin kirkossa. Mik\u00e4li haluat osallistua teht\u00e4vien opiskeluun seminaarin jumalanpalveluksissa, on n\u00e4m\u00e4 pohjatiedot tarpeen ottaa haltuun. &nbsp; Soveltavien harjoitusten (liturgiset harjoitukset TK, kmus) teoriajaksojen opetusajat lukuvuonna 2025-6 Liturgisten harjoitusten opetus kandidaatin tutkinnossa kuuluu kirkkomusiikin p\u00e4\u00e4aineopintohin. Kurssin alkujaksolla perehdyt\u00e4\u00e4n kuitenkin sek\u00e4 kanttorin ett\u00e4 [&hellip;]<\/p>\n","protected":false},"author":1,"featured_media":0,"parent":0,"menu_order":0,"comment_status":"closed","ping_status":"closed","template":"","meta":{"inline_featured_image":false,"jetpack_post_was_ever_published":false,"footnotes":""},"class_list":["post-438","page","type-page","status-publish","hentry"],"jetpack_shortlink":"https:\/\/wp.me\/P7k47p-74","jetpack_sharing_enabled":true,"_links":{"self":[{"href":"https:\/\/ort.fi\/seminaari\/index.php\/wp-json\/wp\/v2\/pages\/438","targetHints":{"allow":["GET"]}}],"collection":[{"href":"https:\/\/ort.fi\/seminaari\/index.php\/wp-json\/wp\/v2\/pages"}],"about":[{"href":"https:\/\/ort.fi\/seminaari\/index.php\/wp-json\/wp\/v2\/types\/page"}],"author":[{"embeddable":true,"href":"https:\/\/ort.fi\/seminaari\/index.php\/wp-json\/wp\/v2\/users\/1"}],"replies":[{"embeddable":true,"href":"https:\/\/ort.fi\/seminaari\/index.php\/wp-json\/wp\/v2\/comments?post=438"}],"version-history":[{"count":45,"href":"https:\/\/ort.fi\/seminaari\/index.php\/wp-json\/wp\/v2\/pages\/438\/revisions"}],"predecessor-version":[{"id":5297,"href":"https:\/\/ort.fi\/seminaari\/index.php\/wp-json\/wp\/v2\/pages\/438\/revisions\/5297"}],"wp:attachment":[{"href":"https:\/\/ort.fi\/seminaari\/index.php\/wp-json\/wp\/v2\/media?parent=438"}],"curies":[{"name":"wp","href":"https:\/\/api.w.org\/{rel}","templated":true}]}}