{"id":382,"date":"2016-03-23T10:46:31","date_gmt":"2016-03-23T10:46:31","guid":{"rendered":"http:\/\/kehitys.ort.fi\/seminaari\/?page_id=382"},"modified":"2026-04-30T12:30:51","modified_gmt":"2026-04-30T09:30:51","slug":"jumalanpalvelukset","status":"publish","type":"page","link":"https:\/\/ort.fi\/seminaari\/index.php\/kirkko\/jumalanpalvelukset\/","title":{"rendered":"Jumalanpalvelukset"},"content":{"rendered":"<p>&nbsp;<\/p>\n<div id='gallery-1' class='gallery galleryid-382 gallery-columns-3 gallery-size-thumbnail'><figure class='gallery-item'>\n\t\t\t<div class='gallery-icon portrait'>\n\t\t\t\t<a href='https:\/\/ort.fi\/seminaari\/wp-content\/uploads\/2016\/04\/jumalanpalvelus3.jpg'><img loading=\"lazy\" decoding=\"async\" width=\"300\" height=\"300\" src=\"https:\/\/ort.fi\/seminaari\/wp-content\/uploads\/2016\/04\/jumalanpalvelus3-300x300.jpg\" class=\"attachment-thumbnail size-thumbnail\" alt=\"\" aria-describedby=\"gallery-1-582\" \/><\/a>\n\t\t\t<\/div>\n\t\t\t\t<figcaption class='wp-caption-text gallery-caption' id='gallery-1-582'>\n\t\t\t\tJumalanpalvelus\n\t\t\t\t<\/figcaption><\/figure><figure class='gallery-item'>\n\t\t\t<div class='gallery-icon landscape'>\n\t\t\t\t<a href='https:\/\/ort.fi\/seminaari\/wp-content\/uploads\/2016\/05\/jumalanpalvelus.jpg'><img loading=\"lazy\" decoding=\"async\" width=\"300\" height=\"300\" src=\"https:\/\/ort.fi\/seminaari\/wp-content\/uploads\/2016\/05\/jumalanpalvelus-300x300.jpg\" class=\"attachment-thumbnail size-thumbnail\" alt=\"\" aria-describedby=\"gallery-1-727\" \/><\/a>\n\t\t\t<\/div>\n\t\t\t\t<figcaption class='wp-caption-text gallery-caption' id='gallery-1-727'>\n\t\t\t\tJumalanpalvelus\n\t\t\t\t<\/figcaption><\/figure><figure class='gallery-item'>\n\t\t\t<div class='gallery-icon portrait'>\n\t\t\t\t<a href='https:\/\/ort.fi\/seminaari\/wp-content\/uploads\/2016\/05\/jumalanpalvelus2.jpg'><img loading=\"lazy\" decoding=\"async\" width=\"300\" height=\"300\" src=\"https:\/\/ort.fi\/seminaari\/wp-content\/uploads\/2016\/05\/jumalanpalvelus2-300x300.jpg\" class=\"attachment-thumbnail size-thumbnail\" alt=\"\" aria-describedby=\"gallery-1-701\" \/><\/a>\n\t\t\t<\/div>\n\t\t\t\t<figcaption class='wp-caption-text gallery-caption' id='gallery-1-701'>\n\t\t\t\tKaste\n\t\t\t\t<\/figcaption><\/figure>\n\t\t<\/div>\n\n<h1><span style=\"color: #993300;\">Ortodoksisen seminaarin lukuvuosi 2025\u201326<\/span><\/h1>\n<p>Kristus nousi kuolleista! \u2013 Totisesti nousi!<\/p>\n<p>Riemullista p\u00e4\u00e4si\u00e4iskauden keskijuhlaa! Lukukausi jatkuu viel\u00e4 vajaat kaksi viikkoa, aina Helatorstain aattoon saakka. Seminaarin lukukausi p\u00e4\u00e4ttyy keskiviikkona 13.5. toimitettavaan liturgiaan, joka on samalla my\u00f6s p\u00e4\u00e4si\u00e4iskauden p\u00e4\u00e4t\u00f6spalvelus. Lukukauden j\u00e4lkeen on viel\u00e4 mahdollisuus osallistua kreikankieliseen ehtoopalvelukseen ti 19.5. klo 17.00 alkaen.<\/p>\n<p><strong>Palvelukset ovat entiseen tapaan kaikille avoimia. L\u00e4mpim\u00e4sti tervetuloa!<\/strong><\/p>\n<h2><span style=\"color: #993300;\"><strong>S\u00e4\u00e4nn\u00f6lliset jumalanpalvelukset kev\u00e4tlukukauden aikana<\/strong><\/span><\/h2>\n<p>ma-pe \u00a0klo 7.15 aamupalvelus (keskiviikkoisin liturgia ellei toisin mainita)<br \/>\nma-to \u00a0klo 17.00 ehtoopalvelus<\/p>\n<h3><span style=\"color: #993300;\"><strong>S\u00e4\u00e4nn\u00f6llisest\u00e4 j\u00e4rjestyksest\u00e4 poikkeavia palveluksia<\/strong><\/span><\/h3>\n<p>ke 29.4 klo 7.15 liturgia kreikan kielell\u00e4 (kuuluu lit. kreikan kurssiin)<br \/>\nto 30.4. ei ehtoopalvelusta<br \/>\npe 1.5. ei palveluksia<br \/>\nke 6.5. klo 7.15 liturgia (normaali viikkoj\u00e4rjestys)<br \/>\npe 8.5. liturgia, klo 8.00, Johannes Teologin p\u00e4iv\u00e4<br \/>\nke 13.5. <strong>liturgia, klo 9.00<\/strong>, <strong>P\u00e4\u00e4si\u00e4iskauden p\u00e4\u00e4t\u00f6sjuhla, lukukauden p\u00e4\u00e4t\u00f6s.<\/strong> Palveluksen toimittaa KP arkkipiispa Elia.<\/p>\n<p>ti 19.5. klo 17.00 ehtoopalvelus kreikan kielell\u00e4. (kuuluu lit. kreikan kurssiin)<\/p>\n<p>&nbsp;<\/p>\n","protected":false},"excerpt":{"rendered":"<p>&nbsp; Ortodoksisen seminaarin lukuvuosi 2025\u201326 Kristus nousi kuolleista! \u2013 Totisesti nousi! Riemullista p\u00e4\u00e4si\u00e4iskauden keskijuhlaa! Lukukausi jatkuu viel\u00e4 vajaat kaksi viikkoa, aina Helatorstain aattoon saakka. Seminaarin lukukausi p\u00e4\u00e4ttyy keskiviikkona 13.5. toimitettavaan liturgiaan, joka on samalla my\u00f6s p\u00e4\u00e4si\u00e4iskauden p\u00e4\u00e4t\u00f6spalvelus. Lukukauden j\u00e4lkeen on viel\u00e4 mahdollisuus osallistua kreikankieliseen ehtoopalvelukseen ti 19.5. klo 17.00 alkaen. Palvelukset ovat entiseen tapaan kaikille [&hellip;]<\/p>\n","protected":false},"author":1,"featured_media":0,"parent":51,"menu_order":0,"comment_status":"closed","ping_status":"closed","template":"","meta":{"inline_featured_image":false,"jetpack_post_was_ever_published":false,"footnotes":""},"class_list":["post-382","page","type-page","status-publish","hentry"],"jetpack_shortlink":"https:\/\/wp.me\/P7k47p-6a","jetpack_sharing_enabled":true,"_links":{"self":[{"href":"https:\/\/ort.fi\/seminaari\/index.php\/wp-json\/wp\/v2\/pages\/382","targetHints":{"allow":["GET"]}}],"collection":[{"href":"https:\/\/ort.fi\/seminaari\/index.php\/wp-json\/wp\/v2\/pages"}],"about":[{"href":"https:\/\/ort.fi\/seminaari\/index.php\/wp-json\/wp\/v2\/types\/page"}],"author":[{"embeddable":true,"href":"https:\/\/ort.fi\/seminaari\/index.php\/wp-json\/wp\/v2\/users\/1"}],"replies":[{"embeddable":true,"href":"https:\/\/ort.fi\/seminaari\/index.php\/wp-json\/wp\/v2\/comments?post=382"}],"version-history":[{"count":267,"href":"https:\/\/ort.fi\/seminaari\/index.php\/wp-json\/wp\/v2\/pages\/382\/revisions"}],"predecessor-version":[{"id":5661,"href":"https:\/\/ort.fi\/seminaari\/index.php\/wp-json\/wp\/v2\/pages\/382\/revisions\/5661"}],"up":[{"embeddable":true,"href":"https:\/\/ort.fi\/seminaari\/index.php\/wp-json\/wp\/v2\/pages\/51"}],"wp:attachment":[{"href":"https:\/\/ort.fi\/seminaari\/index.php\/wp-json\/wp\/v2\/media?parent=382"}],"curies":[{"name":"wp","href":"https:\/\/api.w.org\/{rel}","templated":true}]}}