{"id":2687,"date":"2020-09-08T10:23:38","date_gmt":"2020-09-08T07:23:38","guid":{"rendered":"http:\/\/ort.fi\/seminaari\/?page_id=2687"},"modified":"2025-12-09T11:21:05","modified_gmt":"2025-12-09T09:21:05","slug":"ruokala","status":"publish","type":"page","link":"https:\/\/ort.fi\/seminaari\/index.php\/ruokala\/","title":{"rendered":"Ruokala"},"content":{"rendered":"<p>&nbsp;<\/p>\n<p>Ruokapalveluty\u00f6tekij\u00e4 Tiina Vottonen 0405723066<\/p>\n<p>&nbsp;<\/p>\n<p>Ruokalapalvelut muuttuvat. Seminaarin ruokalan p\u00e4iv\u00e4llistarjonta on p\u00e4\u00e4ttynyt. Jatkossa ruokalassa j\u00e4rjestet\u00e4\u00e4n s\u00e4\u00e4nn\u00f6llisesti p\u00e4ivitt\u00e4iset aamiaiset.<\/p>\n<p>Aamiaiset tarjoillaan ma\u2013pe klo 8.30\u20139.30 (juhlap\u00e4ivisin aamulla toimitettavan liturgian j\u00e4lkeen).<\/p>\n<p>Aamiaisille ilmoittaudutaan aiempaan tapaan, ilmoitustaululla oleviin lappuihin tai puhelimitse.<\/p>\n","protected":false},"excerpt":{"rendered":"<p>&nbsp; Ruokapalveluty\u00f6tekij\u00e4 Tiina Vottonen 0405723066 &nbsp; Ruokalapalvelut muuttuvat. Seminaarin ruokalan p\u00e4iv\u00e4llistarjonta on p\u00e4\u00e4ttynyt. Jatkossa ruokalassa j\u00e4rjestet\u00e4\u00e4n s\u00e4\u00e4nn\u00f6llisesti p\u00e4ivitt\u00e4iset aamiaiset. Aamiaiset tarjoillaan ma\u2013pe klo 8.30\u20139.30 (juhlap\u00e4ivisin aamulla toimitettavan liturgian j\u00e4lkeen). Aamiaisille ilmoittaudutaan aiempaan tapaan, ilmoitustaululla oleviin lappuihin tai puhelimitse.<\/p>\n","protected":false},"author":1,"featured_media":0,"parent":0,"menu_order":0,"comment_status":"closed","ping_status":"closed","template":"","meta":{"inline_featured_image":false,"jetpack_post_was_ever_published":false,"footnotes":""},"class_list":["post-2687","page","type-page","status-publish","hentry"],"jetpack_shortlink":"https:\/\/wp.me\/P7k47p-Hl","jetpack_sharing_enabled":true,"_links":{"self":[{"href":"https:\/\/ort.fi\/seminaari\/index.php\/wp-json\/wp\/v2\/pages\/2687","targetHints":{"allow":["GET"]}}],"collection":[{"href":"https:\/\/ort.fi\/seminaari\/index.php\/wp-json\/wp\/v2\/pages"}],"about":[{"href":"https:\/\/ort.fi\/seminaari\/index.php\/wp-json\/wp\/v2\/types\/page"}],"author":[{"embeddable":true,"href":"https:\/\/ort.fi\/seminaari\/index.php\/wp-json\/wp\/v2\/users\/1"}],"replies":[{"embeddable":true,"href":"https:\/\/ort.fi\/seminaari\/index.php\/wp-json\/wp\/v2\/comments?post=2687"}],"version-history":[{"count":192,"href":"https:\/\/ort.fi\/seminaari\/index.php\/wp-json\/wp\/v2\/pages\/2687\/revisions"}],"predecessor-version":[{"id":5459,"href":"https:\/\/ort.fi\/seminaari\/index.php\/wp-json\/wp\/v2\/pages\/2687\/revisions\/5459"}],"wp:attachment":[{"href":"https:\/\/ort.fi\/seminaari\/index.php\/wp-json\/wp\/v2\/media?parent=2687"}],"curies":[{"name":"wp","href":"https:\/\/api.w.org\/{rel}","templated":true}]}}