{"id":2,"date":"2016-02-07T08:31:49","date_gmt":"2016-02-07T08:31:49","guid":{"rendered":"http:\/\/kehitys.ort.fi\/seminaari\/?page_id=2"},"modified":"2022-06-17T13:13:29","modified_gmt":"2022-06-17T10:13:29","slug":"sample-page","status":"publish","type":"page","link":"https:\/\/ort.fi\/seminaari\/","title":{"rendered":"Etusivu"},"content":{"rendered":"<h2>Ortodoksinen seminaari &#8211; Teologian opiskelijoiden koti<\/h2>\n<p>Joensuun keskustassa sijaitseva ortodoksinen seminaari on ortodoksisen kirkon koulutuslaitos. Sen p\u00e4\u00e4teht\u00e4v\u00e4 on ortodoksisen liturgisen perinteen sek\u00e4 kirkollisen el\u00e4m\u00e4ntavan ja perinteen opettaminen ja v\u00e4litt\u00e4minen It\u00e4-Suomen yliopiston ortodoksisen teologian opiskelijoille. Yliopistotutkintoon kuuluvat k\u00e4yt\u00e4nn\u00f6n soveltavat harjoitukset j\u00e4rjest\u00e4\u00e4 ortodoksinen seminaari.<\/p>\n<p>Seminaarin asuntola tarjoaa teologian opiskelijoille viihtyis\u00e4n asuin- ja opiskeluymp\u00e4rist\u00f6n. Yhteis\u00f6llisyys rakentuu lukukauden aikana yhdess\u00e4 toimitettavien jumalanpalvelusten ja yhteisten aterioiden sek\u00e4 erilaisten tapahtumien ymp\u00e4rille.<\/p>\n<p>Seminaari toimii osana ortodoksisen kirkon palvelukeskusta piispainkokouksen valvonnassa.<\/p>\n","protected":false},"excerpt":{"rendered":"<p>Ortodoksinen seminaari &#8211; Teologian opiskelijoiden koti Joensuun keskustassa sijaitseva ortodoksinen seminaari on ortodoksisen kirkon koulutuslaitos. Sen p\u00e4\u00e4teht\u00e4v\u00e4 on ortodoksisen liturgisen perinteen sek\u00e4 kirkollisen el\u00e4m\u00e4ntavan ja perinteen opettaminen ja v\u00e4litt\u00e4minen It\u00e4-Suomen yliopiston ortodoksisen teologian opiskelijoille. Yliopistotutkintoon kuuluvat k\u00e4yt\u00e4nn\u00f6n soveltavat harjoitukset j\u00e4rjest\u00e4\u00e4 ortodoksinen seminaari. Seminaarin asuntola tarjoaa teologian opiskelijoille viihtyis\u00e4n asuin- ja opiskeluymp\u00e4rist\u00f6n. Yhteis\u00f6llisyys rakentuu lukukauden aikana [&hellip;]<\/p>\n","protected":false},"author":1,"featured_media":0,"parent":0,"menu_order":0,"comment_status":"closed","ping_status":"open","template":"","meta":{"inline_featured_image":false,"jetpack_post_was_ever_published":false,"footnotes":""},"class_list":["post-2","page","type-page","status-publish","hentry"],"jetpack_shortlink":"https:\/\/wp.me\/P7k47p-2","jetpack_sharing_enabled":true,"_links":{"self":[{"href":"https:\/\/ort.fi\/seminaari\/index.php\/wp-json\/wp\/v2\/pages\/2","targetHints":{"allow":["GET"]}}],"collection":[{"href":"https:\/\/ort.fi\/seminaari\/index.php\/wp-json\/wp\/v2\/pages"}],"about":[{"href":"https:\/\/ort.fi\/seminaari\/index.php\/wp-json\/wp\/v2\/types\/page"}],"author":[{"embeddable":true,"href":"https:\/\/ort.fi\/seminaari\/index.php\/wp-json\/wp\/v2\/users\/1"}],"replies":[{"embeddable":true,"href":"https:\/\/ort.fi\/seminaari\/index.php\/wp-json\/wp\/v2\/comments?post=2"}],"version-history":[{"count":22,"href":"https:\/\/ort.fi\/seminaari\/index.php\/wp-json\/wp\/v2\/pages\/2\/revisions"}],"predecessor-version":[{"id":3797,"href":"https:\/\/ort.fi\/seminaari\/index.php\/wp-json\/wp\/v2\/pages\/2\/revisions\/3797"}],"wp:attachment":[{"href":"https:\/\/ort.fi\/seminaari\/index.php\/wp-json\/wp\/v2\/media?parent=2"}],"curies":[{"name":"wp","href":"https:\/\/api.w.org\/{rel}","templated":true}]}}