{"id":19,"date":"2016-02-07T11:37:38","date_gmt":"2016-02-07T11:37:38","guid":{"rendered":"http:\/\/kehitys.ort.fi\/seminaari\/?page_id=19"},"modified":"2022-06-17T13:16:29","modified_gmt":"2022-06-17T10:16:29","slug":"opiskelu","status":"publish","type":"page","link":"https:\/\/ort.fi\/seminaari\/index.php\/opiskelu\/","title":{"rendered":"Opiskelu"},"content":{"rendered":"<div id='gallery-1' class='gallery galleryid-19 gallery-columns-3 gallery-size-thumbnail'><figure class='gallery-item'>\n\t\t\t<div class='gallery-icon landscape'>\n\t\t\t\t<a href='https:\/\/ort.fi\/seminaari\/wp-content\/uploads\/2016\/02\/opiskelu4.jpg'><img loading=\"lazy\" decoding=\"async\" width=\"300\" height=\"300\" src=\"https:\/\/ort.fi\/seminaari\/wp-content\/uploads\/2016\/02\/opiskelu4-300x300.jpg\" class=\"attachment-thumbnail size-thumbnail\" alt=\"\" aria-describedby=\"gallery-1-588\" \/><\/a>\n\t\t\t<\/div>\n\t\t\t\t<figcaption class='wp-caption-text gallery-caption' id='gallery-1-588'>\n\t\t\t\tOpiskelua seminaarilla. &#8221;Tuleeko vekit oikein?&#8221;\n\t\t\t\t<\/figcaption><\/figure><figure class='gallery-item'>\n\t\t\t<div class='gallery-icon landscape'>\n\t\t\t\t<a href='https:\/\/ort.fi\/seminaari\/wp-content\/uploads\/2016\/05\/opiskelu.jpg'><img loading=\"lazy\" decoding=\"async\" width=\"300\" height=\"300\" src=\"https:\/\/ort.fi\/seminaari\/wp-content\/uploads\/2016\/05\/opiskelu-300x300.jpg\" class=\"attachment-thumbnail size-thumbnail\" alt=\"\" aria-describedby=\"gallery-1-723\" \/><\/a>\n\t\t\t<\/div>\n\t\t\t\t<figcaption class='wp-caption-text gallery-caption' id='gallery-1-723'>\n\t\t\t\tAkateemiset vappuperinteet kuuluvat my\u00f6s seminaarin el\u00e4m\u00e4\u00e4n.\n\t\t\t\t<\/figcaption><\/figure><figure class='gallery-item'>\n\t\t\t<div class='gallery-icon landscape'>\n\t\t\t\t<a href='https:\/\/ort.fi\/seminaari\/wp-content\/uploads\/2016\/02\/opiskelu3.jpg'><img loading=\"lazy\" decoding=\"async\" width=\"300\" height=\"300\" src=\"https:\/\/ort.fi\/seminaari\/wp-content\/uploads\/2016\/02\/opiskelu3-300x300.jpg\" class=\"attachment-thumbnail size-thumbnail\" alt=\"\" aria-describedby=\"gallery-1-558\" \/><\/a>\n\t\t\t<\/div>\n\t\t\t\t<figcaption class='wp-caption-text gallery-caption' id='gallery-1-558'>\n\t\t\t\t&#8221;Hienosti soi!&#8221;\n\t\t\t\t<\/figcaption><\/figure>\n\t\t<\/div>\n\n<p>Seminaari j\u00e4rjest\u00e4\u00e4 It\u00e4-Suomen yliopiston ortodoksisen teologian perustutkintoon kuuluvia opintoja. Seminaarilla suoritetaan teologian kandidaatin ja maisterin tutkintoihin kuuluvista soveltavista opinnoista liturgiset harjoitukset, sek\u00e4 k\u00e4yt\u00e4nn\u00f6n soveltavat harjoitukset. \u00a0Seminaarin opettajat vastaavat harjoitusten ohjaamisesta sek\u00e4 koordinoivat maisterin tutkintoon kuuluvaa seurakuntaharjoittelua.<\/p>\n<p>Seminaarilla j\u00e4rjestet\u00e4\u00e4n my\u00f6s omaa opetusta, joka perehdytt\u00e4\u00e4 kirkon el\u00e4m\u00e4\u00e4n ja perinteeseen. Lukuvuoden aikana j\u00e4rjestet\u00e4\u00e4n vierailuluentoja, seminaari-iltoja sek\u00e4 muita yhteisi\u00e4 tilaisuuksia. My\u00f6s yhteiset opintomatkat kuuluvat opetusohjelmaan.<\/p>\n<div id='gallery-2' class='gallery galleryid-19 gallery-columns-3 gallery-size-thumbnail'><figure class='gallery-item'>\n\t\t\t<div class='gallery-icon landscape'>\n\t\t\t\t<a href='https:\/\/ort.fi\/seminaari\/wp-content\/uploads\/2017\/01\/musiikkiluokka.jpg'><img loading=\"lazy\" decoding=\"async\" width=\"300\" height=\"300\" src=\"https:\/\/ort.fi\/seminaari\/wp-content\/uploads\/2017\/01\/musiikkiluokka-300x300.jpg\" class=\"attachment-thumbnail size-thumbnail\" alt=\"\" aria-describedby=\"gallery-2-1085\" \/><\/a>\n\t\t\t<\/div>\n\t\t\t\t<figcaption class='wp-caption-text gallery-caption' id='gallery-2-1085'>\n\t\t\t\tHarjoitteluluokissa on hyv\u00e4 treenata.\n\t\t\t\t<\/figcaption><\/figure><figure class='gallery-item'>\n\t\t\t<div class='gallery-icon landscape'>\n\t\t\t\t<a href='https:\/\/ort.fi\/seminaari\/wp-content\/uploads\/2017\/01\/seminaari_ilta.jpg'><img loading=\"lazy\" decoding=\"async\" width=\"300\" height=\"300\" src=\"https:\/\/ort.fi\/seminaari\/wp-content\/uploads\/2017\/01\/seminaari_ilta-300x300.jpg\" class=\"attachment-thumbnail size-thumbnail\" alt=\"\" aria-describedby=\"gallery-2-1119\" \/><\/a>\n\t\t\t<\/div>\n\t\t\t\t<figcaption class='wp-caption-text gallery-caption' id='gallery-2-1119'>\n\t\t\t\tOrtodoksinen seminaari\n\t\t\t\t<\/figcaption><\/figure><figure class='gallery-item'>\n\t\t\t<div class='gallery-icon landscape'>\n\t\t\t\t<a href='https:\/\/ort.fi\/seminaari\/wp-content\/uploads\/2017\/01\/kitara.jpg'><img loading=\"lazy\" decoding=\"async\" width=\"300\" height=\"300\" src=\"https:\/\/ort.fi\/seminaari\/wp-content\/uploads\/2017\/01\/kitara-300x300.jpg\" class=\"attachment-thumbnail size-thumbnail\" alt=\"\" aria-describedby=\"gallery-2-1075\" \/><\/a>\n\t\t\t<\/div>\n\t\t\t\t<figcaption class='wp-caption-text gallery-caption' id='gallery-2-1075'>\n\t\t\t\tOrtodoksinen seminaari\n\t\t\t\t<\/figcaption><\/figure>\n\t\t<\/div>\n\n<p>Ortodoksista teologiaa voi opiskella It\u00e4-Suomen yliopistossa.<br \/>\nLis\u00e4tietoja: <a href=\"http:\/\/teologiaaopiskelemaan.fi\/\" target=\"_blank\" rel=\"noopener\">teologiaaopiskelemaan.fi<\/a><\/p>\n<h2>Liity s\u00e4hk\u00f6postilistalle<\/h2>\n<script>(function() {\n\twindow.mc4wp = window.mc4wp || {\n\t\tlisteners: [],\n\t\tforms: {\n\t\t\ton: function(evt, cb) {\n\t\t\t\twindow.mc4wp.listeners.push(\n\t\t\t\t\t{\n\t\t\t\t\t\tevent   : evt,\n\t\t\t\t\t\tcallback: cb\n\t\t\t\t\t}\n\t\t\t\t);\n\t\t\t}\n\t\t}\n\t}\n})();\n<\/script><!-- Mailchimp for WordPress v4.12.1 - https:\/\/wordpress.org\/plugins\/mailchimp-for-wp\/ --><form id=\"mc4wp-form-1\" class=\"mc4wp-form mc4wp-form-815\" method=\"post\" data-id=\"815\" data-name=\"\" ><div class=\"mc4wp-form-fields\"><p>\r\n\t<input type=\"email\" name=\"EMAIL\" placeholder=\"S\u00e4hk\u00f6postiosoite\" required \/>\r\n<\/p>\r\n\r\n<p>\r\n\t<input type=\"submit\" value=\"Liity\" \/>\r\n<\/p><\/div><label style=\"display: none !important;\">Leave this field empty if you're human: <input type=\"text\" name=\"_mc4wp_honeypot\" value=\"\" tabindex=\"-1\" autocomplete=\"off\" \/><\/label><input type=\"hidden\" name=\"_mc4wp_timestamp\" value=\"1776164581\" \/><input type=\"hidden\" name=\"_mc4wp_form_id\" value=\"815\" \/><input type=\"hidden\" name=\"_mc4wp_form_element_id\" value=\"mc4wp-form-1\" \/><div class=\"mc4wp-response\"><\/div><\/form><!-- \/ Mailchimp for WordPress Plugin -->\n<hr \/>\n<p><a href=\"\/seminaari\/index.php\/palvelusvuorot\/\" target=\"_blank\" rel=\"noopener\"><i class=\"fa fa-chevron-right\"><\/i> Palvelusvuorot<\/a><br \/>\n<a href=\"\/seminaari\/index.php\/jumalanpalvelusaineisto\/\" target=\"_blank\" rel=\"noopener\"><i class=\"fa fa-chevron-right\"><\/i> Jumalanpalvelusaineisto<\/a><br \/>\n<a href=\"\/seminaari\/index.php\/jumalanpalvelukset\/\" target=\"_blank\" rel=\"noopener\"><i class=\"fa fa-chevron-right\"><\/i> Jumalanpalvelukset<\/a><br \/>\n<a href=\"\/seminaari\/index.php\/tapahtumat-ja-opetusaikataulut\/\" target=\"_blank\" rel=\"noopener\"><i class=\"fa fa-chevron-right\"><\/i> Seminaarin tapahtumat ja opetusaikataulut<\/a><\/p>\n","protected":false},"excerpt":{"rendered":"<p>Seminaari j\u00e4rjest\u00e4\u00e4 It\u00e4-Suomen yliopiston ortodoksisen teologian perustutkintoon kuuluvia opintoja. Seminaarilla suoritetaan teologian kandidaatin ja maisterin tutkintoihin kuuluvista soveltavista opinnoista liturgiset harjoitukset, sek\u00e4 k\u00e4yt\u00e4nn\u00f6n soveltavat harjoitukset. \u00a0Seminaarin opettajat vastaavat harjoitusten ohjaamisesta sek\u00e4 koordinoivat maisterin tutkintoon kuuluvaa seurakuntaharjoittelua. Seminaarilla j\u00e4rjestet\u00e4\u00e4n my\u00f6s omaa opetusta, joka perehdytt\u00e4\u00e4 kirkon el\u00e4m\u00e4\u00e4n ja perinteeseen. Lukuvuoden aikana j\u00e4rjestet\u00e4\u00e4n vierailuluentoja, seminaari-iltoja sek\u00e4 muita yhteisi\u00e4 [&hellip;]<\/p>\n","protected":false},"author":1,"featured_media":0,"parent":0,"menu_order":0,"comment_status":"closed","ping_status":"closed","template":"","meta":{"inline_featured_image":false,"jetpack_post_was_ever_published":false,"footnotes":""},"class_list":["post-19","page","type-page","status-publish","hentry"],"jetpack_shortlink":"https:\/\/wp.me\/P7k47p-j","jetpack_sharing_enabled":true,"_links":{"self":[{"href":"https:\/\/ort.fi\/seminaari\/index.php\/wp-json\/wp\/v2\/pages\/19","targetHints":{"allow":["GET"]}}],"collection":[{"href":"https:\/\/ort.fi\/seminaari\/index.php\/wp-json\/wp\/v2\/pages"}],"about":[{"href":"https:\/\/ort.fi\/seminaari\/index.php\/wp-json\/wp\/v2\/types\/page"}],"author":[{"embeddable":true,"href":"https:\/\/ort.fi\/seminaari\/index.php\/wp-json\/wp\/v2\/users\/1"}],"replies":[{"embeddable":true,"href":"https:\/\/ort.fi\/seminaari\/index.php\/wp-json\/wp\/v2\/comments?post=19"}],"version-history":[{"count":35,"href":"https:\/\/ort.fi\/seminaari\/index.php\/wp-json\/wp\/v2\/pages\/19\/revisions"}],"predecessor-version":[{"id":3799,"href":"https:\/\/ort.fi\/seminaari\/index.php\/wp-json\/wp\/v2\/pages\/19\/revisions\/3799"}],"wp:attachment":[{"href":"https:\/\/ort.fi\/seminaari\/index.php\/wp-json\/wp\/v2\/media?parent=19"}],"curies":[{"name":"wp","href":"https:\/\/api.w.org\/{rel}","templated":true}]}}