{"id":12,"date":"2016-02-07T10:18:13","date_gmt":"2016-02-07T10:18:13","guid":{"rendered":"http:\/\/kehitys.ort.fi\/seminaari\/?page_id=12"},"modified":"2017-01-16T17:13:02","modified_gmt":"2017-01-16T17:13:02","slug":"jumalanpalvelusaineisto","status":"publish","type":"page","link":"https:\/\/ort.fi\/seminaari\/index.php\/jumalanpalvelusaineisto\/","title":{"rendered":"Jumalanpalvelusaineisto"},"content":{"rendered":"<div>\n<span class=\"collapseomatic \" id=\"id69de4e88a5bab\"  tabindex=\"0\" title=\"Yleisi\u00e4 ohjeita\"    >Yleisi\u00e4 ohjeita<\/span><div id=\"target-id69de4e88a5bab\" class=\"collapseomatic_content \">\n<a href=\"\/seminaari\/wp-content\/uploads\/2016\/03\/LITURGISET-KIRJAT2.pdf\">Liturgisten kirjojen esittely<\/a><br \/>\n<a href=\"\/seminaari\/wp-content\/uploads\/2016\/03\/JUMALALLISEN-LITURGIAN-J\u00c4RJESTYS.pdf\">Liturgian rakenne ja sis\u00e4lt\u00f6<\/a><br \/>\n<a href=\"\/seminaari\/wp-content\/uploads\/2016\/03\/EHTOO-AAMUPALVELUS.pdf\">Ehtoo- ja aamupalvelusten rakenne ja sis\u00e4lt\u00f6<\/a><br \/>\n<a href=\"\/seminaari\/wp-content\/uploads\/2016\/03\/Ponomarin-toimintaohjeet_Seminaari_p\u00e4ivitetty.pdf\">Ponomarin toimintaohjeet<\/a><br \/>\n<\/div>\n<\/div>\n<div>\n<span class=\"collapseomatic \" id=\"id69de4e88a5c25\"  tabindex=\"0\" title=\"Jumalanpalvelustekstej\u00e4 (Psalmit Septuagintan mukaan)\"    >Jumalanpalvelustekstej\u00e4 (Psalmit Septuagintan mukaan)<\/span><div id=\"target-id69de4e88a5c25\" class=\"collapseomatic_content \">\n<a href=\"\/seminaari\/wp-content\/uploads\/2016\/03\/Lukijan-vihko-EP_1.pdf\">Ehtoopalveluksen kiinte\u00e4t tekstit<\/a><br \/>\n<a href=\"\/seminaari\/wp-content\/uploads\/2016\/03\/Lukijan-vihko-AP_1.pdf\">Aamupalveluksen kiinte\u00e4t tekstit<\/a><br \/>\n<a href=\"\/seminaari\/wp-content\/uploads\/2016\/03\/Lukijan-vihko_Pieni-Eht-J.pdf\">Pienen ehtoonj\u00e4lkeisen palveluksen kiinte\u00e4t tekstit<\/a><br \/>\n<a href=\"\/seminaari\/wp-content\/uploads\/2016\/03\/Lukijan-vihko_Hetket.pdf\">I, III, VI ja IX hetki<\/a><br \/>\n<a href=\"\/seminaari\/wp-content\/uploads\/2016\/03\/Kiitosrukoukset1.pdf\">Kiitosrukoukset ehtoollisen j\u00e4lkeen<\/a><br \/>\n<a href=\"\/seminaari\/wp-content\/uploads\/2016\/03\/Viikonp\u00e4ivien-eksapostilariot.pdf\">Viikonp\u00e4ivien eksapostilariot<\/a><br \/>\n<a href=\"\/seminaari\/wp-content\/uploads\/2016\/03\/JUMALANSYNNYTT\u00c4J\u00c4N-TROPARIT.pdf\">Jumalansynnytt\u00e4j\u00e4n arkip\u00e4ivien troparit<\/a><br \/>\n<a href=\"\/seminaari\/wp-content\/uploads\/2016\/03\/AAMUPALVELUKSEN-KANONIN-LIITELAUSELMAT2.pdf\">Kanonien liitelauselmat<\/a><br \/>\n<a href=\"\/seminaari\/wp-content\/uploads\/2016\/03\/Lukijan-paastovihko-EP.pdf\">Suuren paaston ehtoopalveluksen kiinte\u00e4t tekstit<\/a><br \/>\n<a href=\"\/seminaari\/wp-content\/uploads\/2016\/03\/Lukijan-paastovihko-AP.pdf\">Suuren paaston aamupalveluksen kiinte\u00e4t tekstit<\/a><br \/>\n<a href=\"\/seminaari\/wp-content\/uploads\/2016\/03\/marttyyritroparit.pdf\">Suuren paaston aamupalveluksen marttyyritroparit<\/a><br \/>\n<a href=\"\/seminaari\/wp-content\/uploads\/2016\/03\/Lukijan-paastovihko-EPL_0.pdf\">Suuren paaston 9. hetki, hetkipalvelus ja ennenpyhitettyjen lahjojen liturgia<\/a><br \/>\n<a href=\"\/seminaari\/wp-content\/uploads\/2016\/03\/MOLEBEN2.pdf\">Moleben eli rukouspalvelus<\/a><br \/>\n<\/div>\n<\/div>\n<div>\n<span class=\"collapseomatic \" id=\"id69de4e88a5c5c\"  tabindex=\"0\" title=\"Jumalanpalveluslauluaineistoa\"    >Jumalanpalveluslauluaineistoa<\/span><div id=\"target-id69de4e88a5c5c\" class=\"collapseomatic_content \">\n<a href=\"\/seminaari\/wp-content\/uploads\/2016\/03\/Kunnia.pdf\">Stikiiroiden &#8221;Kunnia&#8221; 8 s\u00e4velm\u00e4ll\u00e4<\/a><br \/>\n<a href=\"\/seminaari\/wp-content\/uploads\/2016\/03\/Nyt-aina.pdf\">Stikiiroiden &#8221;Nyt&#8221; 8 s\u00e4velm\u00e4ll\u00e4<\/a><br \/>\n<a href=\"\/seminaari\/wp-content\/uploads\/2016\/03\/Me-kiit\u00e4mme.pdf\">Kanonin &#8221;Me kiit\u00e4mme&#8221; 8 s\u00e4velm\u00e4ll\u00e4<\/a><br \/>\n<a href=\"\/seminaari\/wp-content\/uploads\/2016\/03\/Suuren-paaston-ekteniat.pdf\">Suuren paaston ektenias\u00e4velm\u00e4t)<\/a><br \/>\n<a href=\"\/seminaari\/wp-content\/uploads\/2016\/03\/Halleluja_troparis\u00e4velm\u00e4t.pdf\">Suuren paaston hallelujat (troparis\u00e4velm\u00e4t)<\/a><br \/>\n<a href=\"\/seminaari\/wp-content\/uploads\/2016\/03\/Kolminaisuustroparit-kuorolle.pdf\">Suuren paaston kolminaisuustroparit<\/a><br \/>\n<a href=\"\/seminaari\/wp-content\/uploads\/2016\/03\/Kolminaisuustroparit.pdf\">Suuren paaston hallelujat ja kolminaisuustroparit (znamennyj-s\u00e4velm\u00e4)<\/a><br \/>\n<a href=\"\/seminaari\/wp-content\/uploads\/2016\/03\/Hautauss\u00e4keet.pdf\">Psalmi 119 ja hautauss\u00e4keet suuren lauantain aamupalveluksessa (korjattu Septuagintaan)<\/a><br \/>\n<a href=\"\/seminaari\/wp-content\/uploads\/2016\/03\/Pieni-ylistysveisu-pt-Sergei-ja-Herman-Valamolaisille.pdf\">Pieni ylistysveisu Sergei ja Herman Valamolaiselle (valamol. s\u00e4v.)<\/a><br \/>\n<a href=\"\/seminaari\/wp-content\/uploads\/2016\/03\/Karjalan-valist-ylistysv.pdf\">Pieni ylistysveisu Karjalan valistajille (valamol. s\u00e4v.)<\/a><br \/>\n<a href=\"\/seminaari\/wp-content\/uploads\/2016\/03\/Virrelm\u00e4stikiira-Karjalan-valistajille.pdf\">Virrelm\u00e4stikiira Karjalan valistajille (valamol. s\u00e4v.)<\/a><br \/>\n<a href=\"\/seminaari\/wp-content\/uploads\/2016\/03\/Pienet-ylistysveisut.pdf\">Pienet ylistysveisut (melodia, papiston k\u00e4ytt\u00f6\u00f6n)<\/a><br \/>\n<\/div>\n<\/div>\n<div>\n<span class=\"collapseomatic \" id=\"id69de4e88a5c8d\"  tabindex=\"0\" title=\"Jumalanpalvelusten kaavoja ja ohjeita\"    >Jumalanpalvelusten kaavoja ja ohjeita<\/span><div id=\"target-id69de4e88a5c8d\" class=\"collapseomatic_content \">\n<h4>Taulukot (peruskaavat)<\/h4>\n<p><a href=\"\/seminaari\/wp-content\/uploads\/2016\/03\/LITURGIAN-TROPARIT-JA-KONTAKIT.pdf\">Troparit ja kontakit liturgiassa<\/a><br \/>\n<a href=\"\/seminaari\/wp-content\/uploads\/2016\/03\/EHTOOPALVELUKSEN-KAAVA-ERITASOISINA-MUISTOINA.pdf\">Vertaileva taulukko: ehtoopalvelus eritasoisina muistoina<\/a><br \/>\n<a href=\"\/seminaari\/wp-content\/uploads\/2016\/03\/AAMUPALVELUKSEN-KAAVA-ERITASOISINA-MUISTOINA.pdf\">Vertaileva taulukko: aamupalvelus eritasoisina muistoina<\/a><br \/>\n<a href=\"\/seminaari\/wp-content\/uploads\/2016\/03\/VIGILIAN-VERTAILUTAULUKKO.pdf\">Vertaileva taulukko: sunnuntaivigilia ja juhlavigilia<\/a><br \/>\n<a href=\"\/seminaari\/wp-content\/uploads\/2016\/03\/TAULUKKO-SUNNUNTAI-MINEA.pdf\">Vertaileva taulukko: liturgiset tekstit (Minea, Oktoekhos) sunnuntaivigiliassa<\/a><\/p>\n<h4>Arkip\u00e4iv\u00e4n, juhlan ja juhlakausien palvelukset<\/h4>\n<p><a href=\"\/seminaari\/wp-content\/uploads\/2016\/03\/ARJEN-PALVELUKSET-MERKIT\u00d6N_0.pdf\">Arkip\u00e4iv\u00e4n palvelukset (merkit\u00f6n muisto, alin taso)<\/a><br \/>\n<a href=\"\/seminaari\/wp-content\/uploads\/2016\/03\/ARJEN-PALVELUKSET-6-STIKIIRAA_1.pdf\">Arkip\u00e4iv\u00e4n palvelukset (6 stikiiraa)<\/a><br \/>\n<a href=\"\/seminaari\/wp-content\/uploads\/2016\/03\/SUUREN-YLISTYSVEISUN-PALVELUKSET_1.pdf\">Arkip\u00e4iv\u00e4n palvelukset (suuri ylistysveisu lauletaan)<\/a><br \/>\n<a href=\"\/seminaari\/wp-content\/uploads\/2016\/03\/POLYELEOJUHLAN-PALVELUKSET_0_0.pdf\">Polyeleojuhlan palvelukset<\/a><br \/>\n<a href=\"\/seminaari\/wp-content\/uploads\/2016\/03\/Temppelijuhla-tai-suuri-pyh\u00e4_0.pdf\">Suuren juhlan tai pyh\u00e4n palvelukset, temppelijuhla (vigilia)<\/a><br \/>\n<a href=\"\/seminaari\/wp-content\/uploads\/2016\/03\/ARJEN-PALVELUKSET-ESI-J\u00c4LKIJUHLINA_0_0.pdf\">Arkip\u00e4iv\u00e4n palvelukset esi- ja j\u00e4lkijuhlan aikana<\/a><br \/>\n<a href=\"\/seminaari\/wp-content\/uploads\/2016\/03\/JUHLAN-PALVELUKSET-ESI-J\u00c4LKIJUHLINA_0_0.pdf\">Polyeleojuhlan tai temppelijuhlan palvelukset esi- ja j\u00e4lkijuhlan aikana<\/a><br \/>\n<a href=\"\/seminaari\/wp-content\/uploads\/2016\/03\/PALVELUKSET-P\u00c4\u00c4T\u00d6SJUHLANA_0_0.pdf\">Suuren juhlan p\u00e4\u00e4t\u00f6spalvelukset<\/a><\/p>\n<h4>Jumalanpalvelukset lauantaisin<\/h4>\n<p><a href=\"\/seminaari\/wp-content\/uploads\/2016\/03\/Arkilauantai.pdf\">Arkilauantain palvelukset<\/a><br \/>\n<a href=\"\/seminaari\/wp-content\/uploads\/2016\/03\/Vainajien-muistolauantai.pdf\">Vainajien muiston viett\u00e4minen lauantaisin<\/a><\/p>\n<h4>Jumalanpalvelukset sunnuntaisin<\/h4>\n<p><a href=\"\/seminaari\/wp-content\/uploads\/2016\/03\/JUHLAPALVELUKSET-OSUESSAAN-SUNNUNTAILLE_3_0.pdf\">Juhlapalvelukset (polyeleo, vigilia, temppelijuhla, suuri juhla) osuessaan sunnuntaille<\/a><br \/>\n<a href=\"\/seminaari\/wp-content\/uploads\/2016\/03\/SUNNUNTAIN-PALVELUKSET-EI-JUHLAA_0.pdf\">Sunnuntain palvelukset (ei juhlaa)<\/a><\/p>\n<h4>Suuren paaston ja p\u00e4\u00e4si\u00e4iskauden palvelukset<\/h4>\n<p><a href=\"\/seminaari\/wp-content\/uploads\/2016\/03\/LASKIAISVIIKKO.pdf\">Laskiaisviikon ehtoo- ja aamupalvelukset<\/a><br \/>\n<a href=\"\/seminaari\/wp-content\/uploads\/2016\/03\/PAASTON-PALVELUKSET.pdf\">Suuren paaston ehtoo- ja aamupalvelus<\/a><br \/>\n<a href=\"\/seminaari\/wp-content\/uploads\/2016\/03\/Hetket-ja-EPL.pdf\">Paaston hetket ja ennen pyhitettyjen lahjojen liturgia<\/a><br \/>\n<a href=\"\/seminaari\/wp-content\/uploads\/2016\/03\/T\u00c4SMENNYKSI\u00c4-SUUREN-VIIKON-JUMALANPALVELUKSIIN.pdf\">T\u00e4smennyksi\u00e4 suuren viikon palveluksiin (&#8221;Otteita suuren paaston jumalanpalveluksista&#8221; pohjalta)<\/a><br \/>\n<a href=\"\/seminaari\/wp-content\/uploads\/2016\/03\/P\u00c4\u00c4SI\u00c4ISKAUDEN-ARKIP\u00c4IV\u00c4T.pdf\">P\u00e4\u00e4si\u00e4iskauden arkip\u00e4iv\u00e4n palvelukset<\/a><br \/>\n<a href=\"\/seminaari\/wp-content\/uploads\/2016\/03\/P\u00c4\u00c4SI\u00c4ISEN-KESKIJUHLA.pdf\">P\u00e4\u00e4si\u00e4isen keskijuhlan palvelukset<\/a><\/p>\n<h4>Erikoisuuksia<\/h4>\n<p><a href=\"\/seminaari\/wp-content\/uploads\/2016\/03\/Piispalliset_ohjeet.pdf\">Piispallisten palvelusten ohjeita<\/a><br \/>\n<a href=\"\/seminaari\/wp-content\/uploads\/2016\/03\/RISTIN-P\u00c4\u00c4T\u00d6SJUHLA-SUNNUNTAINA_0.pdf\">Ristin ylent\u00e4misen p\u00e4\u00e4t\u00f6sjuhla osuessaan sunnuntaille<\/a><br \/>\n<a href=\"\/seminaari\/wp-content\/uploads\/2016\/03\/Ilmestys-Ristin-viikon-tiistaina.pdf\">Neitsyt Marian ilmestys osuessaan ristinkumartamisen viikon tiistaille<\/a><br \/>\n<\/div>\n<\/div>\n<h3>L\u00e4hteet<\/h3>\n<p>Archimandrite Job Getcha: The Typikon Decoded (St Vladimir&#8217;s Seminary Press 2012)<br \/>\n\u0422\u0438\u043f\u0438\u043a\u043e\u043d\u044a \u0441\u0438\u0435\u0441\u0442\u044c \u0423\u0441\u0442\u0430\u0432\u044a (\u0418\u0437\u0434\u0430\u0442\u0435\u043b\u044c\u0441\u043a\u0438\u0439 \u0421\u043e\u0432\u0435\u0442 \u0420\u0443\u0441\u0441\u043a\u043e\u0439 \u041f\u0440\u0430\u0432\u043e\u0441\u043b\u0430\u0432\u043d\u043e\u0439 \u0426\u0435\u0440\u043a\u0432\u0438 2002)<br \/>\n\u041d\u0430\u0441\u0442\u043e\u043b\u044c\u043d\u0430\u044f \u043a\u043d\u0438\u0433\u0430 \u0441\u0432\u044f\u0449\u0435\u043d\u043d\u043e\u0441\u043b\u0443\u0436\u0438\u0442\u0435\u043b\u044f, \u0442. 1, 4 (\u0418\u0437\u0434\u0430\u0442\u0435\u043b\u044c\u0441\u043a\u0438\u0439 \u043e\u0442\u0434\u0435\u043b \u041c\u043e\u0441\u043a\u043e\u0432\u0441\u043a\u043e\u0433\u043e \u041f\u0430\u0442\u0440\u0438\u0430\u0440\u0445\u0430\u0442\u0430)<\/p>\n","protected":false},"excerpt":{"rendered":"<p>L\u00e4hteet Archimandrite Job Getcha: The Typikon Decoded (St Vladimir&#8217;s Seminary Press 2012) \u0422\u0438\u043f\u0438\u043a\u043e\u043d\u044a \u0441\u0438\u0435\u0441\u0442\u044c \u0423\u0441\u0442\u0430\u0432\u044a (\u0418\u0437\u0434\u0430\u0442\u0435\u043b\u044c\u0441\u043a\u0438\u0439 \u0421\u043e\u0432\u0435\u0442 \u0420\u0443\u0441\u0441\u043a\u043e\u0439 \u041f\u0440\u0430\u0432\u043e\u0441\u043b\u0430\u0432\u043d\u043e\u0439 \u0426\u0435\u0440\u043a\u0432\u0438 2002) \u041d\u0430\u0441\u0442\u043e\u043b\u044c\u043d\u0430\u044f \u043a\u043d\u0438\u0433\u0430 \u0441\u0432\u044f\u0449\u0435\u043d\u043d\u043e\u0441\u043b\u0443\u0436\u0438\u0442\u0435\u043b\u044f, \u0442. 1, 4 (\u0418\u0437\u0434\u0430\u0442\u0435\u043b\u044c\u0441\u043a\u0438\u0439 \u043e\u0442\u0434\u0435\u043b \u041c\u043e\u0441\u043a\u043e\u0432\u0441\u043a\u043e\u0433\u043e \u041f\u0430\u0442\u0440\u0438\u0430\u0440\u0445\u0430\u0442\u0430)<\/p>\n","protected":false},"author":1,"featured_media":0,"parent":0,"menu_order":0,"comment_status":"closed","ping_status":"closed","template":"","meta":{"inline_featured_image":false,"jetpack_post_was_ever_published":false,"footnotes":""},"class_list":["post-12","page","type-page","status-publish","hentry"],"jetpack_shortlink":"https:\/\/wp.me\/P7k47p-c","jetpack_sharing_enabled":true,"_links":{"self":[{"href":"https:\/\/ort.fi\/seminaari\/index.php\/wp-json\/wp\/v2\/pages\/12","targetHints":{"allow":["GET"]}}],"collection":[{"href":"https:\/\/ort.fi\/seminaari\/index.php\/wp-json\/wp\/v2\/pages"}],"about":[{"href":"https:\/\/ort.fi\/seminaari\/index.php\/wp-json\/wp\/v2\/types\/page"}],"author":[{"embeddable":true,"href":"https:\/\/ort.fi\/seminaari\/index.php\/wp-json\/wp\/v2\/users\/1"}],"replies":[{"embeddable":true,"href":"https:\/\/ort.fi\/seminaari\/index.php\/wp-json\/wp\/v2\/comments?post=12"}],"version-history":[{"count":71,"href":"https:\/\/ort.fi\/seminaari\/index.php\/wp-json\/wp\/v2\/pages\/12\/revisions"}],"predecessor-version":[{"id":1037,"href":"https:\/\/ort.fi\/seminaari\/index.php\/wp-json\/wp\/v2\/pages\/12\/revisions\/1037"}],"wp:attachment":[{"href":"https:\/\/ort.fi\/seminaari\/index.php\/wp-json\/wp\/v2\/media?parent=12"}],"curies":[{"name":"wp","href":"https:\/\/api.w.org\/{rel}","templated":true}]}}