{"id":857,"date":"2024-09-04T17:53:16","date_gmt":"2024-09-04T14:53:16","guid":{"rendered":"https:\/\/ort.fi\/oulunhiippakunta\/?page_id=857"},"modified":"2025-07-09T15:23:33","modified_gmt":"2025-07-09T12:23:33","slug":"yhteystiedot","status":"publish","type":"page","link":"https:\/\/ort.fi\/oulunhiippakunta\/yhteystiedot\/","title":{"rendered":"YHTEYSTIEDOT"},"content":{"rendered":"\t\t<div data-elementor-type=\"wp-page\" data-elementor-id=\"857\" class=\"elementor elementor-857\" data-elementor-post-type=\"page\">\n\t\t\t\t<div class=\"elementor-element elementor-element-4c295d4 e-flex e-con-boxed e-con e-parent\" data-id=\"4c295d4\" data-element_type=\"container\" data-e-type=\"container\">\n\t\t\t\t\t<div class=\"e-con-inner\">\n\t\t\t\t<div class=\"elementor-element elementor-element-3007ffa elementor-widget elementor-widget-text-editor\" data-id=\"3007ffa\" data-element_type=\"widget\" data-e-type=\"widget\" data-widget_type=\"text-editor.default\">\n\t\t\t\t<div class=\"elementor-widget-container\">\n\t\t\t\t\t\t\t\t\t<p>OULUN METROPOLIITAN KANSLIA<\/p><p>Nummikatu 30 B 16, 90100 Oulu<br \/>040 861 8412<br \/>(ke-pe 10-16)<br \/>oulun.hiippakunta@ort.fi<\/p><p>Haminan piispa Sergei\u200b<br \/>Oulun metropoliitan teht\u00e4vien hoitaja<br \/>puh. 040 566 6642<br \/>piispa.sergei@ort.fi<\/p><p>Jorma H\u00e4kkinen<br \/>Hiippakuntasihteeri, ylidiakoni<br \/>040 861 8412<br \/>jorma.hakkinen@ort.fi<\/p><p>Hiippakunnan p\u00e4ivyst\u00e4v\u00e4n papin numero: p. 045 225 7002 (ei tekstiviestej\u00e4)<\/p><p>Virkatodistukset tilataan <a href=\"https:\/\/ort.fi\/kirkon-keskusrekisteri\/\" target=\"_blank\" rel=\"noopener\">keskusrekisterist\u00e4<\/a><br \/>p. 040 358 3625<\/p><p>HIIPPAKUNTAKAPPELI<\/p><p>Pyhitetty pyhien Basileios Suuren, Johannes Krysostomoksen ja Gregorios Teologin muistolle<\/p><p>Nummikatu 30 B 17, 90100 Oulu<\/p><p>Kappelin jumalanpalveluksista tiedotetaan etusivulla.<\/p><p>Linkit:<\/p><p><a href=\"https:\/\/www.pohjoissuomenortodoksinenseurakunta.fi\" target=\"_blank\" rel=\"noopener\">Pohjois-Suomen ortodoksinen seurakunta<\/a><\/p><p><a href=\"https:\/\/www.ortlappi.fi\/\" target=\"_blank\" rel=\"noopener\">Lapin kappeliseurakunta<\/a><\/p><p><a href=\"https:\/\/www.ort.fi\/kajaani\/\" target=\"_blank\" rel=\"noopener\">Kainuun kappeliseurakunta<\/a><\/p><p><a href=\"https:\/\/www.tampereort.fi\" target=\"_blank\" rel=\"noopener\">Tampereen ortodoksinen seurakunta<\/a><\/p><p><a href=\"https:\/\/www.vaasaort.com\" target=\"_blank\" rel=\"noopener\">Vaasan kappeliseurakunta<\/a><\/p><div><p><a href=\"https:\/\/ort.fi\/\" target=\"_blank\" rel=\"noopener\">Suomen ortodoksinen kirkko<\/a><\/p><p><a href=\"https:\/\/ec-patr.org\/en\/home\/\" target=\"_blank\" rel=\"noopener\">Ekumeeninen patriarkaatti<\/a><\/p><p><a href=\"https:\/\/filantropia.fi\" target=\"_blank\" rel=\"noopener\">Filantropia ry<\/a><\/p><p><a href=\"https:\/\/onl.fi\/\" target=\"_blank\" rel=\"noopener\">Ortodoksisten Nuorten Liitto<\/a><\/p><\/div><p><a href=\"https:\/\/pshv.fi\" target=\"_blank\" rel=\"noopener\">Pyhien Sergein ja Hermanin Veljeskunta<\/a><\/p>\t\t\t\t\t\t\t\t<\/div>\n\t\t\t\t<\/div>\n\t\t\t\t\t<\/div>\n\t\t\t\t<\/div>\n\t\t\t\t<\/div>\n\t\t","protected":false},"excerpt":{"rendered":"<p>OULUN METROPOLIITAN KANSLIA Nummikatu 30 B 16, 90100 Oulu040 861 8412(ke-pe 10-16)oulun.hiippakunta@ort.fi Haminan piispa Sergei\u200bOulun metropoliitan teht\u00e4vien hoitajapuh. 040 566 6642piispa.sergei@ort.fi Jorma H\u00e4kkinenHiippakuntasihteeri, ylidiakoni040 861 8412jorma.hakkinen@ort.fi Hiippakunnan p\u00e4ivyst\u00e4v\u00e4n papin numero: p. 045 225 7002 (ei tekstiviestej\u00e4) Virkatodistukset tilataan keskusrekisterist\u00e4p. 040 358 3625 HIIPPAKUNTAKAPPELI Pyhitetty pyhien Basileios Suuren, Johannes Krysostomoksen ja Gregorios Teologin muistolle Nummikatu 30 [&hellip;]<\/p>\n","protected":false},"author":1,"featured_media":0,"parent":0,"menu_order":0,"comment_status":"closed","ping_status":"closed","template":"","meta":{"footnotes":""},"class_list":["post-857","page","type-page","status-publish","hentry"],"_links":{"self":[{"href":"https:\/\/ort.fi\/oulunhiippakunta\/wp-json\/wp\/v2\/pages\/857","targetHints":{"allow":["GET"]}}],"collection":[{"href":"https:\/\/ort.fi\/oulunhiippakunta\/wp-json\/wp\/v2\/pages"}],"about":[{"href":"https:\/\/ort.fi\/oulunhiippakunta\/wp-json\/wp\/v2\/types\/page"}],"author":[{"embeddable":true,"href":"https:\/\/ort.fi\/oulunhiippakunta\/wp-json\/wp\/v2\/users\/1"}],"replies":[{"embeddable":true,"href":"https:\/\/ort.fi\/oulunhiippakunta\/wp-json\/wp\/v2\/comments?post=857"}],"version-history":[{"count":37,"href":"https:\/\/ort.fi\/oulunhiippakunta\/wp-json\/wp\/v2\/pages\/857\/revisions"}],"predecessor-version":[{"id":1931,"href":"https:\/\/ort.fi\/oulunhiippakunta\/wp-json\/wp\/v2\/pages\/857\/revisions\/1931"}],"wp:attachment":[{"href":"https:\/\/ort.fi\/oulunhiippakunta\/wp-json\/wp\/v2\/media?parent=857"}],"curies":[{"name":"wp","href":"https:\/\/api.w.org\/{rel}","templated":true}]}}