{"id":253,"date":"2024-08-29T02:17:26","date_gmt":"2024-08-28T23:17:26","guid":{"rendered":"https:\/\/ort.fi\/oulunhiippakunta\/?page_id=253"},"modified":"2024-08-29T02:26:02","modified_gmt":"2024-08-28T23:26:02","slug":"uleaborgs-ortodoxa-stift","status":"publish","type":"page","link":"https:\/\/ort.fi\/oulunhiippakunta\/uleaborgs-ortodoxa-stift\/","title":{"rendered":"Ule\u00e5borgs ortodoxa stift"},"content":{"rendered":"\t\t<div data-elementor-type=\"wp-page\" data-elementor-id=\"253\" class=\"elementor elementor-253\" data-elementor-post-type=\"page\">\n\t\t\t\t<div class=\"elementor-element elementor-element-c846a44 e-flex e-con-boxed e-con e-parent\" data-id=\"c846a44\" data-element_type=\"container\" data-e-type=\"container\">\n\t\t\t\t\t<div class=\"e-con-inner\">\n\t\t\t\t<div class=\"elementor-element elementor-element-cccc549 elementor-widget elementor-widget-text-editor\" data-id=\"cccc549\" data-element_type=\"widget\" data-e-type=\"widget\" data-widget_type=\"text-editor.default\">\n\t\t\t\t<div class=\"elementor-widget-container\">\n\t\t\t\t\t\t\t\t\t<div id=\"comp-jruiy39q\" class=\"HcOXKn SxM0TO QxJLC3 lq2cno comp-jruiy39q wixui-rich-text\" data-testid=\"richTextElement\"><p class=\"font_5 wixui-rich-text__text\"><span class=\"wixui-rich-text__text\"><span class=\"color_36 wixui-rich-text__text\">Ule\u00e5borgs ortodoxa stift grundades \u00e5r 1980. De andliga r\u00f6tterna g\u00e5r \u00e4nd\u00e5 mycket l\u00e4ngre tillbaka i historien, till kontakterna med Novgorod och via det till ortodoxin fr\u00e5n Bysans. Den heliga Trifon av Petsamo \u00e4r skyddshelgon f\u00f6r nuvarande Ule\u00e5borgs ortodoxa stift.<\/span><\/span><\/p><p class=\"font_5 wixui-rich-text__text\"><br class=\"wixui-rich-text__text\" \/><span class=\"wixui-rich-text__text\"><span class=\"color_36 wixui-rich-text__text\">Stiftet str\u00e4cker sig geografiskt \u00f6ver hela \u00d6sterbotten, Kajanaland och Lappland. Medlemmarna i de fyra f\u00f6rsamlingarna &#8211; Kajana, Lappland, Ule\u00e5borg och fr\u00e4mst av folk som under krigen deporterats och evakuerats fr\u00e5n Karelen och Petsamo. Vasa f\u00f6rsamlings historia b\u00f6rjar d\u00e4remot redan under den konstitutionella tiden i Finland, allts\u00e5 senare halvan av 1800-talet.<\/span><\/span><br class=\"wixui-rich-text__text\" \/>\u00a0<\/p><p class=\"font_5 wixui-rich-text__text\"><span class=\"wixui-rich-text__text\"><span class=\"color_36 wixui-rich-text__text\">F\u00f6r tillf\u00e4llet bildar f\u00f6rsamlingarna i Ule\u00e5borgs stift en levande, m\u00e5ngsidig helhet. Avsikten med en gemensam strategi \u00e4r att bevara och utveckla f\u00f6rsamlingarnas goda sammanh\u00e5llning, gemensamma verksamhet och medlemmarnas aktivitet ocks\u00e5 f\u00f6r de behov som framtiden f\u00f6r med sig. Stiftets arbete leds och koordineras av biskopen tillsammans med stiftssekreteraren.<\/span><\/span><\/p><\/div>\t\t\t\t\t\t\t\t<\/div>\n\t\t\t\t<\/div>\n\t\t\t\t\t<\/div>\n\t\t\t\t<\/div>\n\t\t\t\t<\/div>\n\t\t","protected":false},"excerpt":{"rendered":"<p>Ule\u00e5borgs ortodoxa stift grundades \u00e5r 1980. De andliga r\u00f6tterna g\u00e5r \u00e4nd\u00e5 mycket l\u00e4ngre tillbaka i historien, till kontakterna med Novgorod och via det till ortodoxin fr\u00e5n Bysans. Den heliga Trifon av Petsamo \u00e4r skyddshelgon f\u00f6r nuvarande Ule\u00e5borgs ortodoxa stift. Stiftet str\u00e4cker sig geografiskt \u00f6ver hela \u00d6sterbotten, Kajanaland och Lappland. Medlemmarna i de fyra f\u00f6rsamlingarna &#8211; [&hellip;]<\/p>\n","protected":false},"author":1,"featured_media":0,"parent":0,"menu_order":0,"comment_status":"closed","ping_status":"closed","template":"","meta":{"footnotes":""},"class_list":["post-253","page","type-page","status-publish","hentry"],"_links":{"self":[{"href":"https:\/\/ort.fi\/oulunhiippakunta\/wp-json\/wp\/v2\/pages\/253","targetHints":{"allow":["GET"]}}],"collection":[{"href":"https:\/\/ort.fi\/oulunhiippakunta\/wp-json\/wp\/v2\/pages"}],"about":[{"href":"https:\/\/ort.fi\/oulunhiippakunta\/wp-json\/wp\/v2\/types\/page"}],"author":[{"embeddable":true,"href":"https:\/\/ort.fi\/oulunhiippakunta\/wp-json\/wp\/v2\/users\/1"}],"replies":[{"embeddable":true,"href":"https:\/\/ort.fi\/oulunhiippakunta\/wp-json\/wp\/v2\/comments?post=253"}],"version-history":[{"count":7,"href":"https:\/\/ort.fi\/oulunhiippakunta\/wp-json\/wp\/v2\/pages\/253\/revisions"}],"predecessor-version":[{"id":281,"href":"https:\/\/ort.fi\/oulunhiippakunta\/wp-json\/wp\/v2\/pages\/253\/revisions\/281"}],"wp:attachment":[{"href":"https:\/\/ort.fi\/oulunhiippakunta\/wp-json\/wp\/v2\/media?parent=253"}],"curies":[{"name":"wp","href":"https:\/\/api.w.org\/{rel}","templated":true}]}}