{"id":2061,"date":"2025-09-16T12:45:14","date_gmt":"2025-09-16T09:45:14","guid":{"rendered":"https:\/\/ort.fi\/oulunhiippakunta\/?page_id=2061"},"modified":"2025-09-16T13:35:24","modified_gmt":"2025-09-16T10:35:24","slug":"saavutettavuusseloste","status":"publish","type":"page","link":"https:\/\/ort.fi\/oulunhiippakunta\/saavutettavuusseloste\/","title":{"rendered":"Saavutettavuusseloste"},"content":{"rendered":"\t\t<div data-elementor-type=\"wp-page\" data-elementor-id=\"2061\" class=\"elementor elementor-2061\" data-elementor-post-type=\"page\">\n\t\t\t\t<div class=\"elementor-element elementor-element-45b7ca3 e-flex e-con-boxed e-con e-parent\" data-id=\"45b7ca3\" data-element_type=\"container\" data-e-type=\"container\">\n\t\t\t\t\t<div class=\"e-con-inner\">\n\t\t\t\t<div class=\"elementor-element elementor-element-d61a0b8 elementor-widget elementor-widget-heading\" data-id=\"d61a0b8\" data-element_type=\"widget\" data-e-type=\"widget\" data-widget_type=\"heading.default\">\n\t\t\t\t<div class=\"elementor-widget-container\">\n\t\t\t\t\t<h1 class=\"elementor-heading-title elementor-size-default\">Saavutettavuusseloste<\/h1>\t\t\t\t<\/div>\n\t\t\t\t<\/div>\n\t\t\t\t\t<\/div>\n\t\t\t\t<\/div>\n\t\t<div class=\"elementor-element elementor-element-7ab657e e-flex e-con-boxed e-con e-parent\" data-id=\"7ab657e\" data-element_type=\"container\" data-e-type=\"container\">\n\t\t\t\t\t<div class=\"e-con-inner\">\n\t\t\t\t<div class=\"elementor-element elementor-element-7be9561 elementor-widget elementor-widget-text-editor\" data-id=\"7be9561\" data-element_type=\"widget\" data-e-type=\"widget\" data-widget_type=\"text-editor.default\">\n\t\t\t\t<div class=\"elementor-widget-container\">\n\t\t\t\t\t\t\t\t\t<p>T\u00e4m\u00e4 saavutettavuusseloste koskee ort.fi\/oulunhiippakunta -sivustoa. Seloste on laadittu 16.9.2025 ja p\u00e4ivitetty viimeksi 16.9.2025. Palvelua koskee laki digitaalisten palvelujen tarjoamisesta, jossa edellytet\u00e4\u00e4n, ett\u00e4 julkisten verkkopalvelujen on oltava saavutettavia.<\/p><p>Olemme arvioineet palvelun saavutettavuuden itse.<\/p><p>Digipalvelun saavutettavuuden tila.<\/p><p>Ei saavutettava sis\u00e4lt\u00f6<\/p><p>3. Verkkosivusto ei ole viel\u00e4 kaikilta osin vaatimusten mukainen<\/p><p><strong>Havaittava: Audio- ja videotallenteiden tekstitys<\/strong><\/p><p>Saavuttamaton sis\u00e4lt\u00f6 ja sen puutteet<\/p><p><strong>Audio- ja videotallenteista ei ole tarjolla tekstityksi\u00e4 tai tekstivastineita.<\/strong><\/p><p>Saavutettavuusvaatimukset jotka eiv\u00e4t t\u00e4yty:<\/p><ul><li><ul><li>1.2.1 Pelkk\u00e4 audio tai pelkk\u00e4 video (tallennettu)<\/li><li>1.2.2 Tekstitys (tallennettu)<\/li><li>1.2.3 Kuvailutulkkaus tai mediavastine (tallennettu)<\/li><\/ul><\/li><\/ul><p>\u00a0<\/p><p><strong>Huomasitko saavutettavuuspuutteen digipalvelussamme? Kerro se meille, teemme parhaamme puutteen korjaamiseksi<\/strong><\/p><p>S\u00e4hk\u00f6postilla<\/p><p>Voit antaa palautetta s\u00e4hk\u00f6postitse osoitteeseen jorma.hakkinen@ort.fi<\/p><p>Valvontaviranomainen<\/p><p>Jos huomaat sivustolla saavutettavuusongelmia, anna ensin palautetta meille eli sivuston yll\u00e4pit\u00e4j\u00e4lle. Vastauksessa voi menn\u00e4 14 p\u00e4iv\u00e4\u00e4. Jos et ole tyytyv\u00e4inen saamaasi vastaukseen tai et saa vastausta lainkaan kahden viikon aikana, voit tehd\u00e4 <a href=\"https:\/\/www.saavutettavuusvaatimukset.fi\/fi\/kayttajan-oikeudet\/tee-saavutettavuuskantelu-tai-pyyda-selvitysta\" target=\"_blank\" rel=\"noopener\">ilmoituksen<\/a> Liikenne- ja viestint\u00e4virasto Traficomiin.<\/p><p>Saavutettavuusvalvonta on siirtynyt osaksi Liikenne- ja viestint\u00e4virasto Traficomia 1.1.2025.<\/p><p>Liikenne- ja viestint\u00e4virasto Traficomin sivulla kerrotaan tarkasti, miten ilmoituksen voi tehd\u00e4 ja miten asia k\u00e4sitell\u00e4\u00e4n.<\/p><p>Valvontaviranomaisen yhteystiedot<\/p><p>Liikenne- ja viestint\u00e4virasto Traficom<br \/>Digitaalisen esteett\u00f6myyden ja saavutettavuuden valvontayksikk\u00f6<br \/><a href=\"https:\/\/www.saavutettavuusvaatimukset.fi\" target=\"_blank\" rel=\"noopener\">www.saavutettavuusvaatimukset.fi<\/a><br \/>saavutettavuus(at)traficom.fi<br \/>puhelinnumero vaihde 029 534 5000<\/p><p>\u00a0<\/p><section><\/section><p>Teemme jatkuvasti ty\u00f6t\u00e4 saavutettavuuden parantamiseksi<\/p><p>Olemme sitoutuneet digipalveluiden saavutettavuuden parantamiseen<\/p><p>Saavutettavuus huomioidaan sivuston jatkokehityksess\u00e4. \u00c4\u00e4ni- ja videomateriaalin tekstityksi\u00e4 ja tekstivastineita tuotetaan sit\u00e4 mukaa kuin voimavaramme\u00a0sallivat.<\/p><p>Tarjoamme tukea k\u00e4ytt\u00e4jille joille digipalvelut eiv\u00e4t ole saavutettavissa<\/p><p>Tukea saa useilla tavoilla.<\/p><p>Puhelimitse:\u00a0 Jorma H\u00e4kkinen, hiippakuntasihteeri, 040 861 8412.<\/p><p>S\u00e4hk\u00f6postitse: jorma.hakkinen@ort.fi<\/p>\t\t\t\t\t\t\t\t<\/div>\n\t\t\t\t<\/div>\n\t\t\t\t\t<\/div>\n\t\t\t\t<\/div>\n\t\t\t\t<\/div>\n\t\t","protected":false},"excerpt":{"rendered":"<p>Saavutettavuusseloste T\u00e4m\u00e4 saavutettavuusseloste koskee ort.fi\/oulunhiippakunta -sivustoa. Seloste on laadittu 16.9.2025 ja p\u00e4ivitetty viimeksi 16.9.2025. Palvelua koskee laki digitaalisten palvelujen tarjoamisesta, jossa edellytet\u00e4\u00e4n, ett\u00e4 julkisten verkkopalvelujen on oltava saavutettavia. Olemme arvioineet palvelun saavutettavuuden itse. Digipalvelun saavutettavuuden tila. Ei saavutettava sis\u00e4lt\u00f6 3. Verkkosivusto ei ole viel\u00e4 kaikilta osin vaatimusten mukainen Havaittava: Audio- ja videotallenteiden tekstitys Saavuttamaton sis\u00e4lt\u00f6 [&hellip;]<\/p>\n","protected":false},"author":1,"featured_media":0,"parent":0,"menu_order":0,"comment_status":"closed","ping_status":"closed","template":"","meta":{"footnotes":""},"class_list":["post-2061","page","type-page","status-publish","hentry"],"_links":{"self":[{"href":"https:\/\/ort.fi\/oulunhiippakunta\/wp-json\/wp\/v2\/pages\/2061","targetHints":{"allow":["GET"]}}],"collection":[{"href":"https:\/\/ort.fi\/oulunhiippakunta\/wp-json\/wp\/v2\/pages"}],"about":[{"href":"https:\/\/ort.fi\/oulunhiippakunta\/wp-json\/wp\/v2\/types\/page"}],"author":[{"embeddable":true,"href":"https:\/\/ort.fi\/oulunhiippakunta\/wp-json\/wp\/v2\/users\/1"}],"replies":[{"embeddable":true,"href":"https:\/\/ort.fi\/oulunhiippakunta\/wp-json\/wp\/v2\/comments?post=2061"}],"version-history":[{"count":31,"href":"https:\/\/ort.fi\/oulunhiippakunta\/wp-json\/wp\/v2\/pages\/2061\/revisions"}],"predecessor-version":[{"id":2123,"href":"https:\/\/ort.fi\/oulunhiippakunta\/wp-json\/wp\/v2\/pages\/2061\/revisions\/2123"}],"wp:attachment":[{"href":"https:\/\/ort.fi\/oulunhiippakunta\/wp-json\/wp\/v2\/media?parent=2061"}],"curies":[{"name":"wp","href":"https:\/\/api.w.org\/{rel}","templated":true}]}}